{"id":17837,"date":"2025-09-07T13:34:29","date_gmt":"2025-09-07T11:34:29","guid":{"rendered":"https:\/\/mttw.at\/?page_id=17837"},"modified":"2025-09-11T14:24:25","modified_gmt":"2025-09-11T12:24:25","slug":"bodywork","status":"publish","type":"page","link":"https:\/\/mttw.at\/en\/bodywork\/","title":{"rendered":"Morning Bodywork &amp; Breakfast (internal)"},"content":{"rendered":"<div data-elementor-type=\"wp-page\" data-elementor-id=\"17837\" class=\"elementor elementor-17837\" data-elementor-post-type=\"page\">\n\t\t\t\t<div data-dce-background-color=\"#000000\" data-dce-background-overlay-color=\"#00000080\" data-dce-background-image-url=\"https:\/\/mttw.at\/wp-content\/uploads\/MTTW-2022-NIK_2075_exact_1200.jpg\" data-dce-background-overlay-image-url=\"https:\/\/mttw.at\/wp-content\/uploads\/Muster-3600-scaled.gif\" class=\"elementor-element elementor-element-2e7efd04 e-con-full e-flex e-con e-parent\" data-id=\"2e7efd04\" data-element_type=\"container\" data-e-type=\"container\" data-settings=\"{&quot;background_background&quot;:&quot;classic&quot;}\">\n\t\t<div class=\"elementor-element elementor-element-26b6dcf0 e-flex e-con-boxed e-con e-child\" data-id=\"26b6dcf0\" data-element_type=\"container\" data-e-type=\"container\" data-settings=\"{&quot;background_background&quot;:&quot;classic&quot;}\">\n\t\t\t\t\t<div class=\"e-con-inner\">\n\t\t\t\t<div data-dce-title-color=\"#FFFFFF\" class=\"elementor-element elementor-element-45d36dc2 animated-slow elementor-widget elementor-widget-heading\" data-id=\"45d36dc2\" data-element_type=\"widget\" data-e-type=\"widget\" data-settings=\"{&quot;_animation&quot;:&quot;none&quot;}\" data-widget_type=\"heading.default\">\n\t\t\t\t<div class=\"elementor-widget-container\">\n\t\t\t\t\t<h2 class=\"elementor-heading-title elementor-size-default\">Morning Bodywork &amp; Breakfast<\/h2>\t\t\t\t<\/div>\n\t\t\t\t<\/div>\n\t\t\t\t<div class=\"elementor-element elementor-element-760d2348 elementor-shape-square elementor-grid-1 elementor-widget__width-auto elementor-fixed e-grid-align-center elementor-widget elementor-widget-social-icons\" data-id=\"760d2348\" data-element_type=\"widget\" data-e-type=\"widget\" data-settings=\"{&quot;_position&quot;:&quot;fixed&quot;}\" data-widget_type=\"social-icons.default\">\n\t\t\t\t<div class=\"elementor-widget-container\">\n\t\t\t\t\t\t\t<div class=\"elementor-social-icons-wrapper elementor-grid\" role=\"list\">\n\t\t\t\t\t\t\t<span class=\"elementor-grid-item\" role=\"listitem\">\n\t\t\t\t\t<a class=\"elementor-icon elementor-social-icon elementor-social-icon-instagram elementor-repeater-item-f90d36f\" href=\"https:\/\/www.instagram.com\/musiktheatertage\/?hl=de\" target=\"_blank\">\n\t\t\t\t\t\t<span class=\"elementor-screen-only\">Instagram<\/span>\n\t\t\t\t\t\t<i aria-hidden=\"true\" class=\"fab fa-instagram\"><\/i>\t\t\t\t\t<\/a>\n\t\t\t\t<\/span>\n\t\t\t\t\t\t\t<span class=\"elementor-grid-item\" role=\"listitem\">\n\t\t\t\t\t<a class=\"elementor-icon elementor-social-icon elementor-social-icon-facebook-f elementor-repeater-item-63c08dc\" href=\"https:\/\/www.facebook.com\/Musiktheatertage\/\" target=\"_blank\">\n\t\t\t\t\t\t<span class=\"elementor-screen-only\">Facebook-f<\/span>\n\t\t\t\t\t\t<i aria-hidden=\"true\" class=\"fab fa-facebook-f\"><\/i>\t\t\t\t\t<\/a>\n\t\t\t\t<\/span>\n\t\t\t\t\t\t\t<span class=\"elementor-grid-item\" role=\"listitem\">\n\t\t\t\t\t<a class=\"elementor-icon elementor-social-icon elementor-social-icon-youtube elementor-repeater-item-90b4e82\" href=\"https:\/\/www.youtube.com\/channel\/UCPYNkeStbE-xNzkiFFltepg\" target=\"_blank\">\n\t\t\t\t\t\t<span class=\"elementor-screen-only\">Youtube<\/span>\n\t\t\t\t\t\t<i aria-hidden=\"true\" class=\"fab fa-youtube\"><\/i>\t\t\t\t\t<\/a>\n\t\t\t\t<\/span>\n\t\t\t\t\t<\/div>\n\t\t\t\t\t\t<\/div>\n\t\t\t\t<\/div>\n\t\t\t\t\t<\/div>\n\t\t\t\t<\/div>\n\t\t\t\t<\/div>\n\t\t\t\t<section class=\"elementor-section elementor-top-section elementor-element elementor-element-32dedfb elementor-section-boxed elementor-section-height-default elementor-section-height-default\" data-id=\"32dedfb\" data-element_type=\"section\" data-e-type=\"section\">\n\t\t\t\t\t\t<div class=\"elementor-container elementor-column-gap-default\">\n\t\t\t\t\t<div class=\"elementor-column elementor-col-100 elementor-top-column elementor-element elementor-element-da44888\" data-id=\"da44888\" data-element_type=\"column\" data-e-type=\"column\">\n\t\t\t<div class=\"elementor-widget-wrap elementor-element-populated\">\n\t\t\t\t\t\t<div class=\"elementor-element elementor-element-25b85c8 elementor-widget elementor-widget-text-editor\" data-id=\"25b85c8\" data-element_type=\"widget\" data-e-type=\"widget\" data-widget_type=\"text-editor.default\">\n\t\t\t\t<div class=\"elementor-widget-container\">\n\t\t\t\t\t\t\t\t\t<p data-start=\"184\" data-end=\"346\"><span style=\"color: #ff0000;\"><em data-start=\"1125\" data-end=\"1237\">Please note: This offer is aimed exclusively at the festival team and the invited artists.<\/em><\/span><\/p><p data-start=\"184\" data-end=\"346\">During the festival, we cordially invite all participating artists and team members to morning bodywork sessions followed by breakfast.<\/p><p data-start=\"348\" data-end=\"513\">The meetings offer a shared start to the day - with exercise, dialogue and small rituals designed by colleagues from the festival environment.<\/p><p data-start=\"46\" data-end=\"61\"><strong data-start=\"46\" data-end=\"59\">Programme:<\/strong><\/p><p data-start=\"63\" data-end=\"470\">Wed 17 Sept - Josefine Reich: Yoga<br data-start=\"94\" data-end=\"97\" \/>Thu 18 Sept - Samu Gryllus: Soundpainting<br data-start=\"135\" data-end=\"138\" \/>Fri 19 Sept - Sarah Vobr: Breathwork \u2192 Shaking meditation<br data-start=\"221\" data-end=\"224\" data-is-only-node=\"\" \/>Sun 21 Sept - Marion Mayer: Tai Chi<br data-start=\"256\" data-end=\"259\" \/>Mon 22 Sept - Josefine Reich: Yoga<br data-start=\"290\" data-end=\"293\" \/>Tue 23 Sept - Kamil Mrozowski: Stretching<br data-start=\"331\" data-end=\"334\" \/>Wed 24 Sept - Sarah Vobr: Breathwork<br data-start=\"367\" data-end=\"370\" \/>Thu 25 Sept - Marion Mayer: Tai Chi<br data-start=\"402\" data-end=\"405\" \/>Fri 26 Sept - Anna Knapp: Pilates<br data-start=\"435\" data-end=\"438\" \/>Sat 27 Sept - Anna Knapp: Pilates<\/p><p data-start=\"987\" data-end=\"1123\">We would be delighted if you came along in large numbers and took the opportunity to gather strength and energy together for the festival days.<\/p>\t\t\t\t\t\t\t\t<\/div>\n\t\t\t\t<\/div>\n\t\t\t\t\t<\/div>\n\t\t<\/div>\n\t\t\t\t\t<\/div>\n\t\t<\/section>\n\t\t\t\t<\/div>","protected":false},"excerpt":{"rendered":"<p>The project space at the WUK will become an open meeting place for newcomers on two festival days! Are you new to Vienna or studying? This format is aimed at young students, especially from the fields of theatre, music, cultural and media studies.<\/p>\n<p>In two themed lectures, we provide insights into the work of contemporary music theatre in Vienna and support you in taking your first steps into the Viennese music theatre scene!<\/p>","protected":false},"author":2,"featured_media":0,"parent":0,"menu_order":0,"comment_status":"closed","ping_status":"closed","template":"","meta":{"_acf_changed":false,"_seopress_robots_primary_cat":"","_seopress_titles_title":"%%post_title%% | %%sitetitle%%","_seopress_titles_desc":"\u00bbWhat\u2019s next?\u00ab ist ein Joint venture, um in den beteiligten europ\u00e4ischen L\u00e4ndern tempor\u00e4re Arbeitsr\u00e4ume f\u00fcr K\u00fcnstler\u2022innen zu schaffen.","_seopress_robots_index":"","_coblocks_attr":"","_coblocks_dimensions":"","_coblocks_responsive_height":"","_coblocks_accordion_ie_support":"","footnotes":""},"class_list":["post-17837","page","type-page","status-publish","hentry"],"blocksy_meta":{"styles_descriptor":{"styles":{"desktop":"","tablet":"","mobile":""},"google_fonts":[],"version":6}},"acf":[],"_links":{"self":[{"href":"https:\/\/mttw.at\/en\/wp-json\/wp\/v2\/pages\/17837","targetHints":{"allow":["GET"]}}],"collection":[{"href":"https:\/\/mttw.at\/en\/wp-json\/wp\/v2\/pages"}],"about":[{"href":"https:\/\/mttw.at\/en\/wp-json\/wp\/v2\/types\/page"}],"author":[{"embeddable":true,"href":"https:\/\/mttw.at\/en\/wp-json\/wp\/v2\/users\/2"}],"replies":[{"embeddable":true,"href":"https:\/\/mttw.at\/en\/wp-json\/wp\/v2\/comments?post=17837"}],"version-history":[{"count":0,"href":"https:\/\/mttw.at\/en\/wp-json\/wp\/v2\/pages\/17837\/revisions"}],"wp:attachment":[{"href":"https:\/\/mttw.at\/en\/wp-json\/wp\/v2\/media?parent=17837"}],"curies":[{"name":"wp","href":"https:\/\/api.w.org\/{rel}","templated":true}]}}