{"id":17919,"date":"2025-09-09T12:12:23","date_gmt":"2025-09-09T10:12:23","guid":{"rendered":"https:\/\/mttw.at\/?page_id=17919"},"modified":"2025-09-10T19:19:30","modified_gmt":"2025-09-10T17:19:30","slug":"club-mosaik","status":"publish","type":"page","link":"https:\/\/mttw.at\/en\/club-mosaik\/","title":{"rendered":"CLUB MOSAIK"},"content":{"rendered":"\t\t<div data-elementor-type=\"wp-page\" data-elementor-id=\"17919\" class=\"elementor elementor-17919\" data-elementor-post-type=\"page\">\n\t\t\t\t<div data-dce-background-color=\"#000000\" data-dce-background-overlay-color=\"#00000080\" data-dce-background-image-url=\"https:\/\/mttw.at\/wp-content\/uploads\/MTTW_keyvisual-100-scaled.jpg\" data-dce-background-overlay-image-url=\"https:\/\/mttw.at\/wp-content\/uploads\/Muster-3600-scaled.gif\" class=\"elementor-element elementor-element-8dba280 e-con-full e-flex e-con e-parent\" data-id=\"8dba280\" data-element_type=\"container\" data-e-type=\"container\" data-settings=\"{&quot;background_background&quot;:&quot;classic&quot;}\">\n\t\t<div class=\"elementor-element elementor-element-1930443 e-flex e-con-boxed e-con e-child\" data-id=\"1930443\" data-element_type=\"container\" data-e-type=\"container\" data-settings=\"{&quot;background_background&quot;:&quot;classic&quot;}\">\n\t\t\t\t\t<div class=\"e-con-inner\">\n\t\t\t\t<div class=\"elementor-element elementor-element-d693daa elementor-widget elementor-widget-spacer\" data-id=\"d693daa\" data-element_type=\"widget\" data-e-type=\"widget\" data-widget_type=\"spacer.default\">\n\t\t\t\t<div class=\"elementor-widget-container\">\n\t\t\t\t\t\t\t<div class=\"elementor-spacer\">\n\t\t\t<div class=\"elementor-spacer-inner\"><\/div>\n\t\t<\/div>\n\t\t\t\t\t\t<\/div>\n\t\t\t\t<\/div>\n\t\t\t\t<div class=\"elementor-element elementor-element-9fd13c1 animated-slow elementor-widget elementor-widget-heading\" data-id=\"9fd13c1\" data-element_type=\"widget\" data-e-type=\"widget\" data-settings=\"{&quot;_animation&quot;:&quot;none&quot;}\" data-widget_type=\"heading.default\">\n\t\t\t\t<div class=\"elementor-widget-container\">\n\t\t\t\t\t<h2 class=\"elementor-heading-title elementor-size-default\">Club Mosaik<\/h2>\t\t\t\t<\/div>\n\t\t\t\t<\/div>\n\t\t\t\t<div class=\"elementor-element elementor-element-7b618a6 elementor-shape-square elementor-grid-1 elementor-widget__width-auto elementor-fixed e-grid-align-center elementor-widget elementor-widget-social-icons\" data-id=\"7b618a6\" data-element_type=\"widget\" data-e-type=\"widget\" data-settings=\"{&quot;_position&quot;:&quot;fixed&quot;}\" data-widget_type=\"social-icons.default\">\n\t\t\t\t<div class=\"elementor-widget-container\">\n\t\t\t\t\t\t\t<div class=\"elementor-social-icons-wrapper elementor-grid\" role=\"list\">\n\t\t\t\t\t\t\t<span class=\"elementor-grid-item\" role=\"listitem\">\n\t\t\t\t\t<a class=\"elementor-icon elementor-social-icon elementor-social-icon-instagram elementor-repeater-item-f90d36f\" href=\"https:\/\/www.instagram.com\/musiktheatertage\/?hl=de\" target=\"_blank\">\n\t\t\t\t\t\t<span class=\"elementor-screen-only\">Instagram<\/span>\n\t\t\t\t\t\t<i aria-hidden=\"true\" class=\"fab fa-instagram\"><\/i>\t\t\t\t\t<\/a>\n\t\t\t\t<\/span>\n\t\t\t\t\t\t\t<span class=\"elementor-grid-item\" role=\"listitem\">\n\t\t\t\t\t<a class=\"elementor-icon elementor-social-icon elementor-social-icon-facebook-f elementor-repeater-item-63c08dc\" href=\"https:\/\/www.facebook.com\/Musiktheatertage\/\" target=\"_blank\">\n\t\t\t\t\t\t<span class=\"elementor-screen-only\">Facebook-f<\/span>\n\t\t\t\t\t\t<i aria-hidden=\"true\" class=\"fab fa-facebook-f\"><\/i>\t\t\t\t\t<\/a>\n\t\t\t\t<\/span>\n\t\t\t\t\t\t\t<span class=\"elementor-grid-item\" role=\"listitem\">\n\t\t\t\t\t<a class=\"elementor-icon elementor-social-icon elementor-social-icon-youtube elementor-repeater-item-90b4e82\" href=\"https:\/\/www.youtube.com\/channel\/UCPYNkeStbE-xNzkiFFltepg\" target=\"_blank\">\n\t\t\t\t\t\t<span class=\"elementor-screen-only\">Youtube<\/span>\n\t\t\t\t\t\t<i aria-hidden=\"true\" class=\"fab fa-youtube\"><\/i>\t\t\t\t\t<\/a>\n\t\t\t\t<\/span>\n\t\t\t\t\t<\/div>\n\t\t\t\t\t\t<\/div>\n\t\t\t\t<\/div>\n\t\t\t\t\t<\/div>\n\t\t\t\t<\/div>\n\t\t\t\t<\/div>\n\t\t<div class=\"elementor-element elementor-element-bed84df e-flex e-con-boxed e-con e-parent\" data-id=\"bed84df\" data-element_type=\"container\" data-e-type=\"container\">\n\t\t\t\t\t<div class=\"e-con-inner\">\n\t\t<div class=\"elementor-element elementor-element-7fda569 e-con-full e-flex e-con e-child\" data-id=\"7fda569\" data-element_type=\"container\" data-e-type=\"container\">\n\t\t\t\t<div class=\"elementor-element elementor-element-07da3e4 elementor-widget elementor-widget-text-editor\" data-id=\"07da3e4\" data-element_type=\"widget\" data-e-type=\"widget\" data-widget_type=\"text-editor.default\">\n\t\t\t\t<div class=\"elementor-widget-container\">\n\t\t\t\t\t\t\t\t\t<p>K\u00fcnstler:innen des Festivals sowie der zeitgen\u00f6ssischen Musikszene Wiens f\u00fcllen das Format mit experimentellen Kl\u00e4ngen, Gesten und \u00e4sthetischen \u00dcberraschungen \u2013 jenseits klassischer Auff\u00fchrungsformate. <span style=\"color: #eac636;\"><strong>CLUB MOSAIK<\/strong><\/span> bietet Raum f\u00fcr Begegnung und Austausch, l\u00e4dt zum informellen Ausklang des Festivaltags ein und erm\u00f6glicht Einblicke in k\u00fcnstlerische Prozesse.<\/p>\t\t\t\t\t\t\t\t<\/div>\n\t\t\t\t<\/div>\n\t\t\t\t<\/div>\n\t\t\t\t\t<\/div>\n\t\t\t\t<\/div>\n\t\t<div class=\"elementor-element elementor-element-3b421cc e-flex e-con-boxed e-con e-parent\" data-id=\"3b421cc\" data-element_type=\"container\" data-e-type=\"container\">\n\t\t\t\t\t<div class=\"e-con-inner\">\n\t\t<div class=\"elementor-element elementor-element-cfbffbe e-con-full e-flex e-con e-child\" data-id=\"cfbffbe\" data-element_type=\"container\" data-e-type=\"container\">\n\t\t\t\t<div data-dce-text-color=\"#000000\" class=\"elementor-element elementor-element-e8d4ce5 elementor-widget elementor-widget-text-editor\" data-id=\"e8d4ce5\" data-element_type=\"widget\" data-e-type=\"widget\" id=\"workshops\" data-widget_type=\"text-editor.default\">\n\t\t\t\t<div class=\"elementor-widget-container\">\n\t\t\t\t\t\t\t\t\t<h2><span style=\"color: #eac636;\"><strong>DAS CLUB MOSAIK PROGRAMM 2025<\/strong><\/span><\/h2><div>\u00a0<\/div><div><strong>im WUK Projektraum, W\u00e4hringer Str. 59, 1090 Wien<\/strong><\/div><div><strong>Freier Eintritt<\/strong><\/div>\t\t\t\t\t\t\t\t<\/div>\n\t\t\t\t<\/div>\n\t\t\t\t<div class=\"elementor-element elementor-element-9fe98cf elementor-tabs-view-horizontal elementor-widget elementor-widget-tabs\" data-id=\"9fe98cf\" data-element_type=\"widget\" data-e-type=\"widget\" data-widget_type=\"tabs.default\">\n\t\t\t\t<div class=\"elementor-widget-container\">\n\t\t\t\t\t\t\t<div class=\"elementor-tabs\">\n\t\t\t<div class=\"elementor-tabs-wrapper\" role=\"tablist\" >\n\t\t\t\t\t\t\t\t\t<div id=\"elementor-tab-title-1671\" class=\"elementor-tab-title elementor-tab-desktop-title\" aria-selected=\"true\" data-tab=\"1\" role=\"tab\" tabindex=\"0\" aria-controls=\"elementor-tab-content-1671\" aria-expanded=\"false\">19. September 2025<\/div>\n\t\t\t\t\t\t\t\t\t<div id=\"elementor-tab-title-1672\" class=\"elementor-tab-title elementor-tab-desktop-title\" aria-selected=\"false\" data-tab=\"2\" role=\"tab\" tabindex=\"-1\" aria-controls=\"elementor-tab-content-1672\" aria-expanded=\"false\">21. September 2025<\/div>\n\t\t\t\t\t\t\t\t\t<div id=\"elementor-tab-title-1673\" class=\"elementor-tab-title elementor-tab-desktop-title\" aria-selected=\"false\" data-tab=\"3\" role=\"tab\" tabindex=\"-1\" aria-controls=\"elementor-tab-content-1673\" aria-expanded=\"false\">25. September 2025<\/div>\n\t\t\t\t\t\t\t\t\t<div id=\"elementor-tab-title-1674\" class=\"elementor-tab-title elementor-tab-desktop-title\" aria-selected=\"false\" data-tab=\"4\" role=\"tab\" tabindex=\"-1\" aria-controls=\"elementor-tab-content-1674\" aria-expanded=\"false\">26. September 2025<\/div>\n\t\t\t\t\t\t\t<\/div>\n\t\t\t<div class=\"elementor-tabs-content-wrapper\" role=\"tablist\" aria-orientation=\"vertical\">\n\t\t\t\t\t\t\t\t\t<div class=\"elementor-tab-title elementor-tab-mobile-title\" aria-selected=\"true\" data-tab=\"1\" role=\"tab\" tabindex=\"0\" aria-controls=\"elementor-tab-content-1671\" aria-expanded=\"false\">19. September 2025<\/div>\n\t\t\t\t\t<div id=\"elementor-tab-content-1671\" class=\"elementor-tab-content elementor-clearfix\" data-tab=\"1\" role=\"tabpanel\" aria-labelledby=\"elementor-tab-title-1671\" tabindex=\"0\" hidden=\"false\"><p><b>nicht ERSTARREN | Helmut Oehring &amp; Teresa Doblinger<br \/><\/b>Audiovisuelle Kompositionen<\/p><p>19. September 21:30 Uhr<\/p><p><b>AUGE \/ ZUNGE <\/b>f\u00fcr Kontrabassklarinette + SignMimoChoreografie + vorproduziertes Audiozuspiel<\/p><p><b>nicht ERSTARREN IV <\/b>f\u00fcr Kontrabassklarinette + SignMimoChoreografie + vorproduziertes Audiozuspiel (URAUFF\u00dcHRUNG)<\/p><p><b>nicht ERSTARREN V <\/b>f\u00fcr Kontrabassklarinette + vorproduziertes Audiozuspiel (URAUFF\u00dcHRUNG)<\/p><p><b>EURYDIKE? vol. 3 <\/b>f\u00fcr Kontrabassklarinette + SignMimoChoreografie + vorproduziertes Audio- und Video-Zuspiel (URAUFF\u00dcHRUNG)<\/p><p><b>[i\u0271\u02c8f\u025brno] (aus: MAPPA) II Contrapasso 6 \u2013 8 (an: Patriarch Kyrill I \/ Wladimir Michailowitsch Gunjajew + Erzpriester Andrej Jurjewitsch Tkachev) <\/b>Fassung f\u00fcr Kontrabassklarinette + SignMimoChoreografie + vorproduziertes Audiozuspiel (URAUFF\u00dcHRUNG NEUE FASSUNG)<\/p><p><b>Konzeption + Komposition + SignMimoChoreografie\/Performance + Audio- und Video-Zuspiele: Helmut Oehring<\/b><br \/><b>Kontrabassklarinette + SignMimoPerformance: Teresa Doblinger<\/b><\/p><p>Helmut Oehring ist CODA \u2013 Kind geh\u00f6rloser Eltern. Seine Muttersprache, die Geb\u00e4rdensprache der Geh\u00f6rlosen, ist in ihrer r\u00e4umlichen Syntax und Grammatik wie abstrakt-k\u00f6rperlichen Poesie DNA seiner Partituren, Choreografien und Inszenierungen. Gemeinsam mit Klarinettistin Teresa Doblinger pr\u00e4sentiert er audiovisuelle Kompositionen, in denen er unterschiedliche Transformationen visueller Sprachen in Verschriftlichung, Klang und Film und eine an Transkriptions-\/Notationssysteme f\u00fcr K\u00f6rpersprachen ankn\u00fcpfende spezielle Form von SignMimoChoreografien realisiert.<\/p><p><a href=\"https:\/\/t89c494d5.emailsys1a.net\/c\/190\/8495571\/2877\/0\/15167059\/4865\/388674\/e684ab24c8.html\"><b>mehr Infos<\/b><\/a><\/p><p style=\"text-align: left;\">\u00a0<\/p><\/div>\n\t\t\t\t\t\t\t\t\t<div class=\"elementor-tab-title elementor-tab-mobile-title\" aria-selected=\"false\" data-tab=\"2\" role=\"tab\" tabindex=\"-1\" aria-controls=\"elementor-tab-content-1672\" aria-expanded=\"false\">21. September 2025<\/div>\n\t\t\t\t\t<div id=\"elementor-tab-content-1672\" class=\"elementor-tab-content elementor-clearfix\" data-tab=\"2\" role=\"tabpanel\" aria-labelledby=\"elementor-tab-title-1672\" tabindex=\"0\" hidden=\"hidden\"><div><span style=\"color: #eac636;\"><strong>Club Mosaik-Special<\/strong><\/span><br \/><strong>ORLANDO TRIP | Fox On Ice<\/strong><\/div><div>\u00a0<\/div><div>21. September 20:00 Uhr<\/div><div>\u00a0<\/div><div><strong>ORLANDO TRIP<\/strong> ist eine filmische Musikperformance \u00fcber die mythische Figur Orlando \u2013 inspiriert von Lodovico Ariosto und Virginia Woolf. Orlando \u00fcberquert mehrfach die Meere und kehrt schlie\u00dflich als nomadische \u00dcberwinderin starrer Grenzen zur\u00fcck. Das Projekt stammt von\u00a0Fox On Ice, dem k\u00fcnstlerischen Duo Anna Luca Poloni (Anna L. Krassnigg) und Christian Ma\u00efr, das an der Schnittstelle von Musik, Literatur, Film und Theater Narrative der Verwandlung durch feminine und fluide Sichtweisen erforscht.<\/div><p><strong>ORLANDO TRIP<\/strong> ist Konzert, Sprachperformance und Film in einem \u2013 eine Geschichte \u00fcber Orlando, der als Mann aufbricht und als Frau zur\u00fcckkehrt, \u00fcber Fluidit\u00e4t, Verwandlung und die Aufl\u00f6sung fester Grenzen.<\/p><p><strong><a href=\"https:\/\/t89c494d5.emailsys1a.net\/c\/190\/8495571\/2877\/0\/15167059\/4865\/387756\/d2ace9636a.html\" target=\"_blank\" rel=\"noopener\">mehr Infos<\/a><\/strong><\/p><\/div>\n\t\t\t\t\t\t\t\t\t<div class=\"elementor-tab-title elementor-tab-mobile-title\" aria-selected=\"false\" data-tab=\"3\" role=\"tab\" tabindex=\"-1\" aria-controls=\"elementor-tab-content-1673\" aria-expanded=\"false\">25. September 2025<\/div>\n\t\t\t\t\t<div id=\"elementor-tab-content-1673\" class=\"elementor-tab-content elementor-clearfix\" data-tab=\"3\" role=\"tabpanel\" aria-labelledby=\"elementor-tab-title-1673\" tabindex=\"0\" hidden=\"hidden\"><p><strong>ARACHNE | Nika Bauman &amp; Synesthetic Project<\/strong><\/p><div>25. September 21:30 Uhr<\/div><div>\u00a0<\/div><div><strong>ARACHNE<\/strong> ist ein interdisziplin\u00e4res Musiktheaterst\u00fcck \u00fcber weibliche Verbundenheit, Rituale und die Bedeutung des Frauseins. Inspiriert von griechischer Mythologie, dem Thesmophoria-Fest und pers\u00f6nlichen Geschichten aus dem Umfeld der Regisseurin verkn\u00fcpft das St\u00fcck Musik, Bewegung und Text zu einem vielschichtigen Netz \u2013 Symbol f\u00fcr Schutz und Verbindung, aber auch f\u00fcr Gefahr und Einschr\u00e4nkung. Die Inszenierung ist eine Arbeit des\u00a0Synesthetic Project, eines multidisziplin\u00e4ren Ensembles unter Leitung von Nika Bauman, das seit 2018 neue Ausdrucksformen im Musiktheater durch transdisziplin\u00e4res Erz\u00e4hlen erforscht. Impulse zu\u00a0<strong>ARACHNE<\/strong>\u00a0kommen von K\u00fcnstlerinnen wie Louise Bourgeois, Donna Haraway, Ursula K. Le Guin und Clarissa Pinkola Est\u00e9s.<\/div><div>\u00a0<\/div><p><strong><a href=\"https:\/\/t89c494d5.emailsys1a.net\/c\/190\/8495571\/2877\/0\/15167059\/4865\/387758\/92f4ea007b.html\" target=\"_blank\" rel=\"noopener\">mehr Infos<\/a><\/strong><\/p><\/div>\n\t\t\t\t\t\t\t\t\t<div class=\"elementor-tab-title elementor-tab-mobile-title\" aria-selected=\"false\" data-tab=\"4\" role=\"tab\" tabindex=\"-1\" aria-controls=\"elementor-tab-content-1674\" aria-expanded=\"false\">26. September 2025<\/div>\n\t\t\t\t\t<div id=\"elementor-tab-content-1674\" class=\"elementor-tab-content elementor-clearfix\" data-tab=\"4\" role=\"tabpanel\" aria-labelledby=\"elementor-tab-title-1674\" tabindex=\"0\" hidden=\"hidden\"><div><strong>UR DIE SONATE! NACHGESCHWITTERST&#8230; | Flora<\/strong><strong> Gei\u00dfelbrecht<\/strong><\/div><div>\u00a0<\/div><div>26. September 21:30 Uhr<\/div><div>\u00a0<\/div><p>Eine Bratsche wird zur Erz\u00e4hlerin, eine Stimme zum Instrument: In\u00a0<strong>UR DIE SONATE<\/strong>setzt sich die Bratschistin, Komponistin und Vokalistin\u00a0Flora Gei\u00dfelbrecht\u00a0mit Kurt Schwitters\u2019 legend\u00e4rem Lautgedicht auseinander \u2013 und mit ihren eigenen k\u00fcnstlerischen Grenzen. Zwischen Dada, Klangforschung und Sprachspiel entsteht ein virtuoses Zwiegespr\u00e4ch von Stimme, Bewegung und Instrument. Gei\u00dfelbrecht, pr\u00e4miert mit dem Berlin Prize For Young Artists und in der Wiener Neue-Musik-, Jazz-, Impro- und Theaterszene aktiv, haucht dem 100-j\u00e4hrigen Text mit Humor, Pr\u00e4zision und einem Hauch Wien neues Leben ein.<\/p><p><a href=\"https:\/\/t89c494d5.emailsys1a.net\/c\/190\/8495571\/2877\/0\/15167059\/4865\/387760\/fbd1fd6f4b.html\" target=\"_blank\" rel=\"noopener\"><strong>mehr Infos<\/strong><\/a><\/p><\/div>\n\t\t\t\t\t\t\t<\/div>\n\t\t<\/div>\n\t\t\t\t\t\t<\/div>\n\t\t\t\t<\/div>\n\t\t\t\t<\/div>\n\t\t\t\t\t<\/div>\n\t\t\t\t<\/div>\n\t\t\t\t<\/div>\n\t\t","protected":false},"excerpt":{"rendered":"<p>Artists from the festival and Vienna's contemporary music scene fill the format with experimental sounds, gestures and aesthetic surprises - beyond classical performance formats. CLUB MOSAIK offers space for encounters and exchange, invites you to an informal end to the festival day and provides insights into artistic processes.<\/p>","protected":false},"author":2,"featured_media":17920,"parent":0,"menu_order":0,"comment_status":"closed","ping_status":"closed","template":"elementor_header_footer","meta":{"_acf_changed":false,"_seopress_robots_primary_cat":"","_seopress_titles_title":"%%post_title%% | MTTW","_seopress_titles_desc":"Der AMD bietet als Musiktheater-Konferenz Netzwerkm\u00f6glichkeiten und fachlichen Austausch f\u00fcr die inter-\/nationale Musiktheaterszene.","_seopress_robots_index":"","_coblocks_attr":"","_coblocks_dimensions":"","_coblocks_responsive_height":"","_coblocks_accordion_ie_support":"","footnotes":""},"class_list":["post-17919","page","type-page","status-publish","has-post-thumbnail","hentry"],"blocksy_meta":{"styles_descriptor":{"styles":{"desktop":"","tablet":"","mobile":""},"google_fonts":[],"version":6}},"acf":[],"_links":{"self":[{"href":"https:\/\/mttw.at\/en\/wp-json\/wp\/v2\/pages\/17919","targetHints":{"allow":["GET"]}}],"collection":[{"href":"https:\/\/mttw.at\/en\/wp-json\/wp\/v2\/pages"}],"about":[{"href":"https:\/\/mttw.at\/en\/wp-json\/wp\/v2\/types\/page"}],"author":[{"embeddable":true,"href":"https:\/\/mttw.at\/en\/wp-json\/wp\/v2\/users\/2"}],"replies":[{"embeddable":true,"href":"https:\/\/mttw.at\/en\/wp-json\/wp\/v2\/comments?post=17919"}],"version-history":[{"count":0,"href":"https:\/\/mttw.at\/en\/wp-json\/wp\/v2\/pages\/17919\/revisions"}],"wp:featuredmedia":[{"embeddable":true,"href":"https:\/\/mttw.at\/en\/wp-json\/wp\/v2\/media\/17920"}],"wp:attachment":[{"href":"https:\/\/mttw.at\/en\/wp-json\/wp\/v2\/media?parent=17919"}],"curies":[{"name":"wp","href":"https:\/\/api.w.org\/{rel}","templated":true}]}}