{"id":2521,"date":"2022-05-19T08:17:46","date_gmt":"2022-05-19T08:17:46","guid":{"rendered":"https:\/\/mttw.at\/?page_id=2521"},"modified":"2025-09-22T13:08:47","modified_gmt":"2025-09-22T11:08:47","slug":"hoerblicke","status":"publish","type":"page","link":"https:\/\/mttw.at\/en\/hoerblicke\/","title":{"rendered":"H\u00d6RBLICKE"},"content":{"rendered":"<div data-elementor-type=\"wp-page\" data-elementor-id=\"2521\" class=\"elementor elementor-2521\" data-elementor-post-type=\"page\">\n\t\t\t\t<div data-dce-background-color=\"#000000\" data-dce-background-overlay-color=\"#00000080\" data-dce-background-image-url=\"https:\/\/mttw.at\/wp-content\/uploads\/MTTW-WUK-28.09.24-\u00a9Nick-Mangafas-MAN_8378-scaled.jpg\" data-dce-background-overlay-image-url=\"https:\/\/mttw.at\/wp-content\/uploads\/Muster-3600-scaled.gif\" class=\"elementor-element elementor-element-69f2081c e-con-full e-flex e-con e-parent\" data-id=\"69f2081c\" data-element_type=\"container\" data-e-type=\"container\" data-settings=\"{&quot;background_background&quot;:&quot;classic&quot;}\">\n\t\t<div class=\"elementor-element elementor-element-ab6f14e e-flex e-con-boxed e-con e-child\" data-id=\"ab6f14e\" data-element_type=\"container\" data-e-type=\"container\" data-settings=\"{&quot;background_background&quot;:&quot;classic&quot;}\">\n\t\t\t\t\t<div class=\"e-con-inner\">\n\t\t\t\t<div class=\"elementor-element elementor-element-d5b4996 animated-slow elementor-widget elementor-widget-heading\" data-id=\"d5b4996\" data-element_type=\"widget\" data-e-type=\"widget\" data-settings=\"{&quot;_animation&quot;:&quot;none&quot;}\" data-widget_type=\"heading.default\">\n\t\t\t\t<div class=\"elementor-widget-container\">\n\t\t\t\t\t<h1 class=\"elementor-heading-title elementor-size-small\">H\u00d6RBLICKE<\/h1>\t\t\t\t<\/div>\n\t\t\t\t<\/div>\n\t\t\t\t<div class=\"elementor-element elementor-element-6207ad87 elementor-widget elementor-widget-spacer\" data-id=\"6207ad87\" data-element_type=\"widget\" data-e-type=\"widget\" data-widget_type=\"spacer.default\">\n\t\t\t\t<div class=\"elementor-widget-container\">\n\t\t\t\t\t\t\t<div class=\"elementor-spacer\">\n\t\t\t<div class=\"elementor-spacer-inner\"><\/div>\n\t\t<\/div>\n\t\t\t\t\t\t<\/div>\n\t\t\t\t<\/div>\n\t\t\t\t<div class=\"elementor-element elementor-element-4cc455e5 elementor-shape-square elementor-grid-1 elementor-widget__width-auto elementor-fixed e-grid-align-center elementor-widget elementor-widget-social-icons\" data-id=\"4cc455e5\" data-element_type=\"widget\" data-e-type=\"widget\" data-settings=\"{&quot;_position&quot;:&quot;fixed&quot;}\" data-widget_type=\"social-icons.default\">\n\t\t\t\t<div class=\"elementor-widget-container\">\n\t\t\t\t\t\t\t<div class=\"elementor-social-icons-wrapper elementor-grid\" role=\"list\">\n\t\t\t\t\t\t\t<span class=\"elementor-grid-item\" role=\"listitem\">\n\t\t\t\t\t<a class=\"elementor-icon elementor-social-icon elementor-social-icon-instagram elementor-repeater-item-f90d36f\" href=\"https:\/\/www.instagram.com\/musiktheatertage\/?hl=de\" target=\"_blank\">\n\t\t\t\t\t\t<span class=\"elementor-screen-only\">Instagram<\/span>\n\t\t\t\t\t\t<i aria-hidden=\"true\" class=\"fab fa-instagram\"><\/i>\t\t\t\t\t<\/a>\n\t\t\t\t<\/span>\n\t\t\t\t\t\t\t<span class=\"elementor-grid-item\" role=\"listitem\">\n\t\t\t\t\t<a class=\"elementor-icon elementor-social-icon elementor-social-icon-facebook-f elementor-repeater-item-63c08dc\" href=\"https:\/\/www.facebook.com\/Musiktheatertage\/\" target=\"_blank\">\n\t\t\t\t\t\t<span class=\"elementor-screen-only\">Facebook-f<\/span>\n\t\t\t\t\t\t<i aria-hidden=\"true\" class=\"fab fa-facebook-f\"><\/i>\t\t\t\t\t<\/a>\n\t\t\t\t<\/span>\n\t\t\t\t\t\t\t<span class=\"elementor-grid-item\" role=\"listitem\">\n\t\t\t\t\t<a class=\"elementor-icon elementor-social-icon elementor-social-icon-youtube elementor-repeater-item-90b4e82\" href=\"https:\/\/www.youtube.com\/channel\/UCPYNkeStbE-xNzkiFFltepg\" target=\"_blank\">\n\t\t\t\t\t\t<span class=\"elementor-screen-only\">Youtube<\/span>\n\t\t\t\t\t\t<i aria-hidden=\"true\" class=\"fab fa-youtube\"><\/i>\t\t\t\t\t<\/a>\n\t\t\t\t<\/span>\n\t\t\t\t\t<\/div>\n\t\t\t\t\t\t<\/div>\n\t\t\t\t<\/div>\n\t\t\t\t\t<\/div>\n\t\t\t\t<\/div>\n\t\t\t\t<\/div>\n\t\t\t\t<section class=\"elementor-section elementor-top-section elementor-element elementor-element-32dedfb elementor-section-boxed elementor-section-height-default elementor-section-height-default\" data-id=\"32dedfb\" data-element_type=\"section\" data-e-type=\"section\">\n\t\t\t\t\t\t<div class=\"elementor-container elementor-column-gap-default\">\n\t\t\t\t\t<div class=\"elementor-column elementor-col-100 elementor-top-column elementor-element elementor-element-da44888\" data-id=\"da44888\" data-element_type=\"column\" data-e-type=\"column\" data-settings=\"{&quot;background_background&quot;:&quot;classic&quot;}\">\n\t\t\t<div class=\"elementor-widget-wrap elementor-element-populated\">\n\t\t\t\t\t\t<div class=\"elementor-element elementor-element-25b85c8 elementor-widget elementor-widget-text-editor\" data-id=\"25b85c8\" data-element_type=\"widget\" data-e-type=\"widget\" data-widget_type=\"text-editor.default\">\n\t\t\t\t<div class=\"elementor-widget-container\">\n\t\t\t\t\t\t\t\t\t<p>H\u00f6rblicke - formats are participatory, creative fields of experimentation for selected MTTW productions. The exchange and mediation between the artists and people from different communities is essential. The programmes provide impulses for stimulating discourse and creative work.<span class=\"Apple-converted-space\"> We approach artistic creation through play and experiment transmedially with selected MTTW productions.<\/span><\/p>\t\t\t\t\t\t\t\t<\/div>\n\t\t\t\t<\/div>\n\t\t\t\t\t<\/div>\n\t\t<\/div>\n\t\t\t\t\t<\/div>\n\t\t<\/section>\n\t\t<div class=\"elementor-element elementor-element-a1f59b9 e-flex e-con-boxed e-con e-parent\" data-id=\"a1f59b9\" data-element_type=\"container\" data-e-type=\"container\">\n\t\t\t\t\t<div class=\"e-con-inner\">\n\t\t\t\t<div class=\"elementor-element elementor-element-67cb945 elementor-tabs-view-horizontal elementor-widget elementor-widget-tabs\" data-id=\"67cb945\" data-element_type=\"widget\" data-e-type=\"widget\" data-widget_type=\"tabs.default\">\n\t\t\t\t<div class=\"elementor-widget-container\">\n\t\t\t\t\t\t\t<div class=\"elementor-tabs\">\n\t\t\t<div class=\"elementor-tabs-wrapper\" role=\"tablist\" >\n\t\t\t\t\t\t\t\t\t<div id=\"elementor-tab-title-1081\" class=\"elementor-tab-title elementor-tab-desktop-title\" aria-selected=\"true\" data-tab=\"1\" role=\"tab\" tabindex=\"0\" aria-controls=\"elementor-tab-content-1081\" aria-expanded=\"false\">FESTIVAL STUDIO<\/div>\n\t\t\t\t\t\t\t\t\t<div id=\"elementor-tab-title-1082\" class=\"elementor-tab-title elementor-tab-desktop-title\" aria-selected=\"false\" data-tab=\"2\" role=\"tab\" tabindex=\"-1\" aria-controls=\"elementor-tab-content-1082\" aria-expanded=\"false\">FAMILY DAY<\/div>\n\t\t\t\t\t\t\t\t\t<div id=\"elementor-tab-title-1083\" class=\"elementor-tab-title elementor-tab-desktop-title\" aria-selected=\"false\" data-tab=\"3\" role=\"tab\" tabindex=\"-1\" aria-controls=\"elementor-tab-content-1083\" aria-expanded=\"false\">TALKS<\/div>\n\t\t\t\t\t\t\t\t\t<div id=\"elementor-tab-title-1084\" class=\"elementor-tab-title elementor-tab-desktop-title\" aria-selected=\"false\" data-tab=\"4\" role=\"tab\" tabindex=\"-1\" aria-controls=\"elementor-tab-content-1084\" aria-expanded=\"false\">ROUND TABLE &amp; LECTURE<\/div>\n\t\t\t\t\t\t\t\t\t<div id=\"elementor-tab-title-1085\" class=\"elementor-tab-title elementor-tab-desktop-title\" aria-selected=\"false\" data-tab=\"5\" role=\"tab\" tabindex=\"-1\" aria-controls=\"elementor-tab-content-1085\" aria-expanded=\"false\">CREATIVE LABS<\/div>\n\t\t\t\t\t\t\t<\/div>\n\t\t\t<div class=\"elementor-tabs-content-wrapper\" role=\"tablist\" aria-orientation=\"vertical\">\n\t\t\t\t\t\t\t\t\t<div class=\"elementor-tab-title elementor-tab-mobile-title\" aria-selected=\"true\" data-tab=\"1\" role=\"tab\" tabindex=\"0\" aria-controls=\"elementor-tab-content-1081\" aria-expanded=\"false\">FESTIVAL STUDIO<\/div>\n\t\t\t\t\t<div id=\"elementor-tab-content-1081\" class=\"elementor-tab-content elementor-clearfix\" data-tab=\"1\" role=\"tabpanel\" aria-labelledby=\"elementor-tab-title-1081\" tabindex=\"0\" hidden=\"false\"><div>The MTTW Studio comprises two practice-oriented afternoons for anyone who would like to gain initial insights into the Viennese music theatre scene. In addition to lectures by Georg Steker and Thomas Desi, the focus will be on the exchange of experiences between the participants, as well as encounters and orientation. Network partners of the Musiktheatertage will be on site to make it easier to get started in this multifaceted field. An open space to ask questions, make contacts and find your place in the Viennese music theatre landscape. The programme is particularly aimed at new students and anyone looking for practical insights and networking opportunities.<\/div><div>\u00a0<\/div><div>Dates: 25\/26 September 15:00 - 18:00<\/div><p>Venue: WUK - Project Space<\/p><p><b>Lecture 1<\/b><b><\/b><\/p><p>25.09. 16:00<br \/>Georg Steker<br \/>The Viennese music theatre scene - an overview<\/p><p><b>Lecture 2<\/b><b><\/b><\/p><p>26.09. 16:00<br \/>Thomas Cornelius Desi<br \/>How is music theatre created today? About composition and play development.<\/p><\/div>\n\t\t\t\t\t\t\t\t\t<div class=\"elementor-tab-title elementor-tab-mobile-title\" aria-selected=\"false\" data-tab=\"2\" role=\"tab\" tabindex=\"-1\" aria-controls=\"elementor-tab-content-1082\" aria-expanded=\"false\">FAMILY DAY<\/div>\n\t\t\t\t\t<div id=\"elementor-tab-content-1082\" class=\"elementor-tab-content elementor-clearfix\" data-tab=\"2\" role=\"tabpanel\" aria-labelledby=\"elementor-tab-title-1082\" tabindex=\"0\" hidden=\"hidden\"><p>Musiktheatertheatertage Wien cordially invites you to an open, creative family afternoon for children aged 6 and over and their adult companions. Based on central elements of current MTTW productions, there will be workshops to join in and experiment with. We will playfully immerse ourselves in a world of music, dance and movement in order to have creative experiences together.<\/p><p>Participation free of charge<\/p><p>Info &amp; registration until the start of the festival: <a href=\"mailto:office@mttw.at\">office@mttw.at<\/a><\/p><p>When: 21.09. 14.00 - 17.00<\/p><p>Where: WUK project space<\/p><\/div>\n\t\t\t\t\t\t\t\t\t<div class=\"elementor-tab-title elementor-tab-mobile-title\" aria-selected=\"false\" data-tab=\"3\" role=\"tab\" tabindex=\"-1\" aria-controls=\"elementor-tab-content-1083\" aria-expanded=\"false\">TALKS<\/div>\n\t\t\t\t\t<div id=\"elementor-tab-content-1083\" class=\"elementor-tab-content elementor-clearfix\" data-tab=\"3\" role=\"tabpanel\" aria-labelledby=\"elementor-tab-title-1083\" tabindex=\"0\" hidden=\"hidden\"><p><strong>Talk about <i>The Rise<\/i> with the composer Eva Reiter<\/strong><\/p><p>Wed, 17.09. ca 21.30 (after the event)<br \/>Location: Odeon Theatre<br \/>Moderation: Georg Steker<\/p><p><strong>Talk about <em>Powder -<\/em><span class=\"Apple-converted-space\"><em>\u00a0<\/em> <\/span><i>The polyphony of decay <\/i>with Clara Fr\u00fchst\u00fcck, Samuel Schaab and Mani Obeya<\/strong><\/p><p>Fri, 26.09. ca 21.00 (after the event)<br \/>Location: Zacherlfabrik<\/p><\/div>\n\t\t\t\t\t\t\t\t\t<div class=\"elementor-tab-title elementor-tab-mobile-title\" aria-selected=\"false\" data-tab=\"4\" role=\"tab\" tabindex=\"-1\" aria-controls=\"elementor-tab-content-1084\" aria-expanded=\"false\">ROUND TABLE &amp; LECTURE<\/div>\n\t\t\t\t\t<div id=\"elementor-tab-content-1084\" class=\"elementor-tab-content elementor-clearfix\" data-tab=\"4\" role=\"tabpanel\" aria-labelledby=\"elementor-tab-title-1084\" tabindex=\"0\" hidden=\"hidden\"><p><strong>Round table and lecture on The Resilience of Sisyphus<\/strong><br \/>Global solidarity between art and activism<\/p><p>Tuesday, 23 September 2025 | 19:00 - Moderated by Carmen C. Kruse<\/p><p>Author and political scientist Alexander Behr will join representatives of civil society initiatives such as Architects for Future and the Civil Action Network as well as artists Dominik F\u00f6rtsch and Samu Gryllus for a round table discussion on solidarity in practice, sustainable strategies for social transformation and artistic perspectives on a just future.<span class=\"Apple-converted-space\">\u00a0<\/span><\/p><p>A special item on the programme is the contribution by Alexander Behr, who will talk about solidarity in climate activism and present his book \"Global Solidarity\".<b> <\/b><\/p><p><strong>Festival Studio Lectures<\/strong><\/p><p><b>Lecture 1<\/b><b><\/b><\/p><p>25.09. 16:00<\/p><p>Georg Steker<\/p><p>The Viennese music theatre scene - an overview<\/p><p><b>Lecture 2<\/b><b><\/b><\/p><p>26.09. 16:00<\/p><p>Thomas Cornelius Desi<\/p><p>How is music theatre created today? About composition and play development.<\/p><\/div>\n\t\t\t\t\t\t\t\t\t<div class=\"elementor-tab-title elementor-tab-mobile-title\" aria-selected=\"false\" data-tab=\"5\" role=\"tab\" tabindex=\"-1\" aria-controls=\"elementor-tab-content-1085\" aria-expanded=\"false\">CREATIVE LABS<\/div>\n\t\t\t\t\t<div id=\"elementor-tab-content-1085\" class=\"elementor-tab-content elementor-clearfix\" data-tab=\"5\" role=\"tabpanel\" aria-labelledby=\"elementor-tab-title-1085\" tabindex=\"0\" hidden=\"hidden\"><p><b>Character sound<\/b><b><\/b><\/p><p>Pupils from the Freie Schule Hofm\u00fchlgasse and the bilingual primary school Novaragasse discover new forms of collective self-expression with sign language performers Ruben Grandits and Pam Eden, dancer Romy Kolb and composer Eva Reiter. Afterwards, they attend the dress rehearsal of the musical theatre The Rise.<\/p><\/div>\n\t\t\t\t\t\t\t<\/div>\n\t\t<\/div>\n\t\t\t\t\t\t<\/div>\n\t\t\t\t<\/div>\n\t\t\t\t\t<\/div>\n\t\t\t\t<\/div>\n\t\t\t\t<section class=\"elementor-section elementor-top-section elementor-element elementor-element-c20947c elementor-section-boxed elementor-section-height-default elementor-section-height-default\" data-id=\"c20947c\" data-element_type=\"section\" data-e-type=\"section\">\n\t\t\t\t\t\t<div class=\"elementor-container elementor-column-gap-default\">\n\t\t\t\t\t<div class=\"elementor-column elementor-col-100 elementor-top-column elementor-element elementor-element-e00db99\" data-id=\"e00db99\" data-element_type=\"column\" data-e-type=\"column\" data-settings=\"{&quot;background_background&quot;:&quot;classic&quot;}\">\n\t\t\t<div class=\"elementor-widget-wrap elementor-element-populated\">\n\t\t\t\t\t\t<div class=\"elementor-element elementor-element-4274a03 elementor-widget elementor-widget-text-editor\" data-id=\"4274a03\" data-element_type=\"widget\" data-e-type=\"widget\" data-widget_type=\"text-editor.default\">\n\t\t\t\t<div class=\"elementor-widget-container\">\n\t\t\t\t\t\t\t\t\t<h5 style=\"border-width: medium; border-style: none; font-style: normal; font-variant-caps: normal; font-family: Inter, sans-serif; text-transform: none; text-decoration: none;\"><span style=\"color: #eac636;\">CONTACT<\/span><\/h5><p style=\"border-width: medium; border-style: none; font-style: normal; font-variant-caps: normal; font-size: 16px; font-family: Inter, sans-serif; letter-spacing: 0.08px;\">For further information and questions, please contact Annemarie Mitterb\u00e4ck (Head of Mediation &amp; Community Engagement)\u00a0<br \/>under:\u00a0<a style=\"transition: var(--theme-transition);\" href=\"mailto:am@mttw.at\">am@mttw.at<\/a>\u00a0<\/p>\t\t\t\t\t\t\t\t<\/div>\n\t\t\t\t<\/div>\n\t\t\t\t\t<\/div>\n\t\t<\/div>\n\t\t\t\t\t<\/div>\n\t\t<\/section>\n\t\t<div class=\"elementor-element elementor-element-da5fdae e-flex e-con-boxed e-con e-parent\" data-id=\"da5fdae\" data-element_type=\"container\" data-e-type=\"container\">\n\t\t\t\t\t<div class=\"e-con-inner\">\n\t\t\t\t<div class=\"elementor-element elementor-element-2ee619b dce_masking-none elementor-widget elementor-widget-video\" data-id=\"2ee619b\" data-element_type=\"widget\" data-e-type=\"widget\" data-settings=\"{&quot;youtube_url&quot;:&quot;https:\\\/\\\/www.youtube.com\\\/watch?v=FYnO2Qfv6yE&quot;,&quot;video_type&quot;:&quot;youtube&quot;,&quot;controls&quot;:&quot;yes&quot;}\" data-widget_type=\"video.default\">\n\t\t\t\t<div class=\"elementor-widget-container\">\n\t\t\t\t\t\t\t<div class=\"elementor-wrapper elementor-open-inline\">\n\t\t\t<div class=\"elementor-video\"><\/div>\t\t<\/div>\n\t\t\t\t\t\t<\/div>\n\t\t\t\t<\/div>\n\t\t\t\t\t<\/div>\n\t\t\t\t<\/div>\n\t\t\t\t<section class=\"elementor-section elementor-top-section elementor-element elementor-element-9486581 elementor-section-boxed elementor-section-height-default elementor-section-height-default\" data-id=\"9486581\" data-element_type=\"section\" data-e-type=\"section\">\n\t\t\t\t\t\t<div class=\"elementor-container elementor-column-gap-default\">\n\t\t\t\t\t<div class=\"elementor-column elementor-col-100 elementor-top-column elementor-element elementor-element-79f7e3e\" data-id=\"79f7e3e\" data-element_type=\"column\" data-e-type=\"column\">\n\t\t\t<div class=\"elementor-widget-wrap elementor-element-populated\">\n\t\t\t\t\t\t<div class=\"elementor-element elementor-element-596c179 elementor-widget-divider--view-line elementor-widget elementor-widget-divider\" data-id=\"596c179\" data-element_type=\"widget\" data-e-type=\"widget\" id=\"thinktank\" data-widget_type=\"divider.default\">\n\t\t\t\t<div class=\"elementor-widget-container\">\n\t\t\t\t\t\t\t<div class=\"elementor-divider\">\n\t\t\t<span class=\"elementor-divider-separator\">\n\t\t\t\t\t\t<\/span>\n\t\t<\/div>\n\t\t\t\t\t\t<\/div>\n\t\t\t\t<\/div>\n\t\t\t\t<div class=\"elementor-element elementor-element-b2439c8 elementor-widget elementor-widget-gallery\" data-id=\"b2439c8\" data-element_type=\"widget\" data-e-type=\"widget\" data-settings=\"{&quot;overlay_description&quot;:&quot;description&quot;,&quot;lazyload&quot;:&quot;yes&quot;,&quot;gallery_layout&quot;:&quot;grid&quot;,&quot;columns&quot;:4,&quot;columns_tablet&quot;:2,&quot;columns_mobile&quot;:1,&quot;gap&quot;:{&quot;unit&quot;:&quot;px&quot;,&quot;size&quot;:10,&quot;sizes&quot;:[]},&quot;gap_widescreen&quot;:{&quot;unit&quot;:&quot;px&quot;,&quot;size&quot;:&quot;&quot;,&quot;sizes&quot;:[]},&quot;gap_tablet_extra&quot;:{&quot;unit&quot;:&quot;px&quot;,&quot;size&quot;:10,&quot;sizes&quot;:[]},&quot;gap_tablet&quot;:{&quot;unit&quot;:&quot;px&quot;,&quot;size&quot;:10,&quot;sizes&quot;:[]},&quot;gap_mobile&quot;:{&quot;unit&quot;:&quot;px&quot;,&quot;size&quot;:10,&quot;sizes&quot;:[]},&quot;link_to&quot;:&quot;file&quot;,&quot;aspect_ratio&quot;:&quot;3:2&quot;,&quot;overlay_background&quot;:&quot;yes&quot;,&quot;content_hover_animation&quot;:&quot;fade-in&quot;}\" data-widget_type=\"gallery.default\">\n\t\t\t\t<div class=\"elementor-widget-container\">\n\t\t\t\t\t\t\t<div class=\"elementor-gallery__container\">\n\t\t\t\t\t\t\t<a class=\"e-gallery-item elementor-gallery-item elementor-animated-content\" href=\"https:\/\/mttw.at\/wp-content\/uploads\/jpeg-optimizer_MTTW-2022_Chornobyldorf_c-Nick-Mangafas_2125.jpeg\" data-elementor-open-lightbox=\"yes\" data-elementor-lightbox-slideshow=\"b2439c8\" data-e-action-hash=\"#elementor-action%3Aaction%3Dlightbox%26settings%3DeyJpZCI6MTIwNzQsInVybCI6Imh0dHBzOlwvXC9tdHR3LmF0XC93cC1jb250ZW50XC91cGxvYWRzXC9qcGVnLW9wdGltaXplcl9NVFRXLTIwMjJfQ2hvcm5vYnlsZG9yZl9jLU5pY2stTWFuZ2FmYXNfMjEyNS5qcGVnIiwic2xpZGVzaG93IjoiYjI0MzljOCJ9\">\n\t\t\t\t\t<div class=\"e-gallery-image elementor-gallery-item__image\" data-thumbnail=\"https:\/\/mttw.at\/wp-content\/uploads\/jpeg-optimizer_MTTW-2022_Chornobyldorf_c-Nick-Mangafas_2125-500x332.jpeg\" data-width=\"500\" data-height=\"332\" aria-label=\"MTTW_H\u00f6rblicke-\u00a9 Nick Mangafas\" role=\"img\" ><\/div>\n\t\t\t\t\t\t\t\t\t\t\t<div class=\"elementor-gallery-item__overlay\"><\/div>\n\t\t\t\t\t\t\t\t\t\t\t\t\t\t\t<div class=\"elementor-gallery-item__content\">\n\t\t\t\t\t\t\t\t\t\t\t\t\t\t<div class=\"elementor-gallery-item__description\">\n\t\t\t\t\t\t\t\t\t\t\t\t\t\t\t\t\t\t\u00a9 Nick Mangafas\t\t\t\t\t\t\t\t<\/div>\n\t\t\t\t\t\t\t\t\t\t\t\t<\/div>\n\t\t\t\t\t\t\t\t\t<\/a>\n\t\t\t\t\t\t\t<a class=\"e-gallery-item elementor-gallery-item elementor-animated-content\" href=\"https:\/\/mttw.at\/wp-content\/uploads\/jpeg-optimizer_JOE00754.jpeg\" data-elementor-open-lightbox=\"yes\" data-elementor-lightbox-slideshow=\"b2439c8\" data-e-action-hash=\"#elementor-action%3Aaction%3Dlightbox%26settings%3DeyJpZCI6MTIwMjIsInVybCI6Imh0dHBzOlwvXC9tdHR3LmF0XC93cC1jb250ZW50XC91cGxvYWRzXC9qcGVnLW9wdGltaXplcl9KT0UwMDc1NC5qcGVnIiwic2xpZGVzaG93IjoiYjI0MzljOCJ9\">\n\t\t\t\t\t<div class=\"e-gallery-image elementor-gallery-item__image\" data-thumbnail=\"https:\/\/mttw.at\/wp-content\/uploads\/jpeg-optimizer_JOE00754-332x500.jpeg\" data-width=\"332\" data-height=\"500\" aria-label=\"MTTW_H\u00f6rblicke-\u00a9 Joe Albrecht\" role=\"img\" ><\/div>\n\t\t\t\t\t\t\t\t\t\t\t<div class=\"elementor-gallery-item__overlay\"><\/div>\n\t\t\t\t\t\t\t\t\t\t\t\t\t\t\t<div class=\"elementor-gallery-item__content\">\n\t\t\t\t\t\t\t\t\t\t\t\t\t\t<div class=\"elementor-gallery-item__description\">\n\t\t\t\t\t\t\t\t\t\t\t\t\t\t\t\t\t\t\u00a9 Joe Albrecht\t\t\t\t\t\t\t\t<\/div>\n\t\t\t\t\t\t\t\t\t\t\t\t<\/div>\n\t\t\t\t\t\t\t\t\t<\/a>\n\t\t\t\t\t\t\t<a class=\"e-gallery-item elementor-gallery-item elementor-animated-content\" href=\"https:\/\/mttw.at\/wp-content\/uploads\/2398_\u00a9-Barbara-Mair-Kopie-scaled.jpg\" data-elementor-open-lightbox=\"yes\" data-elementor-lightbox-slideshow=\"b2439c8\" data-e-action-hash=\"#elementor-action%3Aaction%3Dlightbox%26settings%3DeyJpZCI6MTIwMDksInVybCI6Imh0dHBzOlwvXC9tdHR3LmF0XC93cC1jb250ZW50XC91cGxvYWRzXC8yMzk4X1x1MDBhOS1CYXJiYXJhLU1haXItS29waWUtc2NhbGVkLmpwZyIsInNsaWRlc2hvdyI6ImIyNDM5YzgifQ%3D%3D\">\n\t\t\t\t\t<div class=\"e-gallery-image elementor-gallery-item__image\" data-thumbnail=\"https:\/\/mttw.at\/wp-content\/uploads\/2398_\u00a9-Barbara-Mair-Kopie-500x334.jpg\" data-width=\"500\" data-height=\"334\" aria-label=\"MTTW_H\u00f6rblicke-\u00a9 Barbara Mair\" role=\"img\" ><\/div>\n\t\t\t\t\t\t\t\t\t\t\t<div class=\"elementor-gallery-item__overlay\"><\/div>\n\t\t\t\t\t\t\t\t\t\t\t\t\t\t\t<div class=\"elementor-gallery-item__content\">\n\t\t\t\t\t\t\t\t\t\t\t\t\t\t<div class=\"elementor-gallery-item__description\">\n\t\t\t\t\t\t\t\t\t\t\t\t\t\t\t\t\t\tBarbara Mair\t\t\t\t\t\t\t\t<\/div>\n\t\t\t\t\t\t\t\t\t\t\t\t<\/div>\n\t\t\t\t\t\t\t\t\t<\/a>\n\t\t\t\t\t\t\t<a class=\"e-gallery-item elementor-gallery-item elementor-animated-content\" href=\"https:\/\/mttw.at\/wp-content\/uploads\/jpeg-optimizer__DSC1896-Kopie-3.jpeg\" data-elementor-open-lightbox=\"yes\" data-elementor-lightbox-slideshow=\"b2439c8\" data-e-action-hash=\"#elementor-action%3Aaction%3Dlightbox%26settings%3DeyJpZCI6MTIwNDUsInVybCI6Imh0dHBzOlwvXC9tdHR3LmF0XC93cC1jb250ZW50XC91cGxvYWRzXC9qcGVnLW9wdGltaXplcl9fRFNDMTg5Ni1Lb3BpZS0zLmpwZWciLCJzbGlkZXNob3ciOiJiMjQzOWM4In0%3D\">\n\t\t\t\t\t<div class=\"e-gallery-image elementor-gallery-item__image\" data-thumbnail=\"https:\/\/mttw.at\/wp-content\/uploads\/jpeg-optimizer__DSC1896-Kopie-3-500x333.jpeg\" data-width=\"500\" data-height=\"333\" aria-label=\"MTTW_H\u00f6rblicke-\u00a9 Annemarie Mitterb\u00e4ck\" role=\"img\" ><\/div>\n\t\t\t\t\t\t\t\t\t\t\t<div class=\"elementor-gallery-item__overlay\"><\/div>\n\t\t\t\t\t\t\t\t\t\t\t\t\t\t\t<div class=\"elementor-gallery-item__content\">\n\t\t\t\t\t\t\t\t\t\t\t\t\t\t<div class=\"elementor-gallery-item__description\">\n\t\t\t\t\t\t\t\t\t\t\t\t\t\t\t\t\t\tAnnemarie Mitterb\u00e4ck\t\t\t\t\t\t\t\t<\/div>\n\t\t\t\t\t\t\t\t\t\t\t\t<\/div>\n\t\t\t\t\t\t\t\t\t<\/a>\n\t\t\t\t\t<\/div>\n\t\t\t\t\t<\/div>\n\t\t\t\t<\/div>\n\t\t\t\t\t<\/div>\n\t\t<\/div>\n\t\t\t\t\t<\/div>\n\t\t<\/section>\n\t\t\t\t<section class=\"elementor-section elementor-top-section elementor-element elementor-element-2b54636 elementor-section-boxed elementor-section-height-default elementor-section-height-default\" data-id=\"2b54636\" data-element_type=\"section\" data-e-type=\"section\">\n\t\t\t\t\t\t<div class=\"elementor-container elementor-column-gap-default\">\n\t\t\t\t\t<div class=\"elementor-column elementor-col-100 elementor-top-column elementor-element elementor-element-c39b9b9\" data-id=\"c39b9b9\" data-element_type=\"column\" data-e-type=\"column\">\n\t\t\t<div class=\"elementor-widget-wrap elementor-element-populated\">\n\t\t\t\t\t\t<div class=\"elementor-element elementor-element-ac48ea8 elementor-widget elementor-widget-text-editor\" data-id=\"ac48ea8\" data-element_type=\"widget\" data-e-type=\"widget\" data-widget_type=\"text-editor.default\">\n\t\t\t\t<div class=\"elementor-widget-container\">\n\t\t\t\t\t\t\t\t\t<p style=\"text-align: center;\"><span style=\"color: #eac636;\"><strong>Interested in participating?<\/strong><br \/>Contact us for further information and questions!<\/span><\/p>\t\t\t\t\t\t\t\t<\/div>\n\t\t\t\t<\/div>\n\t\t\t\t<div class=\"elementor-element elementor-element-01e35f1 elementor-align-center elementor-widget elementor-widget-button\" data-id=\"01e35f1\" data-element_type=\"widget\" data-e-type=\"widget\" data-widget_type=\"button.default\">\n\t\t\t\t<div class=\"elementor-widget-container\">\n\t\t\t\t\t\t\t\t\t<div class=\"elementor-button-wrapper\">\n\t\t\t\t\t<a class=\"elementor-button elementor-button-link elementor-size-sm\" href=\"mailto:am@mttw.at\">\n\t\t\t\t\t\t<span class=\"elementor-button-content-wrapper\">\n\t\t\t\t\t\t\t\t\t<span class=\"elementor-button-text\">CONTACT<\/span>\n\t\t\t\t\t<\/span>\n\t\t\t\t\t<\/a>\n\t\t\t\t<\/div>\n\t\t\t\t\t\t\t\t<\/div>\n\t\t\t\t<\/div>\n\t\t\t\t\t<\/div>\n\t\t<\/div>\n\t\t\t\t\t<\/div>\n\t\t<\/section>\n\t\t\t\t<\/div>","protected":false},"excerpt":{"rendered":"<p>H\u00d6RBLICKE formats mediate between people from the most diverse contexts of the festival and beyond.<\/p>","protected":false},"author":2,"featured_media":16970,"parent":0,"menu_order":0,"comment_status":"closed","ping_status":"closed","template":"","meta":{"_acf_changed":false,"_seopress_robots_primary_cat":"","_seopress_titles_title":"MUSIKTHEATERTAGE WIEN \u2013 H\u00f6rblicke","_seopress_titles_desc":"H\u00d6RBLICKE Formate vermitteln zwischen Menschen verschiedenster Kontexte des Festivals und dar\u00fcber hinaus.","_seopress_robots_index":"","_coblocks_attr":"","_coblocks_dimensions":"","_coblocks_responsive_height":"","_coblocks_accordion_ie_support":"","footnotes":""},"class_list":["post-2521","page","type-page","status-publish","has-post-thumbnail","hentry"],"blocksy_meta":{"styles_descriptor":{"styles":{"desktop":"","tablet":"","mobile":""},"google_fonts":[],"version":6}},"acf":[],"_links":{"self":[{"href":"https:\/\/mttw.at\/en\/wp-json\/wp\/v2\/pages\/2521","targetHints":{"allow":["GET"]}}],"collection":[{"href":"https:\/\/mttw.at\/en\/wp-json\/wp\/v2\/pages"}],"about":[{"href":"https:\/\/mttw.at\/en\/wp-json\/wp\/v2\/types\/page"}],"author":[{"embeddable":true,"href":"https:\/\/mttw.at\/en\/wp-json\/wp\/v2\/users\/2"}],"replies":[{"embeddable":true,"href":"https:\/\/mttw.at\/en\/wp-json\/wp\/v2\/comments?post=2521"}],"version-history":[{"count":0,"href":"https:\/\/mttw.at\/en\/wp-json\/wp\/v2\/pages\/2521\/revisions"}],"wp:featuredmedia":[{"embeddable":true,"href":"https:\/\/mttw.at\/en\/wp-json\/wp\/v2\/media\/16970"}],"wp:attachment":[{"href":"https:\/\/mttw.at\/en\/wp-json\/wp\/v2\/media?parent=2521"}],"curies":[{"name":"wp","href":"https:\/\/api.w.org\/{rel}","templated":true}]}}