{"id":3,"date":"2022-03-21T17:01:25","date_gmt":"2022-03-21T17:01:25","guid":{"rendered":"https:\/\/mttw.at\/?page_id=3"},"modified":"2022-05-30T11:54:33","modified_gmt":"2022-05-30T11:54:33","slug":"privacy-policy","status":"publish","type":"page","link":"https:\/\/mttw.at\/en\/privacy-policy\/","title":{"rendered":"Privacy policy"},"content":{"rendered":"<div data-elementor-type=\"wp-page\" data-elementor-id=\"3\" class=\"elementor elementor-3\" data-elementor-post-type=\"page\">\n\t\t\t\t\t\t<section class=\"elementor-section elementor-top-section elementor-element elementor-element-39a700eb elementor-section-boxed elementor-section-height-default elementor-section-height-default\" data-id=\"39a700eb\" data-element_type=\"section\" data-e-type=\"section\">\n\t\t\t\t\t\t<div class=\"elementor-container elementor-column-gap-default\">\n\t\t\t\t\t<div class=\"elementor-column elementor-col-100 elementor-top-column elementor-element elementor-element-2794120a\" data-id=\"2794120a\" data-element_type=\"column\" data-e-type=\"column\">\n\t\t\t<div class=\"elementor-widget-wrap elementor-element-populated\">\n\t\t\t\t\t\t<div class=\"elementor-element elementor-element-7bc399ac elementor-widget elementor-widget-text-editor\" data-id=\"7bc399ac\" data-element_type=\"widget\" data-e-type=\"widget\" data-widget_type=\"text-editor.default\">\n\t\t\t\t<div class=\"elementor-widget-container\">\n\t\t\t\t\t\t\t\t\t<p><\/p>\n<h2 class=\"wp-block-heading\"><strong>Declaration on the duty to inform<\/strong><\/h2>\n<p><\/p>\n<p class=\"has-palette-color-3-color has-text-color\">In the following data protection declaration, we inform you about the most important aspects of data processing within the framework of our website. We collect and process personal data only on the basis of the legal provisions (Basic Data Protection Regulation, Telecommunications Act 2003).<\/p>\n<p><\/p>\n<p class=\"has-palette-color-3-color has-text-color\">As soon as you access or visit our website as a user, your IP address, start and end of the session are recorded. This is for technical reasons and therefore constitutes a legitimate interest within the meaning of Art. 6 (1) f DSGVO.<\/p>\n<p><\/p>\n<h2 class=\"wp-block-heading\"><strong>Contact<\/strong><\/h2>\n<p><\/p>\n<p class=\"has-palette-color-3-color has-text-color\">If you contact us by email, the data you send us will be stored for six months for the purpose of processing your enquiry or in case of further follow-up questions. Your transmitted data will not be passed on without your consent.<\/p>\n<p><\/p>\n<h2 class=\"wp-block-heading\"><strong>Cookies<\/strong><\/h2>\n<p><\/p>\n<p class=\"has-palette-color-3-color has-text-color\">Our website uses so-called cookies. These are small text files that are stored on your end device with the help of the browser. They do not cause any damage. We use cookies to make our website user-friendly. Some cookies remain stored on your end device until you delete them. They enable us to recognise your browser on your next visit. If you do not wish this, you can set your browser so that it informs you about the setting of cookies and you only allow this in individual cases. If you deactivate cookies, the functionality of our website may be limited.<\/p>\n<p><\/p>\n<h2 class=\"wp-block-heading\"><strong>Google Fonts<\/strong><\/h2>\n<p><\/p>\n<p class=\"has-palette-color-3-color has-text-color\">Our website uses fonts from \"Google Fonts\". The service provider of this function is:<\/p>\n<p><\/p>\n<ul class=\"has-palette-color-3-color has-text-color wp-block-list\">\n<li>Google Ireland Limited Gordon House, Barrow Street Dublin 4. Ireland<\/li>\n<\/ul>\n<p><\/p>\n<p class=\"has-palette-color-3-color has-text-color\">Tel: +353 1 543 1000<\/p>\n<p><\/p>\n<p class=\"has-palette-color-3-color has-text-color\">When you visit this website, your browser loads fonts and stores them in the cache. Since you, as a visitor to the website, receive data from the service provider, Google may set or analyse cookies on your computer.<\/p>\n<p><\/p>\n<p class=\"has-palette-color-3-color has-text-color\">The use of \"Google Fonts\" serves to optimise our service and the uniform presentation of content. This constitutes a legitimate interest within the meaning of Art. 6 para. 1 lit. f DSGVO.<\/p>\n<p><\/p>\n<p class=\"has-palette-color-3-color has-text-color\">You can find more information about Google Fonts at the following link:<\/p>\n<p><\/p>\n<p><span style=\"color: #c4a805;\"><a style=\"color: #c4a805;\" href=\"https:\/\/developers.google.com\/fonts\/faq\">https:\/\/developers.google.com\/fonts\/faq<\/a><\/span><\/p>\n<p><\/p>\n<p class=\"has-palette-color-3-color has-text-color\">You can find more information about Google's handling of user data in the privacy policy:<\/p>\n<p><\/p>\n<p><span style=\"color: #c4a805;\"><a style=\"color: #c4a805;\" href=\"https:\/\/policies.google.com\/privacy?hl=de\">https:\/\/policies.google.com\/privacy?hl=de<\/a> .<\/span><\/p>\n<p><\/p>\n<p class=\"has-palette-color-3-color has-text-color\">Google also processes the data in the USA, but has joined the<\/p>\n<p><\/p>\n<p class=\"has-palette-color-3-color has-text-color\">EU-US Privacy Shield.<\/p>\n<p><\/p>\n<p class=\"has-palette-color-3-color has-text-color\"><span style=\"color: #c4a805;\"><a style=\"color: #c4a805;\" href=\"https:\/\/www.privacyshield.gov\/EU-US-Framework\">https:\/\/www.privacyshield.gov\/EU-US-Framework<\/a><\/span><\/p>\n<p><\/p>\n<h2 class=\"wp-block-heading\"><strong>Newsletter<\/strong><\/h2>\n<p><\/p>\n<p class=\"has-palette-color-3-color has-text-color\">You have the option of subscribing to our newsletter via our website. For this we need your e-mail address and your declaration that you agree to receive the newsletter.<\/p>\n<p><\/p>\n<p class=\"has-palette-color-3-color has-text-color\">If you use the option to subscribe to our newsletter, your email address and your consent\/declaration of consent to receive the newsletter will be required. Following your subscription to our newsletter, you will receive a confirmation email from us with a link to confirm your subscription. Cancellation of the subscription is possible at any time. Please send the cancellation to our email address: office@mttw.at.<\/p>\n<p><\/p>\n<p class=\"has-palette-color-3-color has-text-color\">Your data in connection with the newsletter dispatch will be deleted by us immediately in the event of cancellation. The lawfulness of the data processing until the cancellation, which happened due to the consent, is not affected.<\/p>\n<p><\/p>\n<h2 class=\"wp-block-heading\"><strong>Your rights as a data subject<\/strong><\/h2>\n<p><\/p>\n<p class=\"has-palette-color-3-color has-text-color\">As a data subject, you have a fundamental right to access your data stored by us:<\/p>\n<p><\/p>\n<ul class=\"has-palette-color-3-color has-text-color wp-block-list\">\n<li>Information<\/li>\n<li>Deletion of the data<\/li>\n<li>Rectification of the data<\/li>\n<li>Data portability<\/li>\n<li>Revocation and objection to data processing<\/li>\n<li>Restriction<\/li>\n<\/ul>\n<p><\/p>\n<p class=\"has-palette-color-3-color has-text-color\">If you suspect that violations of data protection law have occurred in the course of processing your data, you have the possibility to complain to us (office@mttw.at) or to the data protection authority.<\/p>\n<p><\/p>\n<h2 class=\"wp-block-heading\"><strong>Contact<\/strong><\/h2>\n<p><\/p>\n<p class=\"has-palette-color-3-color has-text-color\"><strong>You can reach us at the following contact details:<\/strong><\/p>\n<p><\/p>\n<p class=\"has-palette-color-3-color has-text-color\"><strong>Website operators:<\/strong> MUSIKTHEATERTAGE WIEN<\/p>\n<p><\/p>\n<p class=\"buddha has-palette-color-3-color has-text-color\"><strong>Telephone number:<\/strong> <a href=\"http:\/\/+43 660 2777 909\" data-wplink-url-error=\"true\">+43 660 2777 909<\/a><\/p>\n<p><\/p>\n<p class=\"buddha has-palette-color-3-color has-text-color\"><strong>Email: <\/strong><a href=\"mailto:office@mttw.at\">office@mttw.at<\/a><\/p>\n<p><\/p>\t\t\t\t\t\t\t\t<\/div>\n\t\t\t\t<\/div>\n\t\t\t\t\t<\/div>\n\t\t<\/div>\n\t\t\t\t\t<\/div>\n\t\t<\/section>\n\t\t\t\t<\/div>","protected":false},"excerpt":{"rendered":"<p>Erkl\u00e4rung zur Informationspflicht In folgender Datenschutzerkl\u00e4rung informieren wir Sie \u00fcber die wichtigsten Aspekte der Datenverarbeitung im Rahmen unserer Webseite. Wir erheben und verarbeiten personenbezogene Daten nur auf Grundlage der gesetzlichen Bestimmungen (Datenschutzgrundverordnung, Telekommunikationsgesetz 2003). Sobald Sie als Benutzer auf unsere Webseite zugreifen oder diese besuchen wird Ihre IP-Adresse, Beginn sowie Beginn und Ende der Sitzung [&hellip;]<\/p>\n","protected":false},"author":1,"featured_media":0,"parent":0,"menu_order":0,"comment_status":"closed","ping_status":"open","template":"","meta":{"_acf_changed":false,"_seopress_robots_primary_cat":"","_seopress_titles_title":"","_seopress_titles_desc":"","_seopress_robots_index":"","_coblocks_attr":"","_coblocks_dimensions":"","_coblocks_responsive_height":"","_coblocks_accordion_ie_support":"","footnotes":""},"class_list":["post-3","page","type-page","status-publish","hentry"],"blocksy_meta":{"styles_descriptor":{"styles":{"desktop":"","tablet":"","mobile":""},"google_fonts":[],"version":6}},"acf":[],"_links":{"self":[{"href":"https:\/\/mttw.at\/en\/wp-json\/wp\/v2\/pages\/3","targetHints":{"allow":["GET"]}}],"collection":[{"href":"https:\/\/mttw.at\/en\/wp-json\/wp\/v2\/pages"}],"about":[{"href":"https:\/\/mttw.at\/en\/wp-json\/wp\/v2\/types\/page"}],"author":[{"embeddable":true,"href":"https:\/\/mttw.at\/en\/wp-json\/wp\/v2\/users\/1"}],"replies":[{"embeddable":true,"href":"https:\/\/mttw.at\/en\/wp-json\/wp\/v2\/comments?post=3"}],"version-history":[{"count":0,"href":"https:\/\/mttw.at\/en\/wp-json\/wp\/v2\/pages\/3\/revisions"}],"wp:attachment":[{"href":"https:\/\/mttw.at\/en\/wp-json\/wp\/v2\/media?parent=3"}],"curies":[{"name":"wp","href":"https:\/\/api.w.org\/{rel}","templated":true}]}}