{"id":4224,"date":"2022-06-13T12:43:17","date_gmt":"2022-06-13T12:43:17","guid":{"rendered":"https:\/\/mttw.at\/?page_id=4224"},"modified":"2024-02-12T16:01:58","modified_gmt":"2024-02-12T15:01:58","slug":"pizzeria-anarchia-mttw-2015","status":"publish","type":"page","link":"https:\/\/mttw.at\/en\/archiv\/pizzeria-anarchia-mttw-2015\/","title":{"rendered":"Pizzeria Anarchia | MTTW 2015"},"content":{"rendered":"<div data-elementor-type=\"wp-page\" data-elementor-id=\"4224\" class=\"elementor elementor-4224\" data-elementor-post-type=\"page\">\n\t\t\t\t\t\t<section data-dce-background-image-url=\"https:\/\/mttw.at\/wp-content\/uploads\/Slideshow-MTTW_3.jpg\" class=\"elementor-section elementor-top-section elementor-element elementor-element-821d82c elementor-section-height-min-height elementor-section-items-stretch elementor-section-boxed elementor-section-height-default\" data-id=\"821d82c\" data-element_type=\"section\" data-e-type=\"section\" data-settings=\"{&quot;background_background&quot;:&quot;classic&quot;}\">\n\t\t\t\t\t\t\t<div class=\"elementor-background-overlay\"><\/div>\n\t\t\t\t\t\t\t<div class=\"elementor-container elementor-column-gap-default\">\n\t\t\t\t\t<div class=\"elementor-column elementor-col-100 elementor-top-column elementor-element elementor-element-7016ca46\" data-id=\"7016ca46\" data-element_type=\"column\" data-e-type=\"column\" data-settings=\"{&quot;background_background&quot;:&quot;classic&quot;}\">\n\t\t\t<div class=\"elementor-widget-wrap elementor-element-populated\">\n\t\t\t\t\t<div class=\"elementor-background-overlay\"><\/div>\n\t\t\t\t\t\t<div class=\"elementor-element elementor-element-cbab2f3 animated-slow elementor-widget elementor-widget-heading\" data-id=\"cbab2f3\" data-element_type=\"widget\" data-e-type=\"widget\" data-settings=\"{&quot;_animation&quot;:&quot;none&quot;}\" data-widget_type=\"heading.default\">\n\t\t\t\t<div class=\"elementor-widget-container\">\n\t\t\t\t\t<p class=\"elementor-heading-title elementor-size-small\">Pizzeria Anarchia | MTTW 2015<\/p>\t\t\t\t<\/div>\n\t\t\t\t<\/div>\n\t\t\t\t<div class=\"elementor-element elementor-element-387349bf elementor-shape-square elementor-grid-1 elementor-widget__width-auto elementor-fixed e-grid-align-center elementor-widget elementor-widget-social-icons\" data-id=\"387349bf\" data-element_type=\"widget\" data-e-type=\"widget\" data-settings=\"{&quot;_position&quot;:&quot;fixed&quot;}\" data-widget_type=\"social-icons.default\">\n\t\t\t\t<div class=\"elementor-widget-container\">\n\t\t\t\t\t\t\t<div class=\"elementor-social-icons-wrapper elementor-grid\" role=\"list\">\n\t\t\t\t\t\t\t<span class=\"elementor-grid-item\" role=\"listitem\">\n\t\t\t\t\t<a class=\"elementor-icon elementor-social-icon elementor-social-icon-instagram elementor-repeater-item-f90d36f\" href=\"https:\/\/www.instagram.com\/musiktheatertage\/?hl=de\" target=\"_blank\">\n\t\t\t\t\t\t<span class=\"elementor-screen-only\">Instagram<\/span>\n\t\t\t\t\t\t<i aria-hidden=\"true\" class=\"fab fa-instagram\"><\/i>\t\t\t\t\t<\/a>\n\t\t\t\t<\/span>\n\t\t\t\t\t\t\t<span class=\"elementor-grid-item\" role=\"listitem\">\n\t\t\t\t\t<a class=\"elementor-icon elementor-social-icon elementor-social-icon-facebook-f elementor-repeater-item-63c08dc\" href=\"https:\/\/www.facebook.com\/Musiktheatertage\/\" target=\"_blank\">\n\t\t\t\t\t\t<span class=\"elementor-screen-only\">Facebook-f<\/span>\n\t\t\t\t\t\t<i aria-hidden=\"true\" class=\"fab fa-facebook-f\"><\/i>\t\t\t\t\t<\/a>\n\t\t\t\t<\/span>\n\t\t\t\t\t\t\t<span class=\"elementor-grid-item\" role=\"listitem\">\n\t\t\t\t\t<a class=\"elementor-icon elementor-social-icon elementor-social-icon-youtube elementor-repeater-item-90b4e82\" href=\"https:\/\/www.youtube.com\/channel\/UCPYNkeStbE-xNzkiFFltepg\" target=\"_blank\">\n\t\t\t\t\t\t<span class=\"elementor-screen-only\">Youtube<\/span>\n\t\t\t\t\t\t<i aria-hidden=\"true\" class=\"fab fa-youtube\"><\/i>\t\t\t\t\t<\/a>\n\t\t\t\t<\/span>\n\t\t\t\t\t<\/div>\n\t\t\t\t\t\t<\/div>\n\t\t\t\t<\/div>\n\t\t\t\t\t<\/div>\n\t\t<\/div>\n\t\t\t\t\t<\/div>\n\t\t<\/section>\n\t\t\t\t<section class=\"elementor-section elementor-top-section elementor-element elementor-element-32dedfb elementor-section-boxed elementor-section-height-default elementor-section-height-default\" data-id=\"32dedfb\" data-element_type=\"section\" data-e-type=\"section\">\n\t\t\t\t\t\t<div class=\"elementor-container elementor-column-gap-default\">\n\t\t\t\t\t<div class=\"elementor-column elementor-col-100 elementor-top-column elementor-element elementor-element-da44888\" data-id=\"da44888\" data-element_type=\"column\" data-e-type=\"column\">\n\t\t\t<div class=\"elementor-widget-wrap elementor-element-populated\">\n\t\t\t\t\t\t<div class=\"elementor-element elementor-element-ed14038 elementor-widget elementor-widget-heading\" data-id=\"ed14038\" data-element_type=\"widget\" data-e-type=\"widget\" data-widget_type=\"heading.default\">\n\t\t\t\t<div class=\"elementor-widget-container\">\n\t\t\t\t\t<h2 class=\"elementor-heading-title elementor-size-default\">Michaela Lucenti (IT) \/ Thomas C. Desi (AT)<\/h2>\t\t\t\t<\/div>\n\t\t\t\t<\/div>\n\t\t\t\t<div class=\"elementor-element elementor-element-76f39a5 elementor-widget elementor-widget-heading\" data-id=\"76f39a5\" data-element_type=\"widget\" data-e-type=\"widget\" data-widget_type=\"heading.default\">\n\t\t\t\t<div class=\"elementor-widget-container\">\n\t\t\t\t\t<h1 class=\"elementor-heading-title elementor-size-default\">Pizzeria Anarchia<\/h1>\t\t\t\t<\/div>\n\t\t\t\t<\/div>\n\t\t\t\t<div class=\"elementor-element elementor-element-b2524fd elementor-widget elementor-widget-heading\" data-id=\"b2524fd\" data-element_type=\"widget\" data-e-type=\"widget\" data-widget_type=\"heading.default\">\n\t\t\t\t<div class=\"elementor-widget-container\">\n\t\t\t\t\t<h3 class=\"elementor-heading-title elementor-size-default\">Music and dance theatre about the right to housing<\/h3>\t\t\t\t<\/div>\n\t\t\t\t<\/div>\n\t\t\t\t<div data-dce-text-color=\"#000000\" class=\"elementor-element elementor-element-1068045 elementor-widget elementor-widget-text-editor\" data-id=\"1068045\" data-element_type=\"widget\" data-e-type=\"widget\" data-widget_type=\"text-editor.default\">\n\t\t\t\t<div class=\"elementor-widget-container\">\n\t\t\t\t\t\t\t\t\t<p>Premiere<\/p><p>A co-production of Neuk\u00f6llner Oper Berlin (DE), Teatro della Tosse, Genova (IT) and Balletto Civile (IT) and MUSIKTHEATERTAGE WIEN<\/p>\t\t\t\t\t\t\t\t<\/div>\n\t\t\t\t<\/div>\n\t\t\t\t<div data-dce-text-color=\"#000000\" class=\"elementor-element elementor-element-25b85c8 elementor-widget elementor-widget-text-editor\" data-id=\"25b85c8\" data-element_type=\"widget\" data-e-type=\"widget\" data-widget_type=\"text-editor.default\">\n\t\t\t\t<div class=\"elementor-widget-container\">\n\t\t\t\t\t\t\t\t\t<p>The events surrounding the eviction of the \"Pizzeria Anarchia\" in Vienna's M\u00fchlfeldgasse exactly one year ago still have legal repercussions today. Attic flats were put on top of the embattled Gr\u00fcnderzeit building, the last tenant will give up and make way for solvent owners or investors. The new music\/dance theatre piece PIZZERIA ANARCHIA by the Italian group Balletto Civile, however, is not about retelling these facts. The search for a \"universal dramaturgy\" developed into a poetic reflection on current social events that asks more about emotions than facts, more about the relationships of those involved than the striking juxtaposition of \"good guys and bad guys\". In the inconstancy of perspectives and points of view lies the difficulty of evaluating social processes, keeping track of them and locating oneself in them. Who makes our opinion?<\/p>\t\t\t\t\t\t\t\t<\/div>\n\t\t\t\t<\/div>\n\t\t\t\t<div class=\"elementor-element elementor-element-70f97dd elementor-widget elementor-widget-accordion\" data-id=\"70f97dd\" data-element_type=\"widget\" data-e-type=\"widget\" data-widget_type=\"accordion.default\">\n\t\t\t\t<div class=\"elementor-widget-container\">\n\t\t\t\t\t\t\t<div class=\"elementor-accordion\">\n\t\t\t\t\t\t\t<div class=\"elementor-accordion-item\">\n\t\t\t\t\t<div id=\"elementor-tab-title-1181\" class=\"elementor-tab-title\" data-tab=\"1\" role=\"button\" aria-controls=\"elementor-tab-content-1181\" aria-expanded=\"false\">\n\t\t\t\t\t\t\t\t\t\t\t\t\t<span class=\"elementor-accordion-icon elementor-accordion-icon-left\" aria-hidden=\"true\">\n\t\t\t\t\t\t\t\t\t\t\t\t\t\t\t<span class=\"elementor-accordion-icon-closed\"><i class=\"fas fa-angle-down\"><\/i><\/span>\n\t\t\t\t\t\t\t\t<span class=\"elementor-accordion-icon-opened\"><i class=\"fas fa-angle-up\"><\/i><\/span>\n\t\t\t\t\t\t\t\t\t\t\t\t\t\t<\/span>\n\t\t\t\t\t\t\t\t\t\t\t\t<a class=\"elementor-accordion-title\" tabindex=\"0\">Credits<\/a>\n\t\t\t\t\t<\/div>\n\t\t\t\t\t<div id=\"elementor-tab-content-1181\" class=\"elementor-tab-content elementor-clearfix\" data-tab=\"1\" role=\"region\" aria-labelledby=\"elementor-tab-title-1181\"><p><strong>Choreography and staging:<\/strong> Michela Lucenti <strong>Idea<\/strong>Thomas Cornelius Desi <strong>Concept<\/strong>Maurizio Camilli Michela Lucenti <strong>Dramaturgy<\/strong>: Bernhard Glocksin <strong>Text<\/strong>Thomas Desi, Balletto Civile <strong>Music<\/strong>: Michael Emanuel Bauer <strong>Costumes and stage design:<\/strong> Chiara Defant <strong>With<\/strong>Balletto Civile: Fabio Bergaglio, Maurizio Camilli, Ambra Chiarello, Michela Lucenti, Alessandro Pallecchi, Emanuela Serra, Demian Troiano, Benoit Pitre (baritone), Florian Bergmann (alto saxophone and bass clarinet) Alberto Cavenati (electric guitar) <strong>A coproduction <\/strong>by MUSIKTHEATERTAGE WIEN, Neuk\u00f6llner Oper Berlin (DE), Teatro della Tosse, Genova (IT) and Balletto Civile (IT)<\/p><\/div>\n\t\t\t\t<\/div>\n\t\t\t\t\t\t\t\t<\/div>\n\t\t\t\t\t\t<\/div>\n\t\t\t\t<\/div>\n\t\t\t\t<div data-dce-text-color=\"#020000\" class=\"elementor-element elementor-element-8001182 elementor-widget elementor-widget-image-gallery\" data-id=\"8001182\" data-element_type=\"widget\" data-e-type=\"widget\" data-widget_type=\"image-gallery.default\">\n\t\t\t\t<div class=\"elementor-widget-container\">\n\t\t\t\t\t\t\t<div class=\"elementor-image-gallery\">\n\t\t\t<div id='gallery-1' class='gallery galleryid-4224 gallery-columns-2 gallery-size-medium_large'><figure class='gallery-item'>\n\t\t\t<div class='gallery-icon landscape'>\n\t\t\t\t<a data-elementor-open-lightbox=\"yes\" data-elementor-lightbox-slideshow=\"8001182\" data-e-action-hash=\"#elementor-action%3Aaction%3Dlightbox%26settings%3DeyJpZCI6NDIyMSwidXJsIjoiaHR0cHM6XC9cL210dHcuYXRcL3dwLWNvbnRlbnRcL3VwbG9hZHNcL211c2lrdGhlYXRlcnRhZ2UtNzAtMS5qcGciLCJzbGlkZXNob3ciOiI4MDAxMTgyIn0%3D\" href='https:\/\/mttw.at\/wp-content\/uploads\/musiktheatertage-70-1.jpg'><img fetchpriority=\"high\" decoding=\"async\" width=\"768\" height=\"435\" src=\"https:\/\/mttw.at\/wp-content\/uploads\/musiktheatertage-70-1-768x435.jpg\" class=\"attachment-medium_large size-medium_large\" alt=\"Pizzeria Anarchia (2015)\" aria-describedby=\"gallery-1-4221\" srcset=\"https:\/\/mttw.at\/wp-content\/uploads\/musiktheatertage-70-1-768x435.jpg 768w, https:\/\/mttw.at\/wp-content\/uploads\/musiktheatertage-70-1-500x283.jpg 500w, https:\/\/mttw.at\/wp-content\/uploads\/musiktheatertage-70-1.jpg 830w\" sizes=\"(max-width: 768px) 100vw, 768px\" \/><\/a>\n\t\t\t<\/div>\n\t\t\t\t<figcaption class='wp-caption-text gallery-caption' id='gallery-1-4221'>\n\t\t\t\t(c) Vincent Stefan\n\t\t\t\t<\/figcaption><\/figure><figure class='gallery-item'>\n\t\t\t<div class='gallery-icon landscape'>\n\t\t\t\t<a data-elementor-open-lightbox=\"yes\" data-elementor-lightbox-slideshow=\"8001182\" data-e-action-hash=\"#elementor-action%3Aaction%3Dlightbox%26settings%3DeyJpZCI6NDIyMCwidXJsIjoiaHR0cHM6XC9cL210dHcuYXRcL3dwLWNvbnRlbnRcL3VwbG9hZHNcL211c2lrdGhlYXRlcnRhZ2UtNjktMS5qcGciLCJzbGlkZXNob3ciOiI4MDAxMTgyIn0%3D\" href='https:\/\/mttw.at\/wp-content\/uploads\/musiktheatertage-69-1.jpg'><img decoding=\"async\" width=\"768\" height=\"435\" src=\"https:\/\/mttw.at\/wp-content\/uploads\/musiktheatertage-69-1-768x435.jpg\" class=\"attachment-medium_large size-medium_large\" alt=\"Pizzeria Anarchia (2015)\" aria-describedby=\"gallery-1-4220\" srcset=\"https:\/\/mttw.at\/wp-content\/uploads\/musiktheatertage-69-1-768x435.jpg 768w, https:\/\/mttw.at\/wp-content\/uploads\/musiktheatertage-69-1-500x283.jpg 500w, https:\/\/mttw.at\/wp-content\/uploads\/musiktheatertage-69-1.jpg 830w\" sizes=\"(max-width: 768px) 100vw, 768px\" \/><\/a>\n\t\t\t<\/div>\n\t\t\t\t<figcaption class='wp-caption-text gallery-caption' id='gallery-1-4220'>\n\t\t\t\t(c) Vincent Stefan\n\t\t\t\t<\/figcaption><\/figure><figure class='gallery-item'>\n\t\t\t<div class='gallery-icon landscape'>\n\t\t\t\t<a data-elementor-open-lightbox=\"yes\" data-elementor-lightbox-slideshow=\"8001182\" data-e-action-hash=\"#elementor-action%3Aaction%3Dlightbox%26settings%3DeyJpZCI6NDIxOSwidXJsIjoiaHR0cHM6XC9cL210dHcuYXRcL3dwLWNvbnRlbnRcL3VwbG9hZHNcL211c2lrdGhlYXRlcnRhZ2UtNjgtMS5qcGciLCJzbGlkZXNob3ciOiI4MDAxMTgyIn0%3D\" href='https:\/\/mttw.at\/wp-content\/uploads\/musiktheatertage-68-1.jpg'><img decoding=\"async\" width=\"768\" height=\"435\" src=\"https:\/\/mttw.at\/wp-content\/uploads\/musiktheatertage-68-1-768x435.jpg\" class=\"attachment-medium_large size-medium_large\" alt=\"Pizzeria Anarchia (2015)\" aria-describedby=\"gallery-1-4219\" srcset=\"https:\/\/mttw.at\/wp-content\/uploads\/musiktheatertage-68-1-768x435.jpg 768w, https:\/\/mttw.at\/wp-content\/uploads\/musiktheatertage-68-1-500x283.jpg 500w, https:\/\/mttw.at\/wp-content\/uploads\/musiktheatertage-68-1.jpg 830w\" sizes=\"(max-width: 768px) 100vw, 768px\" \/><\/a>\n\t\t\t<\/div>\n\t\t\t\t<figcaption class='wp-caption-text gallery-caption' id='gallery-1-4219'>\n\t\t\t\t(c) Vincent Stefan\n\t\t\t\t<\/figcaption><\/figure><figure class='gallery-item'>\n\t\t\t<div class='gallery-icon landscape'>\n\t\t\t\t<a data-elementor-open-lightbox=\"yes\" data-elementor-lightbox-slideshow=\"8001182\" data-e-action-hash=\"#elementor-action%3Aaction%3Dlightbox%26settings%3DeyJpZCI6NDIxOCwidXJsIjoiaHR0cHM6XC9cL210dHcuYXRcL3dwLWNvbnRlbnRcL3VwbG9hZHNcL211c2lrdGhlYXRlcnRhZ2UtNjctMS5qcGciLCJzbGlkZXNob3ciOiI4MDAxMTgyIn0%3D\" href='https:\/\/mttw.at\/wp-content\/uploads\/musiktheatertage-67-1.jpg'><img loading=\"lazy\" decoding=\"async\" width=\"768\" height=\"435\" src=\"https:\/\/mttw.at\/wp-content\/uploads\/musiktheatertage-67-1-768x435.jpg\" class=\"attachment-medium_large size-medium_large\" alt=\"Pizzeria Anarchia (2015)\" aria-describedby=\"gallery-1-4218\" srcset=\"https:\/\/mttw.at\/wp-content\/uploads\/musiktheatertage-67-1-768x435.jpg 768w, https:\/\/mttw.at\/wp-content\/uploads\/musiktheatertage-67-1-500x283.jpg 500w, https:\/\/mttw.at\/wp-content\/uploads\/musiktheatertage-67-1.jpg 830w\" sizes=\"(max-width: 768px) 100vw, 768px\" \/><\/a>\n\t\t\t<\/div>\n\t\t\t\t<figcaption class='wp-caption-text gallery-caption' id='gallery-1-4218'>\n\t\t\t\t(c) Vincent Stefan\n\t\t\t\t<\/figcaption><\/figure><figure class='gallery-item'>\n\t\t\t<div class='gallery-icon landscape'>\n\t\t\t\t<a data-elementor-open-lightbox=\"yes\" data-elementor-lightbox-slideshow=\"8001182\" data-e-action-hash=\"#elementor-action%3Aaction%3Dlightbox%26settings%3DeyJpZCI6NDIxNywidXJsIjoiaHR0cHM6XC9cL210dHcuYXRcL3dwLWNvbnRlbnRcL3VwbG9hZHNcL211c2lrdGhlYXRlcnRhZ2UtNjQtMS5qcGciLCJzbGlkZXNob3ciOiI4MDAxMTgyIn0%3D\" href='https:\/\/mttw.at\/wp-content\/uploads\/musiktheatertage-64-1.jpg'><img loading=\"lazy\" decoding=\"async\" width=\"768\" height=\"435\" src=\"https:\/\/mttw.at\/wp-content\/uploads\/musiktheatertage-64-1-768x435.jpg\" class=\"attachment-medium_large size-medium_large\" alt=\"Pizzeria Anarchia (2015)\" aria-describedby=\"gallery-1-4217\" srcset=\"https:\/\/mttw.at\/wp-content\/uploads\/musiktheatertage-64-1-768x435.jpg 768w, https:\/\/mttw.at\/wp-content\/uploads\/musiktheatertage-64-1-500x283.jpg 500w, https:\/\/mttw.at\/wp-content\/uploads\/musiktheatertage-64-1.jpg 830w\" sizes=\"(max-width: 768px) 100vw, 768px\" \/><\/a>\n\t\t\t<\/div>\n\t\t\t\t<figcaption class='wp-caption-text gallery-caption' id='gallery-1-4217'>\n\t\t\t\t(c) Vincent Stefan\n\t\t\t\t<\/figcaption><\/figure><figure class='gallery-item'>\n\t\t\t<div class='gallery-icon landscape'>\n\t\t\t\t<a data-elementor-open-lightbox=\"yes\" data-elementor-lightbox-slideshow=\"8001182\" data-e-action-hash=\"#elementor-action%3Aaction%3Dlightbox%26settings%3DeyJpZCI6NDIxNiwidXJsIjoiaHR0cHM6XC9cL210dHcuYXRcL3dwLWNvbnRlbnRcL3VwbG9hZHNcL211c2lrdGhlYXRlcnRhZ2UtNjEtMS5qcGciLCJzbGlkZXNob3ciOiI4MDAxMTgyIn0%3D\" href='https:\/\/mttw.at\/wp-content\/uploads\/musiktheatertage-61-1.jpg'><img loading=\"lazy\" decoding=\"async\" width=\"768\" height=\"435\" src=\"https:\/\/mttw.at\/wp-content\/uploads\/musiktheatertage-61-1-768x435.jpg\" class=\"attachment-medium_large size-medium_large\" alt=\"Pizzeria Anarchia (2015)\" aria-describedby=\"gallery-1-4216\" srcset=\"https:\/\/mttw.at\/wp-content\/uploads\/musiktheatertage-61-1-768x435.jpg 768w, https:\/\/mttw.at\/wp-content\/uploads\/musiktheatertage-61-1-500x283.jpg 500w, https:\/\/mttw.at\/wp-content\/uploads\/musiktheatertage-61-1.jpg 830w\" sizes=\"(max-width: 768px) 100vw, 768px\" \/><\/a>\n\t\t\t<\/div>\n\t\t\t\t<figcaption class='wp-caption-text gallery-caption' id='gallery-1-4216'>\n\t\t\t\t(c) Vincent Stefan\n\t\t\t\t<\/figcaption><\/figure>\n\t\t<\/div>\n\t\t<\/div>\n\t\t\t\t\t\t<\/div>\n\t\t\t\t<\/div>\n\t\t\t\t\t<\/div>\n\t\t<\/div>\n\t\t\t\t\t<\/div>\n\t\t<\/section>\n\t\t\t\t<\/div>","protected":false},"excerpt":{"rendered":"<p>Pizzeria Anarchia | MTTW 2015 Instagram Facebook-f Youtube Michaela Lucenti (IT) \/ Thomas C. Desi (AT) Pizzeria Anarchia Musik- und Tanztheater \u00fcber das Recht auf Wohnen Urauff\u00fchrung Eine Koproduktion von Neuk\u00f6llner Oper Berlin (DE), Teatro della Tosse, Genova (IT) und Balletto Civile (IT) und MUSIKTHEATERTAGE WIEN Die Ereignisse um die R\u00e4umung der &#8222;Pizzeria Anarchia&#8220; in [&hellip;]<\/p>\n","protected":false},"author":2,"featured_media":1793,"parent":9680,"menu_order":0,"comment_status":"closed","ping_status":"closed","template":"elementor_header_footer","meta":{"_acf_changed":false,"_seopress_robots_primary_cat":"","_seopress_titles_title":"%%post_title%% - %%sitetitle%% Contemporary Music Theatre Festival ","_seopress_titles_desc":"\u00d6sterreichs Festivals f\u00fcr neues Musiktheater. Save The Date: 14. - 24. September 2022.","_seopress_robots_index":"","_coblocks_attr":"","_coblocks_dimensions":"","_coblocks_responsive_height":"","_coblocks_accordion_ie_support":"","footnotes":""},"class_list":["post-4224","page","type-page","status-publish","has-post-thumbnail","hentry"],"blocksy_meta":{"styles_descriptor":{"styles":{"desktop":"","tablet":"","mobile":""},"google_fonts":[],"version":6}},"acf":[],"_links":{"self":[{"href":"https:\/\/mttw.at\/en\/wp-json\/wp\/v2\/pages\/4224","targetHints":{"allow":["GET"]}}],"collection":[{"href":"https:\/\/mttw.at\/en\/wp-json\/wp\/v2\/pages"}],"about":[{"href":"https:\/\/mttw.at\/en\/wp-json\/wp\/v2\/types\/page"}],"author":[{"embeddable":true,"href":"https:\/\/mttw.at\/en\/wp-json\/wp\/v2\/users\/2"}],"replies":[{"embeddable":true,"href":"https:\/\/mttw.at\/en\/wp-json\/wp\/v2\/comments?post=4224"}],"version-history":[{"count":0,"href":"https:\/\/mttw.at\/en\/wp-json\/wp\/v2\/pages\/4224\/revisions"}],"up":[{"embeddable":true,"href":"https:\/\/mttw.at\/en\/wp-json\/wp\/v2\/pages\/9680"}],"wp:featuredmedia":[{"embeddable":true,"href":"https:\/\/mttw.at\/en\/wp-json\/wp\/v2\/media\/1793"}],"wp:attachment":[{"href":"https:\/\/mttw.at\/en\/wp-json\/wp\/v2\/media?parent=4224"}],"curies":[{"name":"wp","href":"https:\/\/api.w.org\/{rel}","templated":true}]}}