{"id":4535,"date":"2022-07-29T09:05:53","date_gmt":"2022-07-29T09:05:53","guid":{"rendered":"https:\/\/mttw.at\/?page_id=4535"},"modified":"2024-02-12T15:50:11","modified_gmt":"2024-02-12T14:50:11","slug":"displace-mttw-2015","status":"publish","type":"page","link":"https:\/\/mttw.at\/en\/archiv\/displace-mttw-2015\/","title":{"rendered":"disPLACE | MTTW 2015"},"content":{"rendered":"<div data-elementor-type=\"wp-page\" data-elementor-id=\"4535\" class=\"elementor elementor-4535\" data-elementor-post-type=\"page\">\n\t\t\t\t\t\t<section data-dce-background-image-url=\"https:\/\/mttw.at\/wp-content\/uploads\/disPLACE-_MAN4953-scaled.jpg\" class=\"elementor-section elementor-top-section elementor-element elementor-element-821d82c elementor-section-height-min-height elementor-section-items-stretch elementor-section-boxed elementor-section-height-default\" data-id=\"821d82c\" data-element_type=\"section\" data-e-type=\"section\" data-settings=\"{&quot;background_background&quot;:&quot;classic&quot;}\">\n\t\t\t\t\t\t\t<div class=\"elementor-background-overlay\"><\/div>\n\t\t\t\t\t\t\t<div class=\"elementor-container elementor-column-gap-default\">\n\t\t\t\t\t<div class=\"elementor-column elementor-col-100 elementor-top-column elementor-element elementor-element-7016ca46\" data-id=\"7016ca46\" data-element_type=\"column\" data-e-type=\"column\" data-settings=\"{&quot;background_background&quot;:&quot;classic&quot;}\">\n\t\t\t<div class=\"elementor-widget-wrap elementor-element-populated\">\n\t\t\t\t\t<div class=\"elementor-background-overlay\"><\/div>\n\t\t\t\t\t\t<div class=\"elementor-element elementor-element-cbab2f3 animated-slow elementor-widget elementor-widget-heading\" data-id=\"cbab2f3\" data-element_type=\"widget\" data-e-type=\"widget\" data-settings=\"{&quot;_animation&quot;:&quot;none&quot;}\" data-widget_type=\"heading.default\">\n\t\t\t\t<div class=\"elementor-widget-container\">\n\t\t\t\t\t<p class=\"elementor-heading-title elementor-size-small\">Displace | MTTW 2015 <\/p>\t\t\t\t<\/div>\n\t\t\t\t<\/div>\n\t\t\t\t<div class=\"elementor-element elementor-element-387349bf elementor-shape-square elementor-grid-1 elementor-widget__width-auto elementor-fixed e-grid-align-center elementor-widget elementor-widget-social-icons\" data-id=\"387349bf\" data-element_type=\"widget\" data-e-type=\"widget\" data-settings=\"{&quot;_position&quot;:&quot;fixed&quot;}\" data-widget_type=\"social-icons.default\">\n\t\t\t\t<div class=\"elementor-widget-container\">\n\t\t\t\t\t\t\t<div class=\"elementor-social-icons-wrapper elementor-grid\" role=\"list\">\n\t\t\t\t\t\t\t<span class=\"elementor-grid-item\" role=\"listitem\">\n\t\t\t\t\t<a class=\"elementor-icon elementor-social-icon elementor-social-icon-instagram elementor-repeater-item-f90d36f\" href=\"https:\/\/www.instagram.com\/musiktheatertage\/?hl=de\" target=\"_blank\">\n\t\t\t\t\t\t<span class=\"elementor-screen-only\">Instagram<\/span>\n\t\t\t\t\t\t<i aria-hidden=\"true\" class=\"fab fa-instagram\"><\/i>\t\t\t\t\t<\/a>\n\t\t\t\t<\/span>\n\t\t\t\t\t\t\t<span class=\"elementor-grid-item\" role=\"listitem\">\n\t\t\t\t\t<a class=\"elementor-icon elementor-social-icon elementor-social-icon-facebook-f elementor-repeater-item-63c08dc\" href=\"https:\/\/www.facebook.com\/Musiktheatertage\/\" target=\"_blank\">\n\t\t\t\t\t\t<span class=\"elementor-screen-only\">Facebook-f<\/span>\n\t\t\t\t\t\t<i aria-hidden=\"true\" class=\"fab fa-facebook-f\"><\/i>\t\t\t\t\t<\/a>\n\t\t\t\t<\/span>\n\t\t\t\t\t\t\t<span class=\"elementor-grid-item\" role=\"listitem\">\n\t\t\t\t\t<a class=\"elementor-icon elementor-social-icon elementor-social-icon-youtube elementor-repeater-item-90b4e82\" href=\"https:\/\/www.youtube.com\/channel\/UCPYNkeStbE-xNzkiFFltepg\" target=\"_blank\">\n\t\t\t\t\t\t<span class=\"elementor-screen-only\">Youtube<\/span>\n\t\t\t\t\t\t<i aria-hidden=\"true\" class=\"fab fa-youtube\"><\/i>\t\t\t\t\t<\/a>\n\t\t\t\t<\/span>\n\t\t\t\t\t<\/div>\n\t\t\t\t\t\t<\/div>\n\t\t\t\t<\/div>\n\t\t\t\t\t<\/div>\n\t\t<\/div>\n\t\t\t\t\t<\/div>\n\t\t<\/section>\n\t\t\t\t<section class=\"elementor-section elementor-top-section elementor-element elementor-element-32dedfb elementor-section-boxed elementor-section-height-default elementor-section-height-default\" data-id=\"32dedfb\" data-element_type=\"section\" data-e-type=\"section\">\n\t\t\t\t\t\t<div class=\"elementor-container elementor-column-gap-default\">\n\t\t\t\t\t<div class=\"elementor-column elementor-col-100 elementor-top-column elementor-element elementor-element-da44888\" data-id=\"da44888\" data-element_type=\"column\" data-e-type=\"column\">\n\t\t\t<div class=\"elementor-widget-wrap elementor-element-populated\">\n\t\t\t\t\t\t<div class=\"elementor-element elementor-element-ed14038 elementor-widget elementor-widget-heading\" data-id=\"ed14038\" data-element_type=\"widget\" data-e-type=\"widget\" data-widget_type=\"heading.default\">\n\t\t\t\t<div class=\"elementor-widget-container\">\n\t\t\t\t\t<h2 class=\"elementor-heading-title elementor-size-default\">Raquel Garc\u00eda-Tom\u00e1s, Joan Magran\u00e9 Figuera<\/h2>\t\t\t\t<\/div>\n\t\t\t\t<\/div>\n\t\t\t\t<div class=\"elementor-element elementor-element-76f39a5 elementor-widget elementor-widget-heading\" data-id=\"76f39a5\" data-element_type=\"widget\" data-e-type=\"widget\" data-widget_type=\"heading.default\">\n\t\t\t\t<div class=\"elementor-widget-container\">\n\t\t\t\t\t<h1 class=\"elementor-heading-title elementor-size-default\">disPLACE<\/h1>\t\t\t\t<\/div>\n\t\t\t\t<\/div>\n\t\t\t\t<div class=\"elementor-element elementor-element-b2524fd elementor-widget elementor-widget-heading\" data-id=\"b2524fd\" data-element_type=\"widget\" data-e-type=\"widget\" data-widget_type=\"heading.default\">\n\t\t\t\t<div class=\"elementor-widget-container\">\n\t\t\t\t\t<h3 class=\"elementor-heading-title elementor-size-default\">Urban development Barcelona 2015<\/h3>\t\t\t\t<\/div>\n\t\t\t\t<\/div>\n\t\t\t\t<div data-dce-text-color=\"#000000\" class=\"elementor-element elementor-element-1068045 elementor-widget elementor-widget-text-editor\" data-id=\"1068045\" data-element_type=\"widget\" data-e-type=\"widget\" data-widget_type=\"text-editor.default\">\n\t\t\t\t<div class=\"elementor-widget-container\">\n\t\t\t\t\t\t\t\t\t<p>Premiere<\/p><p style=\"margin-bottom: var(--content-spacing); font-size: 16px; text-align: start; letter-spacing: 0.35px;\">A production of the MUSIKTHEATERTAGE WIEN<br \/>in co-production with \u00d2pera de Butxaca i Nova Creaci\u00f3, Barcelona Institut Ramon Llull<\/p>\t\t\t\t\t\t\t\t<\/div>\n\t\t\t\t<\/div>\n\t\t\t\t<div data-dce-text-color=\"#000000\" class=\"elementor-element elementor-element-25b85c8 elementor-widget elementor-widget-text-editor\" data-id=\"25b85c8\" data-element_type=\"widget\" data-e-type=\"widget\" data-widget_type=\"text-editor.default\">\n\t\t\t\t<div class=\"elementor-widget-container\">\n\t\t\t\t\t\t\t\t\t<p>In disPLACE, the two Catalan composers Raquel Garc\u00eda-Tom\u00e1s and Joan Magran\u00e9 Figuera draw a musical picture of one and the same theme - the gentrification of Barcelona's inner city, but from two contrasting points of view. For this work, the author Helena Tornero has written a libretto about the impending \"tourist sell-out\" of her home city.<\/p><p>To what extent, especially in the light of global developments, is it all a question of attitude for the individual: either to benefit from the economic and political decisions of the free market or to be discriminated against by it?<\/p>\t\t\t\t\t\t\t\t<\/div>\n\t\t\t\t<\/div>\n\t\t\t\t<div class=\"elementor-element elementor-element-70f97dd elementor-widget elementor-widget-accordion\" data-id=\"70f97dd\" data-element_type=\"widget\" data-e-type=\"widget\" data-widget_type=\"accordion.default\">\n\t\t\t\t<div class=\"elementor-widget-container\">\n\t\t\t\t\t\t\t<div class=\"elementor-accordion\">\n\t\t\t\t\t\t\t<div class=\"elementor-accordion-item\">\n\t\t\t\t\t<div id=\"elementor-tab-title-1181\" class=\"elementor-tab-title\" data-tab=\"1\" role=\"button\" aria-controls=\"elementor-tab-content-1181\" aria-expanded=\"false\">\n\t\t\t\t\t\t\t\t\t\t\t\t\t<span class=\"elementor-accordion-icon elementor-accordion-icon-left\" aria-hidden=\"true\">\n\t\t\t\t\t\t\t\t\t\t\t\t\t\t\t<span class=\"elementor-accordion-icon-closed\"><i class=\"fas fa-angle-down\"><\/i><\/span>\n\t\t\t\t\t\t\t\t<span class=\"elementor-accordion-icon-opened\"><i class=\"fas fa-angle-up\"><\/i><\/span>\n\t\t\t\t\t\t\t\t\t\t\t\t\t\t<\/span>\n\t\t\t\t\t\t\t\t\t\t\t\t<a class=\"elementor-accordion-title\" tabindex=\"0\">Credits<\/a>\n\t\t\t\t\t<\/div>\n\t\t\t\t\t<div id=\"elementor-tab-content-1181\" class=\"elementor-tab-content elementor-clearfix\" data-tab=\"1\" role=\"region\" aria-labelledby=\"elementor-tab-title-1181\"><p><b>Text<\/b>Helena Tornero\u00a0<b>Music<\/b>: Joan Magran\u00e9 Figuera (1st part), Raquel Garc\u00eda-Tom\u00e1s* (2nd part)\u00a0<b>Direction<\/b>: Peter Pavlik\u00a0<b>Stage<\/b>Alexandra Burgstaller\u00a0<b>Light<\/b>Harald Michlits\u00a0<b>Assistant Director<\/b>: Stefan Suppanschitz\u00a0<b>Idea and overall direction: <\/b>Georg Steker\u00a0<b style=\"font-family: var( --e-global-typography-text-font-family ), Sans-serif; font-size: inherit; font-style: var( --e-global-typography-text-font-style ); letter-spacing: var( --e-global-typography-text-letter-spacing ); text-align: inherit; text-transform: var( --e-global-typography-text-text-transform );\">With<\/b><span style=\"background-color: var( --e-global-color-primary ); font-family: var( --e-global-typography-text-font-family ), Sans-serif; font-size: inherit; font-style: var( --e-global-typography-text-font-style ); letter-spacing: var( --e-global-typography-text-letter-spacing ); text-align: inherit; text-transform: var( --e-global-typography-text-text-transform );\">: Elena Copons (soprano), S\u00e9bastien Soules (baritone), Benedek Nagy (performer) Musicians of the Ensemble PHACE<\/span><b style=\"font-family: var( --e-global-typography-text-font-family ), Sans-serif; font-size: inherit; font-style: var( --e-global-typography-text-font-style ); letter-spacing: var( --e-global-typography-text-letter-spacing ); text-align: inherit; text-transform: var( --e-global-typography-text-text-transform );\">\u00a0<\/b><\/p><\/div>\n\t\t\t\t<\/div>\n\t\t\t\t\t\t\t\t<\/div>\n\t\t\t\t\t\t<\/div>\n\t\t\t\t<\/div>\n\t\t\t\t<div data-dce-text-color=\"#020000\" class=\"elementor-element elementor-element-7408b8e elementor-widget elementor-widget-image-gallery\" data-id=\"7408b8e\" data-element_type=\"widget\" data-e-type=\"widget\" data-widget_type=\"image-gallery.default\">\n\t\t\t\t<div class=\"elementor-widget-container\">\n\t\t\t\t\t\t\t<div class=\"elementor-image-gallery\">\n\t\t\t<div id='gallery-1' class='gallery galleryid-4535 gallery-columns-3 gallery-size-medium_large'><figure class='gallery-item'>\n\t\t\t<div class='gallery-icon landscape'>\n\t\t\t\t<a data-elementor-open-lightbox=\"yes\" data-elementor-lightbox-slideshow=\"7408b8e\" data-e-action-hash=\"#elementor-action%3Aaction%3Dlightbox%26settings%3DeyJpZCI6NDUzNywidXJsIjoiaHR0cHM6XC9cL210dHcuYXRcL3dwLWNvbnRlbnRcL3VwbG9hZHNcL2Rpc1BMQUNFLV9NQU40ODQ3LXNjYWxlZC5qcGciLCJzbGlkZXNob3ciOiI3NDA4YjhlIn0%3D\" href='https:\/\/mttw.at\/wp-content\/uploads\/disPLACE-_MAN4847-scaled.jpg'><img fetchpriority=\"high\" decoding=\"async\" width=\"768\" height=\"510\" src=\"https:\/\/mttw.at\/wp-content\/uploads\/disPLACE-_MAN4847-768x510.jpg\" class=\"attachment-medium_large size-medium_large\" alt=\"disPLACE\" aria-describedby=\"gallery-1-4537\" srcset=\"https:\/\/mttw.at\/wp-content\/uploads\/disPLACE-_MAN4847-768x510.jpg 768w, https:\/\/mttw.at\/wp-content\/uploads\/disPLACE-_MAN4847-500x332.jpg 500w, https:\/\/mttw.at\/wp-content\/uploads\/disPLACE-_MAN4847-1024x680.jpg 1024w, https:\/\/mttw.at\/wp-content\/uploads\/disPLACE-_MAN4847-391x260.jpg 391w, https:\/\/mttw.at\/wp-content\/uploads\/disPLACE-_MAN4847-1536x1020.jpg 1536w, https:\/\/mttw.at\/wp-content\/uploads\/disPLACE-_MAN4847-2048x1360.jpg 2048w\" sizes=\"(max-width: 768px) 100vw, 768px\" \/><\/a>\n\t\t\t<\/div>\n\t\t\t\t<figcaption class='wp-caption-text gallery-caption' id='gallery-1-4537'>\n\t\t\t\t(c) Nick Mangafas\n\t\t\t\t<\/figcaption><\/figure><figure class='gallery-item'>\n\t\t\t<div class='gallery-icon landscape'>\n\t\t\t\t<a data-elementor-open-lightbox=\"yes\" data-elementor-lightbox-slideshow=\"7408b8e\" data-e-action-hash=\"#elementor-action%3Aaction%3Dlightbox%26settings%3DeyJpZCI6NDUzOCwidXJsIjoiaHR0cHM6XC9cL210dHcuYXRcL3dwLWNvbnRlbnRcL3VwbG9hZHNcL2Rpc1BMQUNFLV9NQU40OTAxLXNjYWxlZC5qcGciLCJzbGlkZXNob3ciOiI3NDA4YjhlIn0%3D\" href='https:\/\/mttw.at\/wp-content\/uploads\/disPLACE-_MAN4901-scaled.jpg'><img decoding=\"async\" width=\"768\" height=\"510\" src=\"https:\/\/mttw.at\/wp-content\/uploads\/disPLACE-_MAN4901-768x510.jpg\" class=\"attachment-medium_large size-medium_large\" alt=\"disPLACE\" aria-describedby=\"gallery-1-4538\" srcset=\"https:\/\/mttw.at\/wp-content\/uploads\/disPLACE-_MAN4901-768x510.jpg 768w, https:\/\/mttw.at\/wp-content\/uploads\/disPLACE-_MAN4901-500x332.jpg 500w, https:\/\/mttw.at\/wp-content\/uploads\/disPLACE-_MAN4901-1024x680.jpg 1024w, https:\/\/mttw.at\/wp-content\/uploads\/disPLACE-_MAN4901-391x260.jpg 391w, https:\/\/mttw.at\/wp-content\/uploads\/disPLACE-_MAN4901-1536x1020.jpg 1536w, https:\/\/mttw.at\/wp-content\/uploads\/disPLACE-_MAN4901-2048x1360.jpg 2048w\" sizes=\"(max-width: 768px) 100vw, 768px\" \/><\/a>\n\t\t\t<\/div>\n\t\t\t\t<figcaption class='wp-caption-text gallery-caption' id='gallery-1-4538'>\n\t\t\t\t(c) Nick Mangafas\n\t\t\t\t<\/figcaption><\/figure><figure class='gallery-item'>\n\t\t\t<div class='gallery-icon landscape'>\n\t\t\t\t<a data-elementor-open-lightbox=\"yes\" data-elementor-lightbox-slideshow=\"7408b8e\" data-e-action-hash=\"#elementor-action%3Aaction%3Dlightbox%26settings%3DeyJpZCI6NDUzOSwidXJsIjoiaHR0cHM6XC9cL210dHcuYXRcL3dwLWNvbnRlbnRcL3VwbG9hZHNcL2Rpc1BMQUNFLV9NQU40ODA0LXNjYWxlZC5qcGciLCJzbGlkZXNob3ciOiI3NDA4YjhlIn0%3D\" href='https:\/\/mttw.at\/wp-content\/uploads\/disPLACE-_MAN4804-scaled.jpg'><img decoding=\"async\" width=\"768\" height=\"510\" src=\"https:\/\/mttw.at\/wp-content\/uploads\/disPLACE-_MAN4804-768x510.jpg\" class=\"attachment-medium_large size-medium_large\" alt=\"disPLACE\" aria-describedby=\"gallery-1-4539\" srcset=\"https:\/\/mttw.at\/wp-content\/uploads\/disPLACE-_MAN4804-768x510.jpg 768w, https:\/\/mttw.at\/wp-content\/uploads\/disPLACE-_MAN4804-500x332.jpg 500w, https:\/\/mttw.at\/wp-content\/uploads\/disPLACE-_MAN4804-1024x680.jpg 1024w, https:\/\/mttw.at\/wp-content\/uploads\/disPLACE-_MAN4804-391x260.jpg 391w, https:\/\/mttw.at\/wp-content\/uploads\/disPLACE-_MAN4804-1536x1020.jpg 1536w, https:\/\/mttw.at\/wp-content\/uploads\/disPLACE-_MAN4804-2048x1360.jpg 2048w\" sizes=\"(max-width: 768px) 100vw, 768px\" \/><\/a>\n\t\t\t<\/div>\n\t\t\t\t<figcaption class='wp-caption-text gallery-caption' id='gallery-1-4539'>\n\t\t\t\t(c) Nick Mangafas\n\t\t\t\t<\/figcaption><\/figure><figure class='gallery-item'>\n\t\t\t<div class='gallery-icon landscape'>\n\t\t\t\t<a data-elementor-open-lightbox=\"yes\" data-elementor-lightbox-slideshow=\"7408b8e\" data-e-action-hash=\"#elementor-action%3Aaction%3Dlightbox%26settings%3DeyJpZCI6NDU0MywidXJsIjoiaHR0cHM6XC9cL210dHcuYXRcL3dwLWNvbnRlbnRcL3VwbG9hZHNcL2Rpc1BMQUNFLV9NQU40OTIxLXNjYWxlZC5qcGciLCJzbGlkZXNob3ciOiI3NDA4YjhlIn0%3D\" href='https:\/\/mttw.at\/wp-content\/uploads\/disPLACE-_MAN4921-scaled.jpg'><img loading=\"lazy\" decoding=\"async\" width=\"768\" height=\"510\" src=\"https:\/\/mttw.at\/wp-content\/uploads\/disPLACE-_MAN4921-768x510.jpg\" class=\"attachment-medium_large size-medium_large\" alt=\"disPLACE\" aria-describedby=\"gallery-1-4543\" srcset=\"https:\/\/mttw.at\/wp-content\/uploads\/disPLACE-_MAN4921-768x510.jpg 768w, https:\/\/mttw.at\/wp-content\/uploads\/disPLACE-_MAN4921-500x332.jpg 500w, https:\/\/mttw.at\/wp-content\/uploads\/disPLACE-_MAN4921-1024x680.jpg 1024w, https:\/\/mttw.at\/wp-content\/uploads\/disPLACE-_MAN4921-391x260.jpg 391w, https:\/\/mttw.at\/wp-content\/uploads\/disPLACE-_MAN4921-1536x1020.jpg 1536w, https:\/\/mttw.at\/wp-content\/uploads\/disPLACE-_MAN4921-2048x1360.jpg 2048w\" sizes=\"(max-width: 768px) 100vw, 768px\" \/><\/a>\n\t\t\t<\/div>\n\t\t\t\t<figcaption class='wp-caption-text gallery-caption' id='gallery-1-4543'>\n\t\t\t\t(c) Nick Mangafas\n\t\t\t\t<\/figcaption><\/figure><figure class='gallery-item'>\n\t\t\t<div class='gallery-icon landscape'>\n\t\t\t\t<a data-elementor-open-lightbox=\"yes\" data-elementor-lightbox-slideshow=\"7408b8e\" data-e-action-hash=\"#elementor-action%3Aaction%3Dlightbox%26settings%3DeyJpZCI6NDU0MCwidXJsIjoiaHR0cHM6XC9cL210dHcuYXRcL3dwLWNvbnRlbnRcL3VwbG9hZHNcL2Rpc1BMQUNFLV9NQU40ODU5LXNjYWxlZC5qcGciLCJzbGlkZXNob3ciOiI3NDA4YjhlIn0%3D\" href='https:\/\/mttw.at\/wp-content\/uploads\/disPLACE-_MAN4859-scaled.jpg'><img loading=\"lazy\" decoding=\"async\" width=\"768\" height=\"510\" src=\"https:\/\/mttw.at\/wp-content\/uploads\/disPLACE-_MAN4859-768x510.jpg\" class=\"attachment-medium_large size-medium_large\" alt=\"disPLACE\" aria-describedby=\"gallery-1-4540\" srcset=\"https:\/\/mttw.at\/wp-content\/uploads\/disPLACE-_MAN4859-768x510.jpg 768w, https:\/\/mttw.at\/wp-content\/uploads\/disPLACE-_MAN4859-500x332.jpg 500w, https:\/\/mttw.at\/wp-content\/uploads\/disPLACE-_MAN4859-1024x680.jpg 1024w, https:\/\/mttw.at\/wp-content\/uploads\/disPLACE-_MAN4859-391x260.jpg 391w, https:\/\/mttw.at\/wp-content\/uploads\/disPLACE-_MAN4859-1536x1020.jpg 1536w, https:\/\/mttw.at\/wp-content\/uploads\/disPLACE-_MAN4859-2048x1360.jpg 2048w\" sizes=\"(max-width: 768px) 100vw, 768px\" \/><\/a>\n\t\t\t<\/div>\n\t\t\t\t<figcaption class='wp-caption-text gallery-caption' id='gallery-1-4540'>\n\t\t\t\t(c) Nick Mangafas\n\t\t\t\t<\/figcaption><\/figure>\n\t\t<\/div>\n\t\t<\/div>\n\t\t\t\t\t\t<\/div>\n\t\t\t\t<\/div>\n\t\t\t\t<div data-dce-text-color=\"#020000\" class=\"elementor-element elementor-element-8001182 elementor-widget elementor-widget-image-gallery\" data-id=\"8001182\" data-element_type=\"widget\" data-e-type=\"widget\" data-widget_type=\"image-gallery.default\">\n\t\t\t\t<div class=\"elementor-widget-container\">\n\t\t\t\t\t\t\t<div class=\"elementor-image-gallery\">\n\t\t\t<div id='gallery-2' class='gallery galleryid-4535 gallery-columns-3 gallery-size-medium_large'><figure class='gallery-item'>\n\t\t\t<div class='gallery-icon portrait'>\n\t\t\t\t<a data-elementor-open-lightbox=\"yes\" data-elementor-lightbox-slideshow=\"8001182\" data-e-action-hash=\"#elementor-action%3Aaction%3Dlightbox%26settings%3DeyJpZCI6NDU0MiwidXJsIjoiaHR0cHM6XC9cL210dHcuYXRcL3dwLWNvbnRlbnRcL3VwbG9hZHNcL2Rpc1BMQUNFLV9NQU40OTE4LXNjYWxlZC5qcGciLCJzbGlkZXNob3ciOiI4MDAxMTgyIn0%3D\" href='https:\/\/mttw.at\/wp-content\/uploads\/disPLACE-_MAN4918-scaled.jpg'><img loading=\"lazy\" decoding=\"async\" width=\"768\" height=\"1156\" src=\"https:\/\/mttw.at\/wp-content\/uploads\/disPLACE-_MAN4918-768x1156.jpg\" class=\"attachment-medium_large size-medium_large\" alt=\"disPLACE\" aria-describedby=\"gallery-2-4542\" srcset=\"https:\/\/mttw.at\/wp-content\/uploads\/disPLACE-_MAN4918-768x1156.jpg 768w, https:\/\/mttw.at\/wp-content\/uploads\/disPLACE-_MAN4918-332x500.jpg 332w, https:\/\/mttw.at\/wp-content\/uploads\/disPLACE-_MAN4918-680x1024.jpg 680w, https:\/\/mttw.at\/wp-content\/uploads\/disPLACE-_MAN4918-1020x1536.jpg 1020w, https:\/\/mttw.at\/wp-content\/uploads\/disPLACE-_MAN4918-1360x2048.jpg 1360w, https:\/\/mttw.at\/wp-content\/uploads\/disPLACE-_MAN4918-scaled.jpg 1700w\" sizes=\"(max-width: 768px) 100vw, 768px\" \/><\/a>\n\t\t\t<\/div>\n\t\t\t\t<figcaption class='wp-caption-text gallery-caption' id='gallery-2-4542'>\n\t\t\t\t(c) Nick Mangafas\n\t\t\t\t<\/figcaption><\/figure><figure class='gallery-item'>\n\t\t\t<div class='gallery-icon portrait'>\n\t\t\t\t<a data-elementor-open-lightbox=\"yes\" data-elementor-lightbox-slideshow=\"8001182\" data-e-action-hash=\"#elementor-action%3Aaction%3Dlightbox%26settings%3DeyJpZCI6NDU0MSwidXJsIjoiaHR0cHM6XC9cL210dHcuYXRcL3dwLWNvbnRlbnRcL3VwbG9hZHNcL2Rpc1BMQUNFLV9NQU40OTA4LXNjYWxlZC5qcGciLCJzbGlkZXNob3ciOiI4MDAxMTgyIn0%3D\" href='https:\/\/mttw.at\/wp-content\/uploads\/disPLACE-_MAN4908-scaled.jpg'><img loading=\"lazy\" decoding=\"async\" width=\"768\" height=\"1156\" src=\"https:\/\/mttw.at\/wp-content\/uploads\/disPLACE-_MAN4908-768x1156.jpg\" class=\"attachment-medium_large size-medium_large\" alt=\"disPLACE\" aria-describedby=\"gallery-2-4541\" srcset=\"https:\/\/mttw.at\/wp-content\/uploads\/disPLACE-_MAN4908-768x1156.jpg 768w, https:\/\/mttw.at\/wp-content\/uploads\/disPLACE-_MAN4908-332x500.jpg 332w, https:\/\/mttw.at\/wp-content\/uploads\/disPLACE-_MAN4908-680x1024.jpg 680w, https:\/\/mttw.at\/wp-content\/uploads\/disPLACE-_MAN4908-1020x1536.jpg 1020w, https:\/\/mttw.at\/wp-content\/uploads\/disPLACE-_MAN4908-1360x2048.jpg 1360w, https:\/\/mttw.at\/wp-content\/uploads\/disPLACE-_MAN4908-scaled.jpg 1700w\" sizes=\"(max-width: 768px) 100vw, 768px\" \/><\/a>\n\t\t\t<\/div>\n\t\t\t\t<figcaption class='wp-caption-text gallery-caption' id='gallery-2-4541'>\n\t\t\t\t(c) Nick Mangafas\n\t\t\t\t<\/figcaption><\/figure>\n\t\t<\/div>\n\t\t<\/div>\n\t\t\t\t\t\t<\/div>\n\t\t\t\t<\/div>\n\t\t\t\t<div class=\"elementor-element elementor-element-c3e2530 dce_masking-none elementor-widget elementor-widget-video\" data-id=\"c3e2530\" data-element_type=\"widget\" data-e-type=\"widget\" data-settings=\"{&quot;video_type&quot;:&quot;vimeo&quot;}\" data-widget_type=\"video.default\">\n\t\t\t\t<div class=\"elementor-widget-container\">\n\t\t\t\t\t\t\t<div class=\"elementor-wrapper elementor-open-inline\">\n\t\t\t<iframe class=\"elementor-video-iframe\" allowfullscreen allow=\"clipboard-write\" title=\"vimeo Video Player\" src=\"https:\/\/player.vimeo.com\/video\/136968206?color&amp;autopause=0&amp;loop=0&amp;muted=0&amp;title=1&amp;portrait=1&amp;byline=1#t=\" data-no-translation-title=\"\"><\/iframe>\t\t<\/div>\n\t\t\t\t\t\t<\/div>\n\t\t\t\t<\/div>\n\t\t\t\t\t<\/div>\n\t\t<\/div>\n\t\t\t\t\t<\/div>\n\t\t<\/section>\n\t\t\t\t<\/div>","protected":false},"excerpt":{"rendered":"<p>Displace | MTTW 2015 Instagram Facebook-f Youtube Raquel Garc\u00eda-Tom\u00e1s, Joan Magran\u00e9 Figuera disPLACE Stadtentwicklung Barcelona 2015 Urauff\u00fchrung Eine Produktion der MUSIK\u00adTHEATERTAGE WIENin Koproduktion mit \u00d2pera de Butxaca i Nova Creaci\u00f3, Barcelona Institut Ramon Llull Die beiden katalanischen Komponisten Raquel Garc\u00eda-Tom\u00e1s und Joan Magran\u00e9 Figuera zeichnen in disPLACE ein musikalisches Bild von ein und demselben Thema [&hellip;]<\/p>\n","protected":false},"author":2,"featured_media":1793,"parent":9680,"menu_order":0,"comment_status":"closed","ping_status":"closed","template":"elementor_header_footer","meta":{"_acf_changed":false,"_seopress_robots_primary_cat":"","_seopress_titles_title":"%%post_title%% - %%sitetitle%% Contemporary Music Theatre Festival ","_seopress_titles_desc":"\u00d6sterreichs Festivals f\u00fcr neues Musiktheater. Save The Date: 14. - 24. September 2022.","_seopress_robots_index":"","_coblocks_attr":"","_coblocks_dimensions":"","_coblocks_responsive_height":"","_coblocks_accordion_ie_support":"","footnotes":""},"class_list":["post-4535","page","type-page","status-publish","has-post-thumbnail","hentry"],"blocksy_meta":{"styles_descriptor":{"styles":{"desktop":"","tablet":"","mobile":""},"google_fonts":[],"version":6}},"acf":[],"_links":{"self":[{"href":"https:\/\/mttw.at\/en\/wp-json\/wp\/v2\/pages\/4535","targetHints":{"allow":["GET"]}}],"collection":[{"href":"https:\/\/mttw.at\/en\/wp-json\/wp\/v2\/pages"}],"about":[{"href":"https:\/\/mttw.at\/en\/wp-json\/wp\/v2\/types\/page"}],"author":[{"embeddable":true,"href":"https:\/\/mttw.at\/en\/wp-json\/wp\/v2\/users\/2"}],"replies":[{"embeddable":true,"href":"https:\/\/mttw.at\/en\/wp-json\/wp\/v2\/comments?post=4535"}],"version-history":[{"count":0,"href":"https:\/\/mttw.at\/en\/wp-json\/wp\/v2\/pages\/4535\/revisions"}],"up":[{"embeddable":true,"href":"https:\/\/mttw.at\/en\/wp-json\/wp\/v2\/pages\/9680"}],"wp:featuredmedia":[{"embeddable":true,"href":"https:\/\/mttw.at\/en\/wp-json\/wp\/v2\/media\/1793"}],"wp:attachment":[{"href":"https:\/\/mttw.at\/en\/wp-json\/wp\/v2\/media?parent=4535"}],"curies":[{"name":"wp","href":"https:\/\/api.w.org\/{rel}","templated":true}]}}