{"id":4873,"date":"2022-08-08T12:12:21","date_gmt":"2022-08-08T12:12:21","guid":{"rendered":"https:\/\/mttw.at\/?page_id=4873"},"modified":"2024-02-12T16:07:33","modified_gmt":"2024-02-12T15:07:33","slug":"ujamaa-paradise-mttw-2015","status":"publish","type":"page","link":"https:\/\/mttw.at\/en\/archiv\/ujamaa-paradise-mttw-2015\/","title":{"rendered":"UJAMAA PARADISE | MTTW 2015"},"content":{"rendered":"<div data-elementor-type=\"wp-page\" data-elementor-id=\"4873\" class=\"elementor elementor-4873\" data-elementor-post-type=\"page\">\n\t\t\t\t\t\t<section data-dce-background-image-url=\"https:\/\/mttw.at\/wp-content\/uploads\/2015-09-04-274-scaled.jpg\" class=\"elementor-section elementor-top-section elementor-element elementor-element-821d82c elementor-section-height-min-height elementor-section-items-stretch elementor-section-boxed elementor-section-height-default\" data-id=\"821d82c\" data-element_type=\"section\" data-e-type=\"section\" data-settings=\"{&quot;background_background&quot;:&quot;classic&quot;}\">\n\t\t\t\t\t\t\t<div class=\"elementor-background-overlay\"><\/div>\n\t\t\t\t\t\t\t<div class=\"elementor-container elementor-column-gap-default\">\n\t\t\t\t\t<div class=\"elementor-column elementor-col-100 elementor-top-column elementor-element elementor-element-7016ca46\" data-id=\"7016ca46\" data-element_type=\"column\" data-e-type=\"column\" data-settings=\"{&quot;background_background&quot;:&quot;classic&quot;}\">\n\t\t\t<div class=\"elementor-widget-wrap elementor-element-populated\">\n\t\t\t\t\t<div class=\"elementor-background-overlay\"><\/div>\n\t\t\t\t\t\t<div class=\"elementor-element elementor-element-cbab2f3 animated-slow elementor-widget elementor-widget-heading\" data-id=\"cbab2f3\" data-element_type=\"widget\" data-e-type=\"widget\" data-settings=\"{&quot;_animation&quot;:&quot;none&quot;}\" data-widget_type=\"heading.default\">\n\t\t\t\t<div class=\"elementor-widget-container\">\n\t\t\t\t\t<p class=\"elementor-heading-title elementor-size-small\">UJAMAA PARADISE | MTTW 2015 <\/p>\t\t\t\t<\/div>\n\t\t\t\t<\/div>\n\t\t\t\t<div class=\"elementor-element elementor-element-387349bf elementor-shape-square elementor-grid-1 elementor-widget__width-auto elementor-fixed e-grid-align-center elementor-widget elementor-widget-social-icons\" data-id=\"387349bf\" data-element_type=\"widget\" data-e-type=\"widget\" data-settings=\"{&quot;_position&quot;:&quot;fixed&quot;}\" data-widget_type=\"social-icons.default\">\n\t\t\t\t<div class=\"elementor-widget-container\">\n\t\t\t\t\t\t\t<div class=\"elementor-social-icons-wrapper elementor-grid\" role=\"list\">\n\t\t\t\t\t\t\t<span class=\"elementor-grid-item\" role=\"listitem\">\n\t\t\t\t\t<a class=\"elementor-icon elementor-social-icon elementor-social-icon-instagram elementor-repeater-item-f90d36f\" href=\"https:\/\/www.instagram.com\/musiktheatertage\/?hl=de\" target=\"_blank\">\n\t\t\t\t\t\t<span class=\"elementor-screen-only\">Instagram<\/span>\n\t\t\t\t\t\t<i aria-hidden=\"true\" class=\"fab fa-instagram\"><\/i>\t\t\t\t\t<\/a>\n\t\t\t\t<\/span>\n\t\t\t\t\t\t\t<span class=\"elementor-grid-item\" role=\"listitem\">\n\t\t\t\t\t<a class=\"elementor-icon elementor-social-icon elementor-social-icon-facebook-f elementor-repeater-item-63c08dc\" href=\"https:\/\/www.facebook.com\/Musiktheatertage\/\" target=\"_blank\">\n\t\t\t\t\t\t<span class=\"elementor-screen-only\">Facebook-f<\/span>\n\t\t\t\t\t\t<i aria-hidden=\"true\" class=\"fab fa-facebook-f\"><\/i>\t\t\t\t\t<\/a>\n\t\t\t\t<\/span>\n\t\t\t\t\t\t\t<span class=\"elementor-grid-item\" role=\"listitem\">\n\t\t\t\t\t<a class=\"elementor-icon elementor-social-icon elementor-social-icon-youtube elementor-repeater-item-90b4e82\" href=\"https:\/\/www.youtube.com\/channel\/UCPYNkeStbE-xNzkiFFltepg\" target=\"_blank\">\n\t\t\t\t\t\t<span class=\"elementor-screen-only\">Youtube<\/span>\n\t\t\t\t\t\t<i aria-hidden=\"true\" class=\"fab fa-youtube\"><\/i>\t\t\t\t\t<\/a>\n\t\t\t\t<\/span>\n\t\t\t\t\t<\/div>\n\t\t\t\t\t\t<\/div>\n\t\t\t\t<\/div>\n\t\t\t\t\t<\/div>\n\t\t<\/div>\n\t\t\t\t\t<\/div>\n\t\t<\/section>\n\t\t\t\t<section class=\"elementor-section elementor-top-section elementor-element elementor-element-32dedfb elementor-section-boxed elementor-section-height-default elementor-section-height-default\" data-id=\"32dedfb\" data-element_type=\"section\" data-e-type=\"section\">\n\t\t\t\t\t\t<div class=\"elementor-container elementor-column-gap-default\">\n\t\t\t\t\t<div class=\"elementor-column elementor-col-100 elementor-top-column elementor-element elementor-element-da44888\" data-id=\"da44888\" data-element_type=\"column\" data-e-type=\"column\">\n\t\t\t<div class=\"elementor-widget-wrap elementor-element-populated\">\n\t\t\t\t\t\t<div class=\"elementor-element elementor-element-ed14038 elementor-widget elementor-widget-heading\" data-id=\"ed14038\" data-element_type=\"widget\" data-e-type=\"widget\" data-widget_type=\"heading.default\">\n\t\t\t\t<div class=\"elementor-widget-container\">\n\t\t\t\t\t<h2 class=\"elementor-heading-title elementor-size-default\">Thomas Cornelius Desi<\/h2>\t\t\t\t<\/div>\n\t\t\t\t<\/div>\n\t\t\t\t<div class=\"elementor-element elementor-element-76f39a5 elementor-widget elementor-widget-heading\" data-id=\"76f39a5\" data-element_type=\"widget\" data-e-type=\"widget\" data-widget_type=\"heading.default\">\n\t\t\t\t<div class=\"elementor-widget-container\">\n\t\t\t\t\t<h1 class=\"elementor-heading-title elementor-size-default\">UJAMAA PARADISE<\/h1>\t\t\t\t<\/div>\n\t\t\t\t<\/div>\n\t\t\t\t<div class=\"elementor-element elementor-element-b2524fd elementor-widget elementor-widget-heading\" data-id=\"b2524fd\" data-element_type=\"widget\" data-e-type=\"widget\" data-widget_type=\"heading.default\">\n\t\t\t\t<div class=\"elementor-widget-container\">\n\t\t\t\t\t<h3 class=\"elementor-heading-title elementor-size-default\">An African Ghost Opera<\/h3>\t\t\t\t<\/div>\n\t\t\t\t<\/div>\n\t\t\t\t<div data-dce-text-color=\"#000000\" class=\"elementor-element elementor-element-1068045 elementor-widget elementor-widget-text-editor\" data-id=\"1068045\" data-element_type=\"widget\" data-e-type=\"widget\" data-widget_type=\"text-editor.default\">\n\t\t\t\t<div class=\"elementor-widget-container\">\n\t\t\t\t\t\t\t\t\t<p>Premiere<\/p><p style=\"margin-bottom: var(--content-spacing); text-align: start;\"><span style=\"font-size: 16px;\">A production of MUSIKTHEATERTAGE WIEN<\/span><\/p>\t\t\t\t\t\t\t\t<\/div>\n\t\t\t\t<\/div>\n\t\t\t\t<div data-dce-text-color=\"#000000\" class=\"elementor-element elementor-element-25b85c8 elementor-widget elementor-widget-text-editor\" data-id=\"25b85c8\" data-element_type=\"widget\" data-e-type=\"widget\" data-widget_type=\"text-editor.default\">\n\t\t\t\t<div class=\"elementor-widget-container\">\n\t\t\t\t\t\t\t\t\t<p>Ujamaa is a word in Kiswahili, the East African national language, and describes its own form of socialism as coined by the founding father of Tanzania, Julius Kambarage \"Mwalimu\" Nyerere. Nyerere also translated Shakespeare's drama \"Julius Caesar\" into his language. A community that is threatened at all times by the power interests of individuals forms the narrative of this music-theatrical experiment with opera professionals, dancers and amateurs from the community, complemented by music from Mozart's \"Magic Flute\".<\/p>\t\t\t\t\t\t\t\t<\/div>\n\t\t\t\t<\/div>\n\t\t\t\t<div class=\"elementor-element elementor-element-70f97dd elementor-widget elementor-widget-accordion\" data-id=\"70f97dd\" data-element_type=\"widget\" data-e-type=\"widget\" data-widget_type=\"accordion.default\">\n\t\t\t\t<div class=\"elementor-widget-container\">\n\t\t\t\t\t\t\t<div class=\"elementor-accordion\">\n\t\t\t\t\t\t\t<div class=\"elementor-accordion-item\">\n\t\t\t\t\t<div id=\"elementor-tab-title-1181\" class=\"elementor-tab-title\" data-tab=\"1\" role=\"button\" aria-controls=\"elementor-tab-content-1181\" aria-expanded=\"false\">\n\t\t\t\t\t\t\t\t\t\t\t\t\t<span class=\"elementor-accordion-icon elementor-accordion-icon-left\" aria-hidden=\"true\">\n\t\t\t\t\t\t\t\t\t\t\t\t\t\t\t<span class=\"elementor-accordion-icon-closed\"><i class=\"fas fa-angle-down\"><\/i><\/span>\n\t\t\t\t\t\t\t\t<span class=\"elementor-accordion-icon-opened\"><i class=\"fas fa-angle-up\"><\/i><\/span>\n\t\t\t\t\t\t\t\t\t\t\t\t\t\t<\/span>\n\t\t\t\t\t\t\t\t\t\t\t\t<a class=\"elementor-accordion-title\" tabindex=\"0\">Credits<\/a>\n\t\t\t\t\t<\/div>\n\t\t\t\t\t<div id=\"elementor-tab-content-1181\" class=\"elementor-tab-content elementor-clearfix\" data-tab=\"1\" role=\"region\" aria-labelledby=\"elementor-tab-title-1181\"><p><b>Directed by: <\/b>Thomas Cornelius Desi\u00a0<b style=\"font-size: inherit; text-align: inherit; background-color: var( --e-global-color-primary ); font-family: var( --e-global-typography-text-font-family ), Sans-serif; font-style: var( --e-global-typography-text-font-style ); letter-spacing: var( --e-global-typography-text-letter-spacing ); text-transform: var( --e-global-typography-text-text-transform );\">Assistance:<\/b><span style=\"font-size: inherit; text-align: inherit; background-color: var( --e-global-color-primary ); font-family: var( --e-global-typography-text-font-family ), Sans-serif; font-style: var( --e-global-typography-text-font-style ); letter-spacing: var( --e-global-typography-text-letter-spacing ); text-transform: var( --e-global-typography-text-text-transform );\"> Maida Kari\u0161ik\u00a0<\/span><b style=\"font-size: inherit; text-align: inherit; font-family: var( --e-global-typography-text-font-family ), Sans-serif; font-style: var( --e-global-typography-text-font-style ); letter-spacing: var( --e-global-typography-text-letter-spacing ); text-transform: var( --e-global-typography-text-text-transform ); background-color: var( --e-global-color-primary );\">Costume, stage: <\/b><span style=\"font-size: inherit; text-align: inherit; font-family: var( --e-global-typography-text-font-family ), Sans-serif; font-style: var( --e-global-typography-text-font-style ); letter-spacing: var( --e-global-typography-text-letter-spacing ); text-transform: var( --e-global-typography-text-text-transform ); background-color: var( --e-global-color-primary );\">Karoline Waller\u00a0<\/span><b style=\"font-size: inherit; text-align: inherit; font-family: var( --e-global-typography-text-font-family ), Sans-serif; font-style: var( --e-global-typography-text-font-style ); letter-spacing: var( --e-global-typography-text-letter-spacing ); text-transform: var( --e-global-typography-text-text-transform ); background-color: var( --e-global-color-primary );\">Light: <\/b><span style=\"font-size: inherit; text-align: inherit; font-family: var( --e-global-typography-text-font-family ), Sans-serif; font-style: var( --e-global-typography-text-font-style ); letter-spacing: var( --e-global-typography-text-letter-spacing ); text-transform: var( --e-global-typography-text-text-transform ); background-color: var( --e-global-color-primary );\">Harald Michlits\u00a0<\/span><b style=\"font-size: inherit; text-align: inherit; font-family: var( --e-global-typography-text-font-family ), Sans-serif; font-style: var( --e-global-typography-text-font-style ); letter-spacing: var( --e-global-typography-text-letter-spacing ); text-transform: var( --e-global-typography-text-text-transform ); background-color: var( --e-global-color-primary );\">Hospitancy:<\/b><span style=\"font-size: inherit; text-align: inherit; font-family: var( --e-global-typography-text-font-family ), Sans-serif; font-style: var( --e-global-typography-text-font-style ); letter-spacing: var( --e-global-typography-text-letter-spacing ); text-transform: var( --e-global-typography-text-text-transform ); background-color: var( --e-global-color-primary );\"> Marion Jacquin\u00a0<\/span><b style=\"font-size: inherit; text-align: inherit; font-family: var( --e-global-typography-text-font-family ), Sans-serif; font-style: var( --e-global-typography-text-font-style ); letter-spacing: var( --e-global-typography-text-letter-spacing ); text-transform: var( --e-global-typography-text-text-transform ); background-color: var( --e-global-color-primary );\">With: <\/b><span style=\"font-size: inherit; text-align: inherit; font-family: var( --e-global-typography-text-font-family ), Sans-serif; font-style: var( --e-global-typography-text-font-style ); letter-spacing: var( --e-global-typography-text-letter-spacing ); text-transform: var( --e-global-typography-text-text-transform ); background-color: var( --e-global-color-primary );\">Marie-Christiane Nishimwe (soprano), Bibiana Nwobilo (soprano), Rupert Bergmann (baritone), Mfilinge Nyalusi as \"Juliasi Kaizari\" and Blair Darby as \"Idi Amin Dada\", Otalia Sacko, Atuswege Burton, Richard Eronini, Afolabi Oladeji Graf, Katia Ledoux, Bisrat Melaku, Janne Eronini-Attakpah, Minou Graf, Tigist H\u00f6hndorf, Yemi Greifeneder as well as members of the Black Women's Community Vienna and Cloud Tissa (voice).\u00a0<\/span><b style=\"font-size: inherit; text-align: inherit; font-family: var( --e-global-typography-text-font-family ), Sans-serif; font-style: var( --e-global-typography-text-font-style ); letter-spacing: var( --e-global-typography-text-letter-spacing ); text-transform: var( --e-global-typography-text-text-transform ); background-color: var( --e-global-color-primary );\">Thanks to\u00a0<\/b><span style=\"font-size: inherit; text-align: inherit; font-family: var( --e-global-typography-text-font-family ), Sans-serif; font-style: var( --e-global-typography-text-font-style ); letter-spacing: var( --e-global-typography-text-letter-spacing ); text-transform: var( --e-global-typography-text-text-transform ); background-color: var( --e-global-color-primary );\">Radio Africa,\u00a0<\/span><span style=\"font-size: inherit; text-align: inherit; font-family: var( --e-global-typography-text-font-family ), Sans-serif; font-style: var( --e-global-typography-text-font-style ); letter-spacing: var( --e-global-typography-text-letter-spacing ); text-transform: var( --e-global-typography-text-text-transform ); background-color: var( --e-global-color-primary );\">Afro-Asian Institute Vienna,\u00a0<\/span><span style=\"font-size: inherit; text-align: inherit; font-family: var( --e-global-typography-text-font-family ), Sans-serif; font-style: var( --e-global-typography-text-font-style ); letter-spacing: var( --e-global-typography-text-letter-spacing ); text-transform: var( --e-global-typography-text-text-transform ); background-color: var( --e-global-color-primary );\">www.ethiopianculture.at and,\u00a0<\/span><span style=\"font-size: inherit; text-align: inherit; font-family: var( --e-global-typography-text-font-family ), Sans-serif; font-style: var( --e-global-typography-text-font-style ); letter-spacing: var( --e-global-typography-text-letter-spacing ); text-transform: var( --e-global-typography-text-text-transform ); background-color: var( --e-global-color-primary );\">Black Women Community Vienna<\/span><\/p><\/div>\n\t\t\t\t<\/div>\n\t\t\t\t\t\t\t\t<\/div>\n\t\t\t\t\t\t<\/div>\n\t\t\t\t<\/div>\n\t\t\t\t<div data-dce-text-color=\"#020000\" class=\"elementor-element elementor-element-8001182 elementor-widget elementor-widget-image-gallery\" data-id=\"8001182\" data-element_type=\"widget\" data-e-type=\"widget\" data-widget_type=\"image-gallery.default\">\n\t\t\t\t<div class=\"elementor-widget-container\">\n\t\t\t\t\t\t\t<div class=\"elementor-image-gallery\">\n\t\t\t<div id='gallery-1' class='gallery galleryid-4873 gallery-columns-3 gallery-size-medium_large'><figure class='gallery-item'>\n\t\t\t<div class='gallery-icon landscape'>\n\t\t\t\t<a data-elementor-open-lightbox=\"yes\" data-elementor-lightbox-slideshow=\"8001182\" data-e-action-hash=\"#elementor-action%3Aaction%3Dlightbox%26settings%3DeyJpZCI6NDg3NiwidXJsIjoiaHR0cHM6XC9cL210dHcuYXRcL3dwLWNvbnRlbnRcL3VwbG9hZHNcLzIwMTUtMDktMDQtMTczLXNjYWxlZC5qcGciLCJzbGlkZXNob3ciOiI4MDAxMTgyIn0%3D\" href='https:\/\/mttw.at\/wp-content\/uploads\/2015-09-04-173-scaled.jpg'><img fetchpriority=\"high\" decoding=\"async\" width=\"768\" height=\"512\" src=\"https:\/\/mttw.at\/wp-content\/uploads\/2015-09-04-173-768x512.jpg\" class=\"attachment-medium_large size-medium_large\" alt=\"Ujamaa Paradise\" aria-describedby=\"gallery-1-4876\" srcset=\"https:\/\/mttw.at\/wp-content\/uploads\/2015-09-04-173-768x512.jpg 768w, https:\/\/mttw.at\/wp-content\/uploads\/2015-09-04-173-500x333.jpg 500w, https:\/\/mttw.at\/wp-content\/uploads\/2015-09-04-173-1024x683.jpg 1024w, https:\/\/mttw.at\/wp-content\/uploads\/2015-09-04-173-391x260.jpg 391w, https:\/\/mttw.at\/wp-content\/uploads\/2015-09-04-173-1536x1024.jpg 1536w, https:\/\/mttw.at\/wp-content\/uploads\/2015-09-04-173-2048x1365.jpg 2048w\" sizes=\"(max-width: 768px) 100vw, 768px\" \/><\/a>\n\t\t\t<\/div>\n\t\t\t\t<figcaption class='wp-caption-text gallery-caption' id='gallery-1-4876'>\n\t\t\t\t(c) Barbara P\u00e1lffy\n\t\t\t\t<\/figcaption><\/figure><figure class='gallery-item'>\n\t\t\t<div class='gallery-icon landscape'>\n\t\t\t\t<a data-elementor-open-lightbox=\"yes\" data-elementor-lightbox-slideshow=\"8001182\" data-e-action-hash=\"#elementor-action%3Aaction%3Dlightbox%26settings%3DeyJpZCI6NDg3NywidXJsIjoiaHR0cHM6XC9cL210dHcuYXRcL3dwLWNvbnRlbnRcL3VwbG9hZHNcLzIwMTUtMDktMDQtMTgwLXNjYWxlZC5qcGciLCJzbGlkZXNob3ciOiI4MDAxMTgyIn0%3D\" href='https:\/\/mttw.at\/wp-content\/uploads\/2015-09-04-180-scaled.jpg'><img decoding=\"async\" width=\"768\" height=\"512\" src=\"https:\/\/mttw.at\/wp-content\/uploads\/2015-09-04-180-768x512.jpg\" class=\"attachment-medium_large size-medium_large\" alt=\"Ujamaa Paradise\" aria-describedby=\"gallery-1-4877\" srcset=\"https:\/\/mttw.at\/wp-content\/uploads\/2015-09-04-180-768x512.jpg 768w, https:\/\/mttw.at\/wp-content\/uploads\/2015-09-04-180-500x333.jpg 500w, https:\/\/mttw.at\/wp-content\/uploads\/2015-09-04-180-1024x683.jpg 1024w, https:\/\/mttw.at\/wp-content\/uploads\/2015-09-04-180-391x260.jpg 391w, https:\/\/mttw.at\/wp-content\/uploads\/2015-09-04-180-1536x1024.jpg 1536w, https:\/\/mttw.at\/wp-content\/uploads\/2015-09-04-180-2048x1365.jpg 2048w\" sizes=\"(max-width: 768px) 100vw, 768px\" \/><\/a>\n\t\t\t<\/div>\n\t\t\t\t<figcaption class='wp-caption-text gallery-caption' id='gallery-1-4877'>\n\t\t\t\t(c) Barbara P\u00e1lffy\n\t\t\t\t<\/figcaption><\/figure><figure class='gallery-item'>\n\t\t\t<div class='gallery-icon landscape'>\n\t\t\t\t<a data-elementor-open-lightbox=\"yes\" data-elementor-lightbox-slideshow=\"8001182\" data-e-action-hash=\"#elementor-action%3Aaction%3Dlightbox%26settings%3DeyJpZCI6NDg4MCwidXJsIjoiaHR0cHM6XC9cL210dHcuYXRcL3dwLWNvbnRlbnRcL3VwbG9hZHNcLzIwMTUtMDktMDQtMjI0LXNjYWxlZC5qcGciLCJzbGlkZXNob3ciOiI4MDAxMTgyIn0%3D\" href='https:\/\/mttw.at\/wp-content\/uploads\/2015-09-04-224-scaled.jpg'><img decoding=\"async\" width=\"768\" height=\"512\" src=\"https:\/\/mttw.at\/wp-content\/uploads\/2015-09-04-224-768x512.jpg\" class=\"attachment-medium_large size-medium_large\" alt=\"Ujamaa Paradise\" aria-describedby=\"gallery-1-4880\" srcset=\"https:\/\/mttw.at\/wp-content\/uploads\/2015-09-04-224-768x512.jpg 768w, https:\/\/mttw.at\/wp-content\/uploads\/2015-09-04-224-500x333.jpg 500w, https:\/\/mttw.at\/wp-content\/uploads\/2015-09-04-224-1024x683.jpg 1024w, https:\/\/mttw.at\/wp-content\/uploads\/2015-09-04-224-391x260.jpg 391w, https:\/\/mttw.at\/wp-content\/uploads\/2015-09-04-224-1536x1024.jpg 1536w, https:\/\/mttw.at\/wp-content\/uploads\/2015-09-04-224-2048x1365.jpg 2048w\" sizes=\"(max-width: 768px) 100vw, 768px\" \/><\/a>\n\t\t\t<\/div>\n\t\t\t\t<figcaption class='wp-caption-text gallery-caption' id='gallery-1-4880'>\n\t\t\t\t(c) Barbara P\u00e1lffy\n\t\t\t\t<\/figcaption><\/figure><figure class='gallery-item'>\n\t\t\t<div class='gallery-icon landscape'>\n\t\t\t\t<a data-elementor-open-lightbox=\"yes\" data-elementor-lightbox-slideshow=\"8001182\" data-e-action-hash=\"#elementor-action%3Aaction%3Dlightbox%26settings%3DeyJpZCI6NDg4MSwidXJsIjoiaHR0cHM6XC9cL210dHcuYXRcL3dwLWNvbnRlbnRcL3VwbG9hZHNcLzIwMTUtMDktMDQtMjI4LXNjYWxlZC5qcGciLCJzbGlkZXNob3ciOiI4MDAxMTgyIn0%3D\" href='https:\/\/mttw.at\/wp-content\/uploads\/2015-09-04-228-scaled.jpg'><img loading=\"lazy\" decoding=\"async\" width=\"768\" height=\"512\" src=\"https:\/\/mttw.at\/wp-content\/uploads\/2015-09-04-228-768x512.jpg\" class=\"attachment-medium_large size-medium_large\" alt=\"Ujamaa Paradise\" aria-describedby=\"gallery-1-4881\" srcset=\"https:\/\/mttw.at\/wp-content\/uploads\/2015-09-04-228-768x512.jpg 768w, https:\/\/mttw.at\/wp-content\/uploads\/2015-09-04-228-500x333.jpg 500w, https:\/\/mttw.at\/wp-content\/uploads\/2015-09-04-228-1024x683.jpg 1024w, https:\/\/mttw.at\/wp-content\/uploads\/2015-09-04-228-391x260.jpg 391w, https:\/\/mttw.at\/wp-content\/uploads\/2015-09-04-228-1536x1024.jpg 1536w, https:\/\/mttw.at\/wp-content\/uploads\/2015-09-04-228-2048x1365.jpg 2048w\" sizes=\"(max-width: 768px) 100vw, 768px\" \/><\/a>\n\t\t\t<\/div>\n\t\t\t\t<figcaption class='wp-caption-text gallery-caption' id='gallery-1-4881'>\n\t\t\t\t(c) Barbara P\u00e1lffy\n\t\t\t\t<\/figcaption><\/figure><figure class='gallery-item'>\n\t\t\t<div class='gallery-icon landscape'>\n\t\t\t\t<a data-elementor-open-lightbox=\"yes\" data-elementor-lightbox-slideshow=\"8001182\" data-e-action-hash=\"#elementor-action%3Aaction%3Dlightbox%26settings%3DeyJpZCI6NDg4MiwidXJsIjoiaHR0cHM6XC9cL210dHcuYXRcL3dwLWNvbnRlbnRcL3VwbG9hZHNcLzIwMTUtMDktMDQtMjM0LXNjYWxlZC5qcGciLCJzbGlkZXNob3ciOiI4MDAxMTgyIn0%3D\" href='https:\/\/mttw.at\/wp-content\/uploads\/2015-09-04-234-scaled.jpg'><img loading=\"lazy\" decoding=\"async\" width=\"768\" height=\"512\" src=\"https:\/\/mttw.at\/wp-content\/uploads\/2015-09-04-234-768x512.jpg\" class=\"attachment-medium_large size-medium_large\" alt=\"Ujamaa Paradise\" aria-describedby=\"gallery-1-4882\" srcset=\"https:\/\/mttw.at\/wp-content\/uploads\/2015-09-04-234-768x512.jpg 768w, https:\/\/mttw.at\/wp-content\/uploads\/2015-09-04-234-500x333.jpg 500w, https:\/\/mttw.at\/wp-content\/uploads\/2015-09-04-234-1024x683.jpg 1024w, https:\/\/mttw.at\/wp-content\/uploads\/2015-09-04-234-391x260.jpg 391w, https:\/\/mttw.at\/wp-content\/uploads\/2015-09-04-234-1536x1024.jpg 1536w, https:\/\/mttw.at\/wp-content\/uploads\/2015-09-04-234-2048x1365.jpg 2048w\" sizes=\"(max-width: 768px) 100vw, 768px\" \/><\/a>\n\t\t\t<\/div>\n\t\t\t\t<figcaption class='wp-caption-text gallery-caption' id='gallery-1-4882'>\n\t\t\t\t(c) Barbara P\u00e1lffy\n\t\t\t\t<\/figcaption><\/figure><figure class='gallery-item'>\n\t\t\t<div class='gallery-icon landscape'>\n\t\t\t\t<a data-elementor-open-lightbox=\"yes\" data-elementor-lightbox-slideshow=\"8001182\" data-e-action-hash=\"#elementor-action%3Aaction%3Dlightbox%26settings%3DeyJpZCI6NDg4MywidXJsIjoiaHR0cHM6XC9cL210dHcuYXRcL3dwLWNvbnRlbnRcL3VwbG9hZHNcLzIwMTUtMDktMDQtMjc0LXNjYWxlZC5qcGciLCJzbGlkZXNob3ciOiI4MDAxMTgyIn0%3D\" href='https:\/\/mttw.at\/wp-content\/uploads\/2015-09-04-274-scaled.jpg'><img loading=\"lazy\" decoding=\"async\" width=\"768\" height=\"512\" src=\"https:\/\/mttw.at\/wp-content\/uploads\/2015-09-04-274-768x512.jpg\" class=\"attachment-medium_large size-medium_large\" alt=\"Ujamaa Paradise\" aria-describedby=\"gallery-1-4883\" srcset=\"https:\/\/mttw.at\/wp-content\/uploads\/2015-09-04-274-768x512.jpg 768w, https:\/\/mttw.at\/wp-content\/uploads\/2015-09-04-274-500x333.jpg 500w, https:\/\/mttw.at\/wp-content\/uploads\/2015-09-04-274-1024x683.jpg 1024w, https:\/\/mttw.at\/wp-content\/uploads\/2015-09-04-274-391x260.jpg 391w, https:\/\/mttw.at\/wp-content\/uploads\/2015-09-04-274-1536x1024.jpg 1536w, https:\/\/mttw.at\/wp-content\/uploads\/2015-09-04-274-2048x1365.jpg 2048w\" sizes=\"(max-width: 768px) 100vw, 768px\" \/><\/a>\n\t\t\t<\/div>\n\t\t\t\t<figcaption class='wp-caption-text gallery-caption' id='gallery-1-4883'>\n\t\t\t\t(c) Barbara P\u00e1lffy\n\t\t\t\t<\/figcaption><\/figure><figure class='gallery-item'>\n\t\t\t<div class='gallery-icon landscape'>\n\t\t\t\t<a data-elementor-open-lightbox=\"yes\" data-elementor-lightbox-slideshow=\"8001182\" data-e-action-hash=\"#elementor-action%3Aaction%3Dlightbox%26settings%3DeyJpZCI6NDg4NCwidXJsIjoiaHR0cHM6XC9cL210dHcuYXRcL3dwLWNvbnRlbnRcL3VwbG9hZHNcLzIwMTUtMDktMDQtMzA5LXNjYWxlZC5qcGciLCJzbGlkZXNob3ciOiI4MDAxMTgyIn0%3D\" href='https:\/\/mttw.at\/wp-content\/uploads\/2015-09-04-309-scaled.jpg'><img loading=\"lazy\" decoding=\"async\" width=\"768\" height=\"512\" src=\"https:\/\/mttw.at\/wp-content\/uploads\/2015-09-04-309-768x512.jpg\" class=\"attachment-medium_large size-medium_large\" alt=\"Ujamaa Paradise\" aria-describedby=\"gallery-1-4884\" srcset=\"https:\/\/mttw.at\/wp-content\/uploads\/2015-09-04-309-768x512.jpg 768w, https:\/\/mttw.at\/wp-content\/uploads\/2015-09-04-309-500x333.jpg 500w, https:\/\/mttw.at\/wp-content\/uploads\/2015-09-04-309-1024x683.jpg 1024w, https:\/\/mttw.at\/wp-content\/uploads\/2015-09-04-309-391x260.jpg 391w, https:\/\/mttw.at\/wp-content\/uploads\/2015-09-04-309-1536x1024.jpg 1536w, https:\/\/mttw.at\/wp-content\/uploads\/2015-09-04-309-2048x1365.jpg 2048w\" sizes=\"(max-width: 768px) 100vw, 768px\" \/><\/a>\n\t\t\t<\/div>\n\t\t\t\t<figcaption class='wp-caption-text gallery-caption' id='gallery-1-4884'>\n\t\t\t\t(c) Barbara P\u00e1lffy\n\t\t\t\t<\/figcaption><\/figure>\n\t\t<\/div>\n\t\t<\/div>\n\t\t\t\t\t\t<\/div>\n\t\t\t\t<\/div>\n\t\t\t\t\t<\/div>\n\t\t<\/div>\n\t\t\t\t\t<\/div>\n\t\t<\/section>\n\t\t\t\t<\/div>","protected":false},"excerpt":{"rendered":"<p>UJAMAA PARADISE\u200b | MTTW 2015 Instagram Facebook-f Youtube Thomas Cornelius Desi UJAMAA PARADISE Eine African Ghost Oper Urauff\u00fchrung Eine Produktion von MUSIKTHEATERTAGE WIEN Ujamaa ist ein Wort in Kiswahili, der ostafrikanischen Nationalsprache, und beschreibt eine eigene Form des Sozialismus, wie sie der Gr\u00fcndungsvater von Tanzania, Julius Kambarage \u201eMwalimu\u201c Nyerere gepr\u00e4gt hat. Nyerere \u00fcbersetzte dar\u00fcber hinaus [&hellip;]<\/p>\n","protected":false},"author":2,"featured_media":1793,"parent":9680,"menu_order":0,"comment_status":"closed","ping_status":"closed","template":"elementor_header_footer","meta":{"_acf_changed":false,"_seopress_robots_primary_cat":"","_seopress_titles_title":"%%post_title%% - %%sitetitle%% Contemporary Music Theatre Festival ","_seopress_titles_desc":"\u00d6sterreichs Festivals f\u00fcr neues Musiktheater. Save The Date: 14. - 24. September 2022.","_seopress_robots_index":"","_coblocks_attr":"","_coblocks_dimensions":"","_coblocks_responsive_height":"","_coblocks_accordion_ie_support":"","footnotes":""},"class_list":["post-4873","page","type-page","status-publish","has-post-thumbnail","hentry"],"blocksy_meta":{"styles_descriptor":{"styles":{"desktop":"","tablet":"","mobile":""},"google_fonts":[],"version":6}},"acf":[],"_links":{"self":[{"href":"https:\/\/mttw.at\/en\/wp-json\/wp\/v2\/pages\/4873","targetHints":{"allow":["GET"]}}],"collection":[{"href":"https:\/\/mttw.at\/en\/wp-json\/wp\/v2\/pages"}],"about":[{"href":"https:\/\/mttw.at\/en\/wp-json\/wp\/v2\/types\/page"}],"author":[{"embeddable":true,"href":"https:\/\/mttw.at\/en\/wp-json\/wp\/v2\/users\/2"}],"replies":[{"embeddable":true,"href":"https:\/\/mttw.at\/en\/wp-json\/wp\/v2\/comments?post=4873"}],"version-history":[{"count":0,"href":"https:\/\/mttw.at\/en\/wp-json\/wp\/v2\/pages\/4873\/revisions"}],"up":[{"embeddable":true,"href":"https:\/\/mttw.at\/en\/wp-json\/wp\/v2\/pages\/9680"}],"wp:featuredmedia":[{"embeddable":true,"href":"https:\/\/mttw.at\/en\/wp-json\/wp\/v2\/media\/1793"}],"wp:attachment":[{"href":"https:\/\/mttw.at\/en\/wp-json\/wp\/v2\/media?parent=4873"}],"curies":[{"name":"wp","href":"https:\/\/api.w.org\/{rel}","templated":true}]}}