{"id":4939,"date":"2022-08-08T14:37:45","date_gmt":"2022-08-08T14:37:45","guid":{"rendered":"https:\/\/mttw.at\/?page_id=4939"},"modified":"2024-02-12T16:00:20","modified_gmt":"2024-02-12T15:00:20","slug":"operan-mttw-2016","status":"publish","type":"page","link":"https:\/\/mttw.at\/en\/archiv\/operan-mttw-2016\/","title":{"rendered":"OPERAN! | MTTW 2016"},"content":{"rendered":"<div data-elementor-type=\"wp-page\" data-elementor-id=\"4939\" class=\"elementor elementor-4939\" data-elementor-post-type=\"page\">\n\t\t\t\t\t\t<section data-dce-background-image-url=\"https:\/\/mttw.at\/wp-content\/uploads\/Hauptfoto-OPERAN-1.jpg\" class=\"elementor-section elementor-top-section elementor-element elementor-element-821d82c elementor-section-height-min-height elementor-section-items-stretch elementor-section-boxed elementor-section-height-default\" data-id=\"821d82c\" data-element_type=\"section\" data-e-type=\"section\" data-settings=\"{&quot;background_background&quot;:&quot;classic&quot;}\">\n\t\t\t\t\t\t\t<div class=\"elementor-background-overlay\"><\/div>\n\t\t\t\t\t\t\t<div class=\"elementor-container elementor-column-gap-default\">\n\t\t\t\t\t<div class=\"elementor-column elementor-col-100 elementor-top-column elementor-element elementor-element-7016ca46\" data-id=\"7016ca46\" data-element_type=\"column\" data-e-type=\"column\" data-settings=\"{&quot;background_background&quot;:&quot;classic&quot;}\">\n\t\t\t<div class=\"elementor-widget-wrap elementor-element-populated\">\n\t\t\t\t\t<div class=\"elementor-background-overlay\"><\/div>\n\t\t\t\t\t\t<div class=\"elementor-element elementor-element-cbab2f3 animated-slow elementor-widget elementor-widget-heading\" data-id=\"cbab2f3\" data-element_type=\"widget\" data-e-type=\"widget\" data-settings=\"{&quot;_animation&quot;:&quot;none&quot;}\" data-widget_type=\"heading.default\">\n\t\t\t\t<div class=\"elementor-widget-container\">\n\t\t\t\t\t<p class=\"elementor-heading-title elementor-size-small\">Operan! | MTTW 2016<\/p>\t\t\t\t<\/div>\n\t\t\t\t<\/div>\n\t\t\t\t<div class=\"elementor-element elementor-element-387349bf elementor-shape-square elementor-grid-1 elementor-widget__width-auto elementor-fixed e-grid-align-center elementor-widget elementor-widget-social-icons\" data-id=\"387349bf\" data-element_type=\"widget\" data-e-type=\"widget\" data-settings=\"{&quot;_position&quot;:&quot;fixed&quot;}\" data-widget_type=\"social-icons.default\">\n\t\t\t\t<div class=\"elementor-widget-container\">\n\t\t\t\t\t\t\t<div class=\"elementor-social-icons-wrapper elementor-grid\" role=\"list\">\n\t\t\t\t\t\t\t<span class=\"elementor-grid-item\" role=\"listitem\">\n\t\t\t\t\t<a class=\"elementor-icon elementor-social-icon elementor-social-icon-instagram elementor-repeater-item-f90d36f\" href=\"https:\/\/www.instagram.com\/musiktheatertage\/?hl=de\" target=\"_blank\">\n\t\t\t\t\t\t<span class=\"elementor-screen-only\">Instagram<\/span>\n\t\t\t\t\t\t<i aria-hidden=\"true\" class=\"fab fa-instagram\"><\/i>\t\t\t\t\t<\/a>\n\t\t\t\t<\/span>\n\t\t\t\t\t\t\t<span class=\"elementor-grid-item\" role=\"listitem\">\n\t\t\t\t\t<a class=\"elementor-icon elementor-social-icon elementor-social-icon-facebook-f elementor-repeater-item-63c08dc\" href=\"https:\/\/www.facebook.com\/Musiktheatertage\/\" target=\"_blank\">\n\t\t\t\t\t\t<span class=\"elementor-screen-only\">Facebook-f<\/span>\n\t\t\t\t\t\t<i aria-hidden=\"true\" class=\"fab fa-facebook-f\"><\/i>\t\t\t\t\t<\/a>\n\t\t\t\t<\/span>\n\t\t\t\t\t\t\t<span class=\"elementor-grid-item\" role=\"listitem\">\n\t\t\t\t\t<a class=\"elementor-icon elementor-social-icon elementor-social-icon-youtube elementor-repeater-item-90b4e82\" href=\"https:\/\/www.youtube.com\/channel\/UCPYNkeStbE-xNzkiFFltepg\" target=\"_blank\">\n\t\t\t\t\t\t<span class=\"elementor-screen-only\">Youtube<\/span>\n\t\t\t\t\t\t<i aria-hidden=\"true\" class=\"fab fa-youtube\"><\/i>\t\t\t\t\t<\/a>\n\t\t\t\t<\/span>\n\t\t\t\t\t<\/div>\n\t\t\t\t\t\t<\/div>\n\t\t\t\t<\/div>\n\t\t\t\t\t<\/div>\n\t\t<\/div>\n\t\t\t\t\t<\/div>\n\t\t<\/section>\n\t\t\t\t<section class=\"elementor-section elementor-top-section elementor-element elementor-element-32dedfb elementor-section-boxed elementor-section-height-default elementor-section-height-default\" data-id=\"32dedfb\" data-element_type=\"section\" data-e-type=\"section\">\n\t\t\t\t\t\t<div class=\"elementor-container elementor-column-gap-default\">\n\t\t\t\t\t<div class=\"elementor-column elementor-col-100 elementor-top-column elementor-element elementor-element-da44888\" data-id=\"da44888\" data-element_type=\"column\" data-e-type=\"column\">\n\t\t\t<div class=\"elementor-widget-wrap elementor-element-populated\">\n\t\t\t\t\t\t<div class=\"elementor-element elementor-element-ed14038 elementor-widget elementor-widget-heading\" data-id=\"ed14038\" data-element_type=\"widget\" data-e-type=\"widget\" data-widget_type=\"heading.default\">\n\t\t\t\t<div class=\"elementor-widget-container\">\n\t\t\t\t\t<h2 class=\"elementor-heading-title elementor-size-default\">Bertl Mothers<\/h2>\t\t\t\t<\/div>\n\t\t\t\t<\/div>\n\t\t\t\t<div class=\"elementor-element elementor-element-76f39a5 elementor-widget elementor-widget-heading\" data-id=\"76f39a5\" data-element_type=\"widget\" data-e-type=\"widget\" data-widget_type=\"heading.default\">\n\t\t\t\t<div class=\"elementor-widget-container\">\n\t\t\t\t\t<h1 class=\"elementor-heading-title elementor-size-default\">OPERAN! About escape<\/h1>\t\t\t\t<\/div>\n\t\t\t\t<\/div>\n\t\t\t\t<div class=\"elementor-element elementor-element-b2524fd elementor-widget elementor-widget-heading\" data-id=\"b2524fd\" data-element_type=\"widget\" data-e-type=\"widget\" data-widget_type=\"heading.default\">\n\t\t\t\t<div class=\"elementor-widget-container\">\n\t\t\t\t\t<h3 class=\"elementor-heading-title elementor-size-default\">A seven-scene music laboratory from the School of Amazement<\/h3>\t\t\t\t<\/div>\n\t\t\t\t<\/div>\n\t\t\t\t<div data-dce-text-color=\"#000000\" class=\"elementor-element elementor-element-1068045 elementor-widget elementor-widget-text-editor\" data-id=\"1068045\" data-element_type=\"widget\" data-e-type=\"widget\" data-widget_type=\"text-editor.default\">\n\t\t\t\t<div class=\"elementor-widget-container\">\n\t\t\t\t\t\t\t\t\t<p>Premiere<\/p><p style=\"margin-bottom: var(--content-spacing); font-size: 16px; text-align: start; letter-spacing: 0.35px;\">A production of the MUSIKTHEATERTAGE WIEN<\/p>\t\t\t\t\t\t\t\t<\/div>\n\t\t\t\t<\/div>\n\t\t\t\t<div data-dce-text-color=\"#000000\" class=\"elementor-element elementor-element-25b85c8 elementor-widget elementor-widget-text-editor\" data-id=\"25b85c8\" data-element_type=\"widget\" data-e-type=\"widget\" data-widget_type=\"text-editor.default\">\n\t\t\t\t<div class=\"elementor-widget-container\">\n\t\t\t\t\t\t\t\t\t<p>Not all escapes are the same. One can escape happily once again by the skin of one's teeth, or it can be held against one as an aesthetic offence of escapism.<br \/>I deal with this tension by establishing experimental set-ups that, from quite banal starting points that grow into the monstrous, pose questions about escaping reality and pleasure-seeking, but which at the same time have an inherent point at which things can no longer go on (like this), so that you have to make sure you get away.<\/p><p>It is said that art should reflect current social conditions and phenomena as quickly and precisely as possible. However, kitsch about the current refugee drama is not my thing.<br \/>But still: it's all in there. Incidentally, I like the fact that eskapieren derives from a vulgar Latin verb meaning \"to make off\", eig. \"to throw away one's religious cap\".<\/p><p><strong>Bertl M\u00fctter,<\/strong>\u00a0born in Steyr in 1965, acts mostly as a trombone individualist. His music, slow food for the ears, refers to familiar and more distant traditions. But he also likes to play with others, if listening to each other is guaranteed. Important names and places are not mentioned, such things are distracting: M\u00fctter prefers to manipulate his audience by making artistic processes directly tangible.<br \/>The Doctor artium (with a licence to speak) invites you to his school of wonder, musical-rhetorical associations to everything.<br \/>For his hand-picked Orchestra of the Radical Middle (ORM), he invents curios musical laboratory situations as primus inter pares. OPERAN! is his logical next step in the direction of music drama.<\/p><p>Or, in summary: \"Unlike most artistic personalities worldwide, Bertl M\u00fctter and his music fit into one pigeonhole.\"<\/p><p><span style=\"text-decoration: underline;\"><a href=\"http:\/\/www.muetter.at\/\">www.muetter.at<\/a><\/span><\/p>\t\t\t\t\t\t\t\t<\/div>\n\t\t\t\t<\/div>\n\t\t\t\t<div class=\"elementor-element elementor-element-70f97dd elementor-widget elementor-widget-accordion\" data-id=\"70f97dd\" data-element_type=\"widget\" data-e-type=\"widget\" data-widget_type=\"accordion.default\">\n\t\t\t\t<div class=\"elementor-widget-container\">\n\t\t\t\t\t\t\t<div class=\"elementor-accordion\">\n\t\t\t\t\t\t\t<div class=\"elementor-accordion-item\">\n\t\t\t\t\t<div id=\"elementor-tab-title-1181\" class=\"elementor-tab-title\" data-tab=\"1\" role=\"button\" aria-controls=\"elementor-tab-content-1181\" aria-expanded=\"false\">\n\t\t\t\t\t\t\t\t\t\t\t\t\t<span class=\"elementor-accordion-icon elementor-accordion-icon-left\" aria-hidden=\"true\">\n\t\t\t\t\t\t\t\t\t\t\t\t\t\t\t<span class=\"elementor-accordion-icon-closed\"><i class=\"fas fa-angle-down\"><\/i><\/span>\n\t\t\t\t\t\t\t\t<span class=\"elementor-accordion-icon-opened\"><i class=\"fas fa-angle-up\"><\/i><\/span>\n\t\t\t\t\t\t\t\t\t\t\t\t\t\t<\/span>\n\t\t\t\t\t\t\t\t\t\t\t\t<a class=\"elementor-accordion-title\" tabindex=\"0\">Credits<\/a>\n\t\t\t\t\t<\/div>\n\t\t\t\t\t<div id=\"elementor-tab-content-1181\" class=\"elementor-tab-content elementor-clearfix\" data-tab=\"1\" role=\"region\" aria-labelledby=\"elementor-tab-title-1181\"><p><span style=\"text-align: inherit; background-color: var( --e-global-color-primary );\"><b>Soprano:\u00a0<\/b><\/span><span style=\"letter-spacing: 0.35px; font-size: 1rem; background-color: var( --e-global-color-primary ); font-family: var( --e-global-typography-text-font-family ), Sans-serif; font-style: var( --e-global-typography-text-font-style ); text-transform: var( --e-global-typography-text-text-transform );\">Ursula Langmayr\u00a0<\/span><b style=\"font-size: inherit; text-align: inherit; background-color: var( --e-global-color-primary ); font-family: var( --e-global-typography-text-font-family ), Sans-serif; font-style: var( --e-global-typography-text-font-style ); letter-spacing: var( --e-global-typography-text-letter-spacing ); text-transform: var( --e-global-typography-text-text-transform );\">Baritone:\u00a0<\/b><span style=\"font-size: 1rem; text-align: inherit; font-family: var( --e-global-typography-text-font-family ), Sans-serif; font-style: var( --e-global-typography-text-font-style ); letter-spacing: 0.35px; text-transform: var( --e-global-typography-text-text-transform ); background-color: var( --e-global-color-primary );\">Matthias Helm\u00a0<\/span><span style=\"font-size: 1rem; text-align: inherit; font-family: var( --e-global-typography-text-font-family ), Sans-serif; font-style: var( --e-global-typography-text-font-style ); letter-spacing: 0.35px; text-transform: var( --e-global-typography-text-text-transform ); font-weight: bold; background-color: var( --e-global-color-primary );\">Co-direction: <\/span><span style=\"font-size: 1rem; text-align: inherit; font-family: var( --e-global-typography-text-font-family ), Sans-serif; font-style: var( --e-global-typography-text-font-style ); letter-spacing: 0.35px; text-transform: var( --e-global-typography-text-text-transform ); background-color: var( --e-global-color-primary );\">Marlene Traun\u00a0<\/span><b style=\"font-size: inherit; text-align: inherit; font-family: var( --e-global-typography-text-font-family ), Sans-serif; font-style: var( --e-global-typography-text-font-style ); letter-spacing: var( --e-global-typography-text-letter-spacing ); text-transform: var( --e-global-typography-text-text-transform ); background-color: var( --e-global-color-primary );\">Dr M\u00fctter's Orchestra of the Radical Centre (ORM):\u00a0<\/b><span style=\"font-size: 1rem; text-align: inherit; font-family: var( --e-global-typography-text-font-family ), Sans-serif; font-style: var( --e-global-typography-text-font-style ); letter-spacing: 0.35px; text-transform: var( --e-global-typography-text-text-transform ); background-color: var( --e-global-color-primary );\">Bertl Mothers<\/span><span style=\"font-size: 1rem; text-align: inherit; font-family: var( --e-global-typography-text-font-family ), Sans-serif; font-style: var( --e-global-typography-text-font-style ); letter-spacing: 0.35px; text-transform: var( --e-global-typography-text-text-transform ); background-color: var( --e-global-color-primary );\">\u00a0(<\/span><span style=\"font-size: 1rem; text-align: inherit; font-family: var( --e-global-typography-text-font-family ), Sans-serif; font-style: var( --e-global-typography-text-font-style ); letter-spacing: 0.35px; text-transform: var( --e-global-typography-text-text-transform ); background-color: var( --e-global-color-primary );\">Courage and wonder horn, player coach ),\u00a0<\/span><span style=\"font-size: 1rem; text-align: inherit; font-family: var( --e-global-typography-text-font-family ), Sans-serif; font-style: var( --e-global-typography-text-font-style ); letter-spacing: 0.35px; text-transform: var( --e-global-typography-text-text-transform ); background-color: var( --e-global-color-primary );\">Dimitrios Polisoidis (<\/span><span style=\"font-size: 1rem; text-align: inherit; font-family: var( --e-global-typography-text-font-family ), Sans-serif; font-style: var( --e-global-typography-text-font-style ); letter-spacing: 0.35px; text-transform: var( --e-global-typography-text-text-transform ); background-color: var( --e-global-color-primary );\">Viola),\u00a0<\/span><span style=\"font-size: inherit; text-align: inherit; font-family: var( --e-global-typography-text-font-family ), Sans-serif; font-style: var( --e-global-typography-text-font-style ); letter-spacing: var( --e-global-typography-text-letter-spacing ); text-transform: var( --e-global-typography-text-text-transform ); background-color: var( --e-global-color-primary );\">Paul Schuberth (<\/span><span style=\"font-size: 1rem; text-align: inherit; font-family: var( --e-global-typography-text-font-family ), Sans-serif; font-style: var( --e-global-typography-text-font-style ); letter-spacing: 0.35px; text-transform: var( --e-global-typography-text-text-transform ); background-color: var( --e-global-color-primary );\">Accordion)<\/span><\/p><\/div>\n\t\t\t\t<\/div>\n\t\t\t\t\t\t\t\t<\/div>\n\t\t\t\t\t\t<\/div>\n\t\t\t\t<\/div>\n\t\t\t\t<div data-dce-text-color=\"#020000\" class=\"elementor-element elementor-element-8001182 elementor-widget elementor-widget-image-gallery\" data-id=\"8001182\" data-element_type=\"widget\" data-e-type=\"widget\" data-widget_type=\"image-gallery.default\">\n\t\t\t\t<div class=\"elementor-widget-container\">\n\t\t\t\t\t\t\t<div class=\"elementor-image-gallery\">\n\t\t\t<div id='gallery-1' class='gallery galleryid-4939 gallery-columns-3 gallery-size-medium_large'><figure class='gallery-item'>\n\t\t\t<div class='gallery-icon landscape'>\n\t\t\t\t<a data-elementor-open-lightbox=\"yes\" data-elementor-lightbox-slideshow=\"8001182\" data-e-action-hash=\"#elementor-action%3Aaction%3Dlightbox%26settings%3DeyJpZCI6NDk1MiwidXJsIjoiaHR0cHM6XC9cL210dHcuYXRcL3dwLWNvbnRlbnRcL3VwbG9hZHNcL0JlcnRsLU11XHUwMzA4dHRlci0yLTEuanBnIiwic2xpZGVzaG93IjoiODAwMTE4MiJ9\" href='https:\/\/mttw.at\/wp-content\/uploads\/Bertl-Mu\u0308tter-2-1.jpg'><img fetchpriority=\"high\" decoding=\"async\" width=\"768\" height=\"511\" src=\"https:\/\/mttw.at\/wp-content\/uploads\/Bertl-Mu\u0308tter-2-1-768x511.jpg\" class=\"attachment-medium_large size-medium_large\" alt=\"Operan\" aria-describedby=\"gallery-1-4952\" srcset=\"https:\/\/mttw.at\/wp-content\/uploads\/Bertl-Mu\u0308tter-2-1-768x511.jpg 768w, https:\/\/mttw.at\/wp-content\/uploads\/Bertl-Mu\u0308tter-2-1-500x333.jpg 500w, https:\/\/mttw.at\/wp-content\/uploads\/Bertl-Mu\u0308tter-2-1-1024x682.jpg 1024w, https:\/\/mttw.at\/wp-content\/uploads\/Bertl-Mu\u0308tter-2-1-391x260.jpg 391w, https:\/\/mttw.at\/wp-content\/uploads\/Bertl-Mu\u0308tter-2-1-1536x1022.jpg 1536w, https:\/\/mttw.at\/wp-content\/uploads\/Bertl-Mu\u0308tter-2-1-2048x1363.jpg 2048w\" sizes=\"(max-width: 768px) 100vw, 768px\" \/><\/a>\n\t\t\t<\/div>\n\t\t\t\t<figcaption class='wp-caption-text gallery-caption' id='gallery-1-4952'>\n\t\t\t\t(c) Nick Mangafas\n\t\t\t\t<\/figcaption><\/figure><figure class='gallery-item'>\n\t\t\t<div class='gallery-icon landscape'>\n\t\t\t\t<a data-elementor-open-lightbox=\"yes\" data-elementor-lightbox-slideshow=\"8001182\" data-e-action-hash=\"#elementor-action%3Aaction%3Dlightbox%26settings%3DeyJpZCI6NDk1NSwidXJsIjoiaHR0cHM6XC9cL210dHcuYXRcL3dwLWNvbnRlbnRcL3VwbG9hZHNcL3ByZXNzZS0xNy0yLTEuanBnIiwic2xpZGVzaG93IjoiODAwMTE4MiJ9\" href='https:\/\/mttw.at\/wp-content\/uploads\/presse-17-2-1.jpg'><img decoding=\"async\" width=\"768\" height=\"513\" src=\"https:\/\/mttw.at\/wp-content\/uploads\/presse-17-2-1-768x513.jpg\" class=\"attachment-medium_large size-medium_large\" alt=\"Operan\" aria-describedby=\"gallery-1-4955\" srcset=\"https:\/\/mttw.at\/wp-content\/uploads\/presse-17-2-1-768x513.jpg 768w, https:\/\/mttw.at\/wp-content\/uploads\/presse-17-2-1-500x334.jpg 500w, https:\/\/mttw.at\/wp-content\/uploads\/presse-17-2-1-1024x684.jpg 1024w, https:\/\/mttw.at\/wp-content\/uploads\/presse-17-2-1-391x260.jpg 391w, https:\/\/mttw.at\/wp-content\/uploads\/presse-17-2-1-1536x1025.jpg 1536w, https:\/\/mttw.at\/wp-content\/uploads\/presse-17-2-1-2048x1367.jpg 2048w\" sizes=\"(max-width: 768px) 100vw, 768px\" \/><\/a>\n\t\t\t<\/div>\n\t\t\t\t<figcaption class='wp-caption-text gallery-caption' id='gallery-1-4955'>\n\t\t\t\t(c) Nick Mangafas\n\t\t\t\t<\/figcaption><\/figure><figure class='gallery-item'>\n\t\t\t<div class='gallery-icon landscape'>\n\t\t\t\t<a data-elementor-open-lightbox=\"yes\" data-elementor-lightbox-slideshow=\"8001182\" data-e-action-hash=\"#elementor-action%3Aaction%3Dlightbox%26settings%3DeyJpZCI6NDk1NiwidXJsIjoiaHR0cHM6XC9cL210dHcuYXRcL3dwLWNvbnRlbnRcL3VwbG9hZHNcL3ByZXNzZS0xNy0zLTEuanBnIiwic2xpZGVzaG93IjoiODAwMTE4MiJ9\" href='https:\/\/mttw.at\/wp-content\/uploads\/presse-17-3-1.jpg'><img decoding=\"async\" width=\"768\" height=\"513\" src=\"https:\/\/mttw.at\/wp-content\/uploads\/presse-17-3-1-768x513.jpg\" class=\"attachment-medium_large size-medium_large\" alt=\"Operan\" aria-describedby=\"gallery-1-4956\" srcset=\"https:\/\/mttw.at\/wp-content\/uploads\/presse-17-3-1-768x513.jpg 768w, https:\/\/mttw.at\/wp-content\/uploads\/presse-17-3-1-500x334.jpg 500w, https:\/\/mttw.at\/wp-content\/uploads\/presse-17-3-1-1024x684.jpg 1024w, https:\/\/mttw.at\/wp-content\/uploads\/presse-17-3-1-391x260.jpg 391w, https:\/\/mttw.at\/wp-content\/uploads\/presse-17-3-1-1536x1025.jpg 1536w, https:\/\/mttw.at\/wp-content\/uploads\/presse-17-3-1-2048x1367.jpg 2048w\" sizes=\"(max-width: 768px) 100vw, 768px\" \/><\/a>\n\t\t\t<\/div>\n\t\t\t\t<figcaption class='wp-caption-text gallery-caption' id='gallery-1-4956'>\n\t\t\t\t(c) Nick Mangafas\n\t\t\t\t<\/figcaption><\/figure><figure class='gallery-item'>\n\t\t\t<div class='gallery-icon landscape'>\n\t\t\t\t<a data-elementor-open-lightbox=\"yes\" data-elementor-lightbox-slideshow=\"8001182\" data-e-action-hash=\"#elementor-action%3Aaction%3Dlightbox%26settings%3DeyJpZCI6NDk1NywidXJsIjoiaHR0cHM6XC9cL210dHcuYXRcL3dwLWNvbnRlbnRcL3VwbG9hZHNcL3ByZXNzZS0xNy00LTEuanBnIiwic2xpZGVzaG93IjoiODAwMTE4MiJ9\" href='https:\/\/mttw.at\/wp-content\/uploads\/presse-17-4-1.jpg'><img loading=\"lazy\" decoding=\"async\" width=\"768\" height=\"513\" src=\"https:\/\/mttw.at\/wp-content\/uploads\/presse-17-4-1-768x513.jpg\" class=\"attachment-medium_large size-medium_large\" alt=\"Operan\" aria-describedby=\"gallery-1-4957\" srcset=\"https:\/\/mttw.at\/wp-content\/uploads\/presse-17-4-1-768x513.jpg 768w, https:\/\/mttw.at\/wp-content\/uploads\/presse-17-4-1-500x334.jpg 500w, https:\/\/mttw.at\/wp-content\/uploads\/presse-17-4-1-1024x684.jpg 1024w, https:\/\/mttw.at\/wp-content\/uploads\/presse-17-4-1-391x260.jpg 391w, https:\/\/mttw.at\/wp-content\/uploads\/presse-17-4-1-1536x1025.jpg 1536w, https:\/\/mttw.at\/wp-content\/uploads\/presse-17-4-1-2048x1367.jpg 2048w\" sizes=\"(max-width: 768px) 100vw, 768px\" \/><\/a>\n\t\t\t<\/div>\n\t\t\t\t<figcaption class='wp-caption-text gallery-caption' id='gallery-1-4957'>\n\t\t\t\t(c) Nick Mangafas\n\t\t\t\t<\/figcaption><\/figure>\n\t\t<\/div>\n\t\t<\/div>\n\t\t\t\t\t\t<\/div>\n\t\t\t\t<\/div>\n\t\t\t\t<div class=\"elementor-element elementor-element-c3e2530 dce_masking-none elementor-widget elementor-widget-video\" data-id=\"c3e2530\" data-element_type=\"widget\" data-e-type=\"widget\" data-settings=\"{&quot;youtube_url&quot;:&quot;https:\\\/\\\/www.youtube.com\\\/watch?v=pFBV1d_O86Y&quot;,&quot;video_type&quot;:&quot;youtube&quot;,&quot;controls&quot;:&quot;yes&quot;}\" data-widget_type=\"video.default\">\n\t\t\t\t<div class=\"elementor-widget-container\">\n\t\t\t\t\t\t\t<div class=\"elementor-wrapper elementor-open-inline\">\n\t\t\t<div class=\"elementor-video\"><\/div>\t\t<\/div>\n\t\t\t\t\t\t<\/div>\n\t\t\t\t<\/div>\n\t\t\t\t\t<\/div>\n\t\t<\/div>\n\t\t\t\t\t<\/div>\n\t\t<\/section>\n\t\t\t\t<\/div>","protected":false},"excerpt":{"rendered":"<p>Operan! | MTTW 2016 Instagram Facebook-f Youtube Bertl M\u00fctter OPERAN! \u00dcbers Entkommen Ein siebenszenisches Musiklaboratorium aus der Schule des Staunens Urauff\u00fchrung Eine Produktion der MUSIK\u00adTHEATERTAGE WIEN Entkommen ist nicht gleich Entkommen. Man kann mit knapper Not noch einmal gl\u00fccklich davonkommen oder aber es kann einem, als \u00e4sthetisches Vergehen des Eskapismus, vorgeworfen werden.Dieser Spannung nehme ich [&hellip;]<\/p>\n","protected":false},"author":2,"featured_media":1793,"parent":9680,"menu_order":0,"comment_status":"closed","ping_status":"closed","template":"elementor_header_footer","meta":{"_acf_changed":false,"_seopress_robots_primary_cat":"","_seopress_titles_title":"%%post_title%% - %%sitetitle%% Contemporary Music Theatre Festival ","_seopress_titles_desc":"\u00d6sterreichs Festivals f\u00fcr neues Musiktheater. Save The Date: 14. - 24. September 2022.","_seopress_robots_index":"","_coblocks_attr":"","_coblocks_dimensions":"","_coblocks_responsive_height":"","_coblocks_accordion_ie_support":"","footnotes":""},"class_list":["post-4939","page","type-page","status-publish","has-post-thumbnail","hentry"],"blocksy_meta":{"styles_descriptor":{"styles":{"desktop":"","tablet":"","mobile":""},"google_fonts":[],"version":6}},"acf":[],"_links":{"self":[{"href":"https:\/\/mttw.at\/en\/wp-json\/wp\/v2\/pages\/4939","targetHints":{"allow":["GET"]}}],"collection":[{"href":"https:\/\/mttw.at\/en\/wp-json\/wp\/v2\/pages"}],"about":[{"href":"https:\/\/mttw.at\/en\/wp-json\/wp\/v2\/types\/page"}],"author":[{"embeddable":true,"href":"https:\/\/mttw.at\/en\/wp-json\/wp\/v2\/users\/2"}],"replies":[{"embeddable":true,"href":"https:\/\/mttw.at\/en\/wp-json\/wp\/v2\/comments?post=4939"}],"version-history":[{"count":0,"href":"https:\/\/mttw.at\/en\/wp-json\/wp\/v2\/pages\/4939\/revisions"}],"up":[{"embeddable":true,"href":"https:\/\/mttw.at\/en\/wp-json\/wp\/v2\/pages\/9680"}],"wp:featuredmedia":[{"embeddable":true,"href":"https:\/\/mttw.at\/en\/wp-json\/wp\/v2\/media\/1793"}],"wp:attachment":[{"href":"https:\/\/mttw.at\/en\/wp-json\/wp\/v2\/media?parent=4939"}],"curies":[{"name":"wp","href":"https:\/\/api.w.org\/{rel}","templated":true}]}}