{"id":4986,"date":"2022-08-08T14:56:01","date_gmt":"2022-08-08T14:56:01","guid":{"rendered":"https:\/\/mttw.at\/?page_id=4986"},"modified":"2024-02-12T15:47:52","modified_gmt":"2024-02-12T14:47:52","slug":"decivilize-me-mttw-2019","status":"publish","type":"page","link":"https:\/\/mttw.at\/en\/archiv\/decivilize-me-mttw-2019\/","title":{"rendered":"DE*CIVILIZE ME! | MTTW 2019"},"content":{"rendered":"<div data-elementor-type=\"wp-page\" data-elementor-id=\"4986\" class=\"elementor elementor-4986\" data-elementor-post-type=\"page\">\n\t\t\t\t\t\t<section data-dce-background-image-url=\"https:\/\/mttw.at\/wp-content\/uploads\/Decivilize-me-2019-NIK_0779-scaled.jpg\" class=\"elementor-section elementor-top-section elementor-element elementor-element-821d82c elementor-section-height-min-height elementor-section-items-stretch elementor-section-boxed elementor-section-height-default\" data-id=\"821d82c\" data-element_type=\"section\" data-e-type=\"section\" data-settings=\"{&quot;background_background&quot;:&quot;classic&quot;}\">\n\t\t\t\t\t\t\t<div class=\"elementor-background-overlay\"><\/div>\n\t\t\t\t\t\t\t<div class=\"elementor-container elementor-column-gap-default\">\n\t\t\t\t\t<div class=\"elementor-column elementor-col-100 elementor-top-column elementor-element elementor-element-7016ca46\" data-id=\"7016ca46\" data-element_type=\"column\" data-e-type=\"column\" data-settings=\"{&quot;background_background&quot;:&quot;classic&quot;}\">\n\t\t\t<div class=\"elementor-widget-wrap elementor-element-populated\">\n\t\t\t\t\t<div class=\"elementor-background-overlay\"><\/div>\n\t\t\t\t\t\t<div class=\"elementor-element elementor-element-cbab2f3 animated-slow elementor-widget elementor-widget-heading\" data-id=\"cbab2f3\" data-element_type=\"widget\" data-e-type=\"widget\" data-settings=\"{&quot;_animation&quot;:&quot;none&quot;}\" data-widget_type=\"heading.default\">\n\t\t\t\t<div class=\"elementor-widget-container\">\n\t\t\t\t\t<p class=\"elementor-heading-title elementor-size-small\">DE*CIVILIZE ME! | MTTW 2019 <\/p>\t\t\t\t<\/div>\n\t\t\t\t<\/div>\n\t\t\t\t<div class=\"elementor-element elementor-element-387349bf elementor-shape-square elementor-grid-1 elementor-widget__width-auto elementor-fixed e-grid-align-center elementor-widget elementor-widget-social-icons\" data-id=\"387349bf\" data-element_type=\"widget\" data-e-type=\"widget\" data-settings=\"{&quot;_position&quot;:&quot;fixed&quot;}\" data-widget_type=\"social-icons.default\">\n\t\t\t\t<div class=\"elementor-widget-container\">\n\t\t\t\t\t\t\t<div class=\"elementor-social-icons-wrapper elementor-grid\" role=\"list\">\n\t\t\t\t\t\t\t<span class=\"elementor-grid-item\" role=\"listitem\">\n\t\t\t\t\t<a class=\"elementor-icon elementor-social-icon elementor-social-icon-instagram elementor-repeater-item-f90d36f\" href=\"https:\/\/www.instagram.com\/musiktheatertage\/?hl=de\" target=\"_blank\">\n\t\t\t\t\t\t<span class=\"elementor-screen-only\">Instagram<\/span>\n\t\t\t\t\t\t<i aria-hidden=\"true\" class=\"fab fa-instagram\"><\/i>\t\t\t\t\t<\/a>\n\t\t\t\t<\/span>\n\t\t\t\t\t\t\t<span class=\"elementor-grid-item\" role=\"listitem\">\n\t\t\t\t\t<a class=\"elementor-icon elementor-social-icon elementor-social-icon-facebook-f elementor-repeater-item-63c08dc\" href=\"https:\/\/www.facebook.com\/Musiktheatertage\/\" target=\"_blank\">\n\t\t\t\t\t\t<span class=\"elementor-screen-only\">Facebook-f<\/span>\n\t\t\t\t\t\t<i aria-hidden=\"true\" class=\"fab fa-facebook-f\"><\/i>\t\t\t\t\t<\/a>\n\t\t\t\t<\/span>\n\t\t\t\t\t\t\t<span class=\"elementor-grid-item\" role=\"listitem\">\n\t\t\t\t\t<a class=\"elementor-icon elementor-social-icon elementor-social-icon-youtube elementor-repeater-item-90b4e82\" href=\"https:\/\/www.youtube.com\/channel\/UCPYNkeStbE-xNzkiFFltepg\" target=\"_blank\">\n\t\t\t\t\t\t<span class=\"elementor-screen-only\">Youtube<\/span>\n\t\t\t\t\t\t<i aria-hidden=\"true\" class=\"fab fa-youtube\"><\/i>\t\t\t\t\t<\/a>\n\t\t\t\t<\/span>\n\t\t\t\t\t<\/div>\n\t\t\t\t\t\t<\/div>\n\t\t\t\t<\/div>\n\t\t\t\t\t<\/div>\n\t\t<\/div>\n\t\t\t\t\t<\/div>\n\t\t<\/section>\n\t\t\t\t<section class=\"elementor-section elementor-top-section elementor-element elementor-element-32dedfb elementor-section-boxed elementor-section-height-default elementor-section-height-default\" data-id=\"32dedfb\" data-element_type=\"section\" data-e-type=\"section\">\n\t\t\t\t\t\t<div class=\"elementor-container elementor-column-gap-default\">\n\t\t\t\t\t<div class=\"elementor-column elementor-col-100 elementor-top-column elementor-element elementor-element-da44888\" data-id=\"da44888\" data-element_type=\"column\" data-e-type=\"column\">\n\t\t\t<div class=\"elementor-widget-wrap elementor-element-populated\">\n\t\t\t\t\t\t<div class=\"elementor-element elementor-element-ed14038 elementor-widget elementor-widget-heading\" data-id=\"ed14038\" data-element_type=\"widget\" data-e-type=\"widget\" data-widget_type=\"heading.default\">\n\t\t\t\t<div class=\"elementor-widget-container\">\n\t\t\t\t\t<h2 class=\"elementor-heading-title elementor-size-default\"> Ang\u00e9lica Castell\u00f3<\/h2>\t\t\t\t<\/div>\n\t\t\t\t<\/div>\n\t\t\t\t<div class=\"elementor-element elementor-element-76f39a5 elementor-widget elementor-widget-heading\" data-id=\"76f39a5\" data-element_type=\"widget\" data-e-type=\"widget\" data-widget_type=\"heading.default\">\n\t\t\t\t<div class=\"elementor-widget-container\">\n\t\t\t\t\t<h1 class=\"elementor-heading-title elementor-size-default\">DE*CIVILIZE ME!<\/h1>\t\t\t\t<\/div>\n\t\t\t\t<\/div>\n\t\t\t\t<div class=\"elementor-element elementor-element-b2524fd elementor-widget elementor-widget-heading\" data-id=\"b2524fd\" data-element_type=\"widget\" data-e-type=\"widget\" data-widget_type=\"heading.default\">\n\t\t\t\t<div class=\"elementor-widget-container\">\n\t\t\t\t\t<h3 class=\"elementor-heading-title elementor-size-default\">Body \/ Music \/ Theatre<\/h3>\t\t\t\t<\/div>\n\t\t\t\t<\/div>\n\t\t\t\t<div data-dce-text-color=\"#000000\" class=\"elementor-element elementor-element-1068045 elementor-widget elementor-widget-text-editor\" data-id=\"1068045\" data-element_type=\"widget\" data-e-type=\"widget\" data-widget_type=\"text-editor.default\">\n\t\t\t\t<div class=\"elementor-widget-container\">\n\t\t\t\t\t\t\t\t\t<p>Premiere<\/p><p>A production of MUSIKTHEATERTAGE WIEN in cooperation with Musik und Kunst Privatuniversit\u00e4t der Stadt Wien (MUK) and Modeschule Hetzendorf.<\/p>\t\t\t\t\t\t\t\t<\/div>\n\t\t\t\t<\/div>\n\t\t\t\t<div data-dce-text-color=\"#000000\" class=\"elementor-element elementor-element-25b85c8 elementor-widget elementor-widget-text-editor\" data-id=\"25b85c8\" data-element_type=\"widget\" data-e-type=\"widget\" data-widget_type=\"text-editor.default\">\n\t\t\t\t<div class=\"elementor-widget-container\">\n\t\t\t\t\t\t\t\t\t<p>The body does not care about your civilising efforts. It is made by life itself. It has its own unchanging laws. It is a condensation of the life force. It wants to house, express and transmit life. It wants to do what it was made for. The body is beyond morality, beyond your constructs and it does not want to obey them. It comes from the unknown and there it goes. In between, it wants to fight for its potential and laugh at its domteurs.<\/p><p>The civilisation of the body is a necessary form of implementing structures, at least from the point of view of those who profit from the political and economic power structures. Through prohibitions, regulations and moral principles, forms of behaviour are defined to ensure that the individual becomes and remains a functioning part of the collective entity. We dance a dance of lustful, disobedient nonchalance for you.<br \/>In DE*CIVILIZE ME!, the choreographer Anna Knapp and the composer and sound artist Ang\u00e9lica Castell\u00f3 research forms and facets of the civilisation of the human body. They explore the physical civilisation processes in their microstructures and examine the psychosocial mechanisms of implementation. Based on this, they develop artistic offers for the \"de-civilisation\" of the body.<\/p><p>Duration: 30 minutes<br \/>In German language<\/p>\t\t\t\t\t\t\t\t<\/div>\n\t\t\t\t<\/div>\n\t\t\t\t<div class=\"elementor-element elementor-element-70f97dd elementor-widget elementor-widget-accordion\" data-id=\"70f97dd\" data-element_type=\"widget\" data-e-type=\"widget\" data-widget_type=\"accordion.default\">\n\t\t\t\t<div class=\"elementor-widget-container\">\n\t\t\t\t\t\t\t<div class=\"elementor-accordion\">\n\t\t\t\t\t\t\t<div class=\"elementor-accordion-item\">\n\t\t\t\t\t<div id=\"elementor-tab-title-1181\" class=\"elementor-tab-title\" data-tab=\"1\" role=\"button\" aria-controls=\"elementor-tab-content-1181\" aria-expanded=\"false\">\n\t\t\t\t\t\t\t\t\t\t\t\t\t<span class=\"elementor-accordion-icon elementor-accordion-icon-left\" aria-hidden=\"true\">\n\t\t\t\t\t\t\t\t\t\t\t\t\t\t\t<span class=\"elementor-accordion-icon-closed\"><i class=\"fas fa-angle-down\"><\/i><\/span>\n\t\t\t\t\t\t\t\t<span class=\"elementor-accordion-icon-opened\"><i class=\"fas fa-angle-up\"><\/i><\/span>\n\t\t\t\t\t\t\t\t\t\t\t\t\t\t<\/span>\n\t\t\t\t\t\t\t\t\t\t\t\t<a class=\"elementor-accordion-title\" tabindex=\"0\">Credits<\/a>\n\t\t\t\t\t<\/div>\n\t\t\t\t\t<div id=\"elementor-tab-content-1181\" class=\"elementor-tab-content elementor-clearfix\" data-tab=\"1\" role=\"region\" aria-labelledby=\"elementor-tab-title-1181\"><p><b>Dancers\/Performers: <\/b>Christina Ebner, Amina Kampichler, Milena Kapfer, Cora Kartmann, Jeanne Laktits, Adela Maharani, Melina Papoulia, Flora Renhardt\u00a0<b>Music-Performance, Electronics<\/b>: Ang\u00e9lica Castell\u00f3\u00a0<b style=\"font-size: inherit; text-align: inherit; background-color: var( --e-global-color-primary ); font-family: var( --e-global-typography-text-font-family ), Sans-serif; font-style: var( --e-global-typography-text-font-style ); letter-spacing: var( --e-global-typography-text-letter-spacing ); text-transform: var( --e-global-typography-text-text-transform );\">Composition\/Sound Design<\/b><span style=\"font-size: inherit; text-align: inherit; background-color: var( --e-global-color-primary ); font-family: var( --e-global-typography-text-font-family ), Sans-serif; font-style: var( --e-global-typography-text-font-style ); letter-spacing: var( --e-global-typography-text-letter-spacing ); text-transform: var( --e-global-typography-text-text-transform );\">Ang\u00e9lica Castell\u00a0<\/span><b style=\"font-size: inherit; text-align: inherit; background-color: var( --e-global-color-primary ); font-family: var( --e-global-typography-text-font-family ), Sans-serif; font-style: var( --e-global-typography-text-font-style ); letter-spacing: var( --e-global-typography-text-letter-spacing ); text-transform: var( --e-global-typography-text-text-transform );\">Choreography and spatial concept:<\/b><span style=\"font-size: inherit; text-align: inherit; background-color: var( --e-global-color-primary ); font-family: var( --e-global-typography-text-font-family ), Sans-serif; font-style: var( --e-global-typography-text-font-style ); letter-spacing: var( --e-global-typography-text-letter-spacing ); text-transform: var( --e-global-typography-text-text-transform );\"> Anna Knapp\u00a0<\/span><b style=\"font-size: inherit; text-align: inherit; background-color: var( --e-global-color-primary ); font-family: var( --e-global-typography-text-font-family ), Sans-serif; font-style: var( --e-global-typography-text-font-style ); letter-spacing: var( --e-global-typography-text-letter-spacing ); text-transform: var( --e-global-typography-text-text-transform );\">Choreography Collaboration: <\/b><span style=\"font-size: inherit; text-align: inherit; background-color: var( --e-global-color-primary ); font-family: var( --e-global-typography-text-font-family ), Sans-serif; font-style: var( --e-global-typography-text-font-style ); letter-spacing: var( --e-global-typography-text-letter-spacing ); text-transform: var( --e-global-typography-text-text-transform );\">Katharina Senk\u00a0<\/span><b style=\"font-size: inherit; text-align: inherit; background-color: var( --e-global-color-primary ); font-family: var( --e-global-typography-text-font-family ), Sans-serif; font-style: var( --e-global-typography-text-font-style ); letter-spacing: var( --e-global-typography-text-letter-spacing ); text-transform: var( --e-global-typography-text-text-transform );\">Lighting design: <\/b><span style=\"font-size: inherit; text-align: inherit; background-color: var( --e-global-color-primary ); font-family: var( --e-global-typography-text-font-family ), Sans-serif; font-style: var( --e-global-typography-text-font-style ); letter-spacing: var( --e-global-typography-text-letter-spacing ); text-transform: var( --e-global-typography-text-text-transform );\">Joe Albrecht\u00a0<\/span><b style=\"font-size: inherit; text-align: inherit; background-color: var( --e-global-color-primary ); font-family: var( --e-global-typography-text-font-family ), Sans-serif; font-style: var( --e-global-typography-text-font-style ); letter-spacing: var( --e-global-typography-text-letter-spacing ); text-transform: var( --e-global-typography-text-text-transform );\">Idea: <\/b><span style=\"font-size: inherit; text-align: inherit; font-family: var( --e-global-typography-text-font-family ), Sans-serif; font-style: var( --e-global-typography-text-font-style ); letter-spacing: var( --e-global-typography-text-letter-spacing ); text-transform: var( --e-global-typography-text-text-transform ); background-color: var( --e-global-color-primary );\">Anna Knapp, Georg Steker<\/span><\/p><\/div>\n\t\t\t\t<\/div>\n\t\t\t\t\t\t\t\t<\/div>\n\t\t\t\t\t\t<\/div>\n\t\t\t\t<\/div>\n\t\t\t\t<div data-dce-text-color=\"#020000\" class=\"elementor-element elementor-element-8001182 elementor-widget elementor-widget-image-gallery\" data-id=\"8001182\" data-element_type=\"widget\" data-e-type=\"widget\" data-widget_type=\"image-gallery.default\">\n\t\t\t\t<div class=\"elementor-widget-container\">\n\t\t\t\t\t\t\t<div class=\"elementor-image-gallery\">\n\t\t\t<div id='gallery-1' class='gallery galleryid-4986 gallery-columns-3 gallery-size-medium_large'><figure class='gallery-item'>\n\t\t\t<div class='gallery-icon landscape'>\n\t\t\t\t<a data-elementor-open-lightbox=\"yes\" data-elementor-lightbox-slideshow=\"8001182\" data-e-action-hash=\"#elementor-action%3Aaction%3Dlightbox%26settings%3DeyJpZCI6NTAwNSwidXJsIjoiaHR0cHM6XC9cL210dHcuYXRcL3dwLWNvbnRlbnRcL3VwbG9hZHNcL0RlY2l2aWxpemUtbWUtMjAxOS1NQU5fMjQ3OS1zY2FsZWQuanBnIiwic2xpZGVzaG93IjoiODAwMTE4MiJ9\" href='https:\/\/mttw.at\/wp-content\/uploads\/Decivilize-me-2019-MAN_2479-scaled.jpg'><img fetchpriority=\"high\" decoding=\"async\" width=\"768\" height=\"513\" src=\"https:\/\/mttw.at\/wp-content\/uploads\/Decivilize-me-2019-MAN_2479-768x513.jpg\" class=\"attachment-medium_large size-medium_large\" alt=\"De Civilize\" aria-describedby=\"gallery-1-5005\" srcset=\"https:\/\/mttw.at\/wp-content\/uploads\/Decivilize-me-2019-MAN_2479-768x513.jpg 768w, https:\/\/mttw.at\/wp-content\/uploads\/Decivilize-me-2019-MAN_2479-500x334.jpg 500w, https:\/\/mttw.at\/wp-content\/uploads\/Decivilize-me-2019-MAN_2479-1024x684.jpg 1024w, https:\/\/mttw.at\/wp-content\/uploads\/Decivilize-me-2019-MAN_2479-391x260.jpg 391w, https:\/\/mttw.at\/wp-content\/uploads\/Decivilize-me-2019-MAN_2479-1536x1025.jpg 1536w, https:\/\/mttw.at\/wp-content\/uploads\/Decivilize-me-2019-MAN_2479-2048x1367.jpg 2048w\" sizes=\"(max-width: 768px) 100vw, 768px\" \/><\/a>\n\t\t\t<\/div>\n\t\t\t\t<figcaption class='wp-caption-text gallery-caption' id='gallery-1-5005'>\n\t\t\t\t(c) Nick Mangafas\n\t\t\t\t<\/figcaption><\/figure><figure class='gallery-item'>\n\t\t\t<div class='gallery-icon landscape'>\n\t\t\t\t<a data-elementor-open-lightbox=\"yes\" data-elementor-lightbox-slideshow=\"8001182\" data-e-action-hash=\"#elementor-action%3Aaction%3Dlightbox%26settings%3DeyJpZCI6NTAwNiwidXJsIjoiaHR0cHM6XC9cL210dHcuYXRcL3dwLWNvbnRlbnRcL3VwbG9hZHNcL0RlY2l2aWxpemUtbWUtMjAxOS1NQU5fMjQ5NS1zY2FsZWQuanBnIiwic2xpZGVzaG93IjoiODAwMTE4MiJ9\" href='https:\/\/mttw.at\/wp-content\/uploads\/Decivilize-me-2019-MAN_2495-scaled.jpg'><img decoding=\"async\" width=\"768\" height=\"513\" src=\"https:\/\/mttw.at\/wp-content\/uploads\/Decivilize-me-2019-MAN_2495-768x513.jpg\" class=\"attachment-medium_large size-medium_large\" alt=\"De Civilize\" aria-describedby=\"gallery-1-5006\" srcset=\"https:\/\/mttw.at\/wp-content\/uploads\/Decivilize-me-2019-MAN_2495-768x513.jpg 768w, https:\/\/mttw.at\/wp-content\/uploads\/Decivilize-me-2019-MAN_2495-500x334.jpg 500w, https:\/\/mttw.at\/wp-content\/uploads\/Decivilize-me-2019-MAN_2495-1024x684.jpg 1024w, https:\/\/mttw.at\/wp-content\/uploads\/Decivilize-me-2019-MAN_2495-391x260.jpg 391w, https:\/\/mttw.at\/wp-content\/uploads\/Decivilize-me-2019-MAN_2495-1536x1025.jpg 1536w, https:\/\/mttw.at\/wp-content\/uploads\/Decivilize-me-2019-MAN_2495-2048x1367.jpg 2048w\" sizes=\"(max-width: 768px) 100vw, 768px\" \/><\/a>\n\t\t\t<\/div>\n\t\t\t\t<figcaption class='wp-caption-text gallery-caption' id='gallery-1-5006'>\n\t\t\t\t(c) Nick Mangafas\n\t\t\t\t<\/figcaption><\/figure><figure class='gallery-item'>\n\t\t\t<div class='gallery-icon landscape'>\n\t\t\t\t<a data-elementor-open-lightbox=\"yes\" data-elementor-lightbox-slideshow=\"8001182\" data-e-action-hash=\"#elementor-action%3Aaction%3Dlightbox%26settings%3DeyJpZCI6NTAwNywidXJsIjoiaHR0cHM6XC9cL210dHcuYXRcL3dwLWNvbnRlbnRcL3VwbG9hZHNcL0RlY2l2aWxpemUtbWUtMjAxOS1NQU5fMjUwOV9oYXVwdC1zY2FsZWQuanBnIiwic2xpZGVzaG93IjoiODAwMTE4MiJ9\" href='https:\/\/mttw.at\/wp-content\/uploads\/Decivilize-me-2019-MAN_2509_haupt-scaled.jpg'><img decoding=\"async\" width=\"768\" height=\"512\" src=\"https:\/\/mttw.at\/wp-content\/uploads\/Decivilize-me-2019-MAN_2509_haupt-768x512.jpg\" class=\"attachment-medium_large size-medium_large\" alt=\"De Civilize\" aria-describedby=\"gallery-1-5007\" srcset=\"https:\/\/mttw.at\/wp-content\/uploads\/Decivilize-me-2019-MAN_2509_haupt-768x512.jpg 768w, https:\/\/mttw.at\/wp-content\/uploads\/Decivilize-me-2019-MAN_2509_haupt-500x333.jpg 500w, https:\/\/mttw.at\/wp-content\/uploads\/Decivilize-me-2019-MAN_2509_haupt-1024x683.jpg 1024w, https:\/\/mttw.at\/wp-content\/uploads\/Decivilize-me-2019-MAN_2509_haupt-391x260.jpg 391w, https:\/\/mttw.at\/wp-content\/uploads\/Decivilize-me-2019-MAN_2509_haupt-1536x1024.jpg 1536w, https:\/\/mttw.at\/wp-content\/uploads\/Decivilize-me-2019-MAN_2509_haupt-2048x1365.jpg 2048w\" sizes=\"(max-width: 768px) 100vw, 768px\" \/><\/a>\n\t\t\t<\/div>\n\t\t\t\t<figcaption class='wp-caption-text gallery-caption' id='gallery-1-5007'>\n\t\t\t\t(c) Nick Mangafas\n\t\t\t\t<\/figcaption><\/figure><figure class='gallery-item'>\n\t\t\t<div class='gallery-icon landscape'>\n\t\t\t\t<a data-elementor-open-lightbox=\"yes\" data-elementor-lightbox-slideshow=\"8001182\" data-e-action-hash=\"#elementor-action%3Aaction%3Dlightbox%26settings%3DeyJpZCI6NTAwNCwidXJsIjoiaHR0cHM6XC9cL210dHcuYXRcL3dwLWNvbnRlbnRcL3VwbG9hZHNcL0RlY2l2aWxpemUtbWUtMjAxOS1NQU5fMjQ0MC1zY2FsZWQuanBnIiwic2xpZGVzaG93IjoiODAwMTE4MiJ9\" href='https:\/\/mttw.at\/wp-content\/uploads\/Decivilize-me-2019-MAN_2440-scaled.jpg'><img loading=\"lazy\" decoding=\"async\" width=\"768\" height=\"513\" src=\"https:\/\/mttw.at\/wp-content\/uploads\/Decivilize-me-2019-MAN_2440-768x513.jpg\" class=\"attachment-medium_large size-medium_large\" alt=\"De Civilize\" aria-describedby=\"gallery-1-5004\" srcset=\"https:\/\/mttw.at\/wp-content\/uploads\/Decivilize-me-2019-MAN_2440-768x513.jpg 768w, https:\/\/mttw.at\/wp-content\/uploads\/Decivilize-me-2019-MAN_2440-500x334.jpg 500w, https:\/\/mttw.at\/wp-content\/uploads\/Decivilize-me-2019-MAN_2440-1024x684.jpg 1024w, https:\/\/mttw.at\/wp-content\/uploads\/Decivilize-me-2019-MAN_2440-391x260.jpg 391w, https:\/\/mttw.at\/wp-content\/uploads\/Decivilize-me-2019-MAN_2440-1536x1025.jpg 1536w, https:\/\/mttw.at\/wp-content\/uploads\/Decivilize-me-2019-MAN_2440-2048x1367.jpg 2048w\" sizes=\"(max-width: 768px) 100vw, 768px\" \/><\/a>\n\t\t\t<\/div>\n\t\t\t\t<figcaption class='wp-caption-text gallery-caption' id='gallery-1-5004'>\n\t\t\t\t(c) Nick Mangafas\n\t\t\t\t<\/figcaption><\/figure><figure class='gallery-item'>\n\t\t\t<div class='gallery-icon landscape'>\n\t\t\t\t<a data-elementor-open-lightbox=\"yes\" data-elementor-lightbox-slideshow=\"8001182\" data-e-action-hash=\"#elementor-action%3Aaction%3Dlightbox%26settings%3DeyJpZCI6NTAxMCwidXJsIjoiaHR0cHM6XC9cL210dHcuYXRcL3dwLWNvbnRlbnRcL3VwbG9hZHNcL0RlY2l2aWxpemUtbWUtMjAxOS1OSUtfMDgzNy1zY2FsZWQuanBnIiwic2xpZGVzaG93IjoiODAwMTE4MiJ9\" href='https:\/\/mttw.at\/wp-content\/uploads\/Decivilize-me-2019-NIK_0837-scaled.jpg'><img loading=\"lazy\" decoding=\"async\" width=\"768\" height=\"513\" src=\"https:\/\/mttw.at\/wp-content\/uploads\/Decivilize-me-2019-NIK_0837-768x513.jpg\" class=\"attachment-medium_large size-medium_large\" alt=\"Decivilize\" aria-describedby=\"gallery-1-5010\" srcset=\"https:\/\/mttw.at\/wp-content\/uploads\/Decivilize-me-2019-NIK_0837-768x513.jpg 768w, https:\/\/mttw.at\/wp-content\/uploads\/Decivilize-me-2019-NIK_0837-500x334.jpg 500w, https:\/\/mttw.at\/wp-content\/uploads\/Decivilize-me-2019-NIK_0837-1024x684.jpg 1024w, https:\/\/mttw.at\/wp-content\/uploads\/Decivilize-me-2019-NIK_0837-391x260.jpg 391w, https:\/\/mttw.at\/wp-content\/uploads\/Decivilize-me-2019-NIK_0837-1536x1025.jpg 1536w, https:\/\/mttw.at\/wp-content\/uploads\/Decivilize-me-2019-NIK_0837-2048x1367.jpg 2048w\" sizes=\"(max-width: 768px) 100vw, 768px\" \/><\/a>\n\t\t\t<\/div>\n\t\t\t\t<figcaption class='wp-caption-text gallery-caption' id='gallery-1-5010'>\n\t\t\t\t(c) Nick Mangafas\n\t\t\t\t<\/figcaption><\/figure>\n\t\t<\/div>\n\t\t<\/div>\n\t\t\t\t\t\t<\/div>\n\t\t\t\t<\/div>\n\t\t\t\t<div class=\"elementor-element elementor-element-04b3cd7 dce_masking-none elementor-widget elementor-widget-video\" data-id=\"04b3cd7\" data-element_type=\"widget\" data-e-type=\"widget\" data-settings=\"{&quot;youtube_url&quot;:&quot;https:\\\/\\\/www.youtube.com\\\/watch?v=9sVOuPqNXi4&quot;,&quot;video_type&quot;:&quot;youtube&quot;,&quot;controls&quot;:&quot;yes&quot;}\" data-widget_type=\"video.default\">\n\t\t\t\t<div class=\"elementor-widget-container\">\n\t\t\t\t\t\t\t<div class=\"elementor-wrapper elementor-open-inline\">\n\t\t\t<div class=\"elementor-video\"><\/div>\t\t<\/div>\n\t\t\t\t\t\t<\/div>\n\t\t\t\t<\/div>\n\t\t\t\t\t<\/div>\n\t\t<\/div>\n\t\t\t\t\t<\/div>\n\t\t<\/section>\n\t\t\t\t<\/div>","protected":false},"excerpt":{"rendered":"<p>DE*CIVILIZE ME! | MTTW 2019 Instagram Facebook-f Youtube Ang\u00e9lica Castell\u00f3 DE*CIVILIZE ME! K\u00f6rper \/ Musik \/ Theater Urauff\u00fchrung Eine Produktion von MUSIKTHEATERTAGE WIEN in Kooperation mit Musik und Kunst Privatuniversit\u00e4t der Stadt Wien (MUK) und Modeschule Hetzendorf. Dem K\u00f6rper sind eure zivilisatorischen Bem\u00fchungen egal. Er ist vom Leben selbst gemacht. Er hat seine unver\u00e4nderlichen Gesetze. [&hellip;]<\/p>\n","protected":false},"author":2,"featured_media":1793,"parent":9680,"menu_order":0,"comment_status":"closed","ping_status":"closed","template":"elementor_header_footer","meta":{"_acf_changed":false,"_seopress_robots_primary_cat":"","_seopress_titles_title":"%%post_title%% - %%sitetitle%% Contemporary Music Theatre Festival ","_seopress_titles_desc":"\u00d6sterreichs Festivals f\u00fcr neues Musiktheater. Save The Date: 14. - 24. September 2022.","_seopress_robots_index":"","_coblocks_attr":"","_coblocks_dimensions":"","_coblocks_responsive_height":"","_coblocks_accordion_ie_support":"","footnotes":""},"class_list":["post-4986","page","type-page","status-publish","has-post-thumbnail","hentry"],"blocksy_meta":{"styles_descriptor":{"styles":{"desktop":"","tablet":"","mobile":""},"google_fonts":[],"version":6}},"acf":[],"_links":{"self":[{"href":"https:\/\/mttw.at\/en\/wp-json\/wp\/v2\/pages\/4986","targetHints":{"allow":["GET"]}}],"collection":[{"href":"https:\/\/mttw.at\/en\/wp-json\/wp\/v2\/pages"}],"about":[{"href":"https:\/\/mttw.at\/en\/wp-json\/wp\/v2\/types\/page"}],"author":[{"embeddable":true,"href":"https:\/\/mttw.at\/en\/wp-json\/wp\/v2\/users\/2"}],"replies":[{"embeddable":true,"href":"https:\/\/mttw.at\/en\/wp-json\/wp\/v2\/comments?post=4986"}],"version-history":[{"count":0,"href":"https:\/\/mttw.at\/en\/wp-json\/wp\/v2\/pages\/4986\/revisions"}],"up":[{"embeddable":true,"href":"https:\/\/mttw.at\/en\/wp-json\/wp\/v2\/pages\/9680"}],"wp:featuredmedia":[{"embeddable":true,"href":"https:\/\/mttw.at\/en\/wp-json\/wp\/v2\/media\/1793"}],"wp:attachment":[{"href":"https:\/\/mttw.at\/en\/wp-json\/wp\/v2\/media?parent=4986"}],"curies":[{"name":"wp","href":"https:\/\/api.w.org\/{rel}","templated":true}]}}