{"id":5999,"date":"2023-02-28T22:37:59","date_gmt":"2023-02-28T21:37:59","guid":{"rendered":"https:\/\/mttw.at\/?page_id=5999"},"modified":"2024-02-12T16:18:08","modified_gmt":"2024-02-12T15:18:08","slug":"cassandra-2022","status":"publish","type":"page","link":"https:\/\/mttw.at\/en\/archiv\/kassandra-mttw-2022\/","title":{"rendered":"KASSANDRA | MTTW 2022"},"content":{"rendered":"<div data-elementor-type=\"wp-page\" data-elementor-id=\"5999\" class=\"elementor elementor-5999\" data-elementor-post-type=\"page\">\n\t\t\t\t\t\t<section data-dce-background-image-url=\"https:\/\/mttw.at\/wp-content\/uploads\/KASSANDRA_02c.jpg\" class=\"elementor-section elementor-top-section elementor-element elementor-element-821d82c elementor-section-height-min-height elementor-section-items-stretch elementor-section-boxed elementor-section-height-default\" data-id=\"821d82c\" data-element_type=\"section\" data-e-type=\"section\" data-settings=\"{&quot;background_background&quot;:&quot;classic&quot;}\">\n\t\t\t\t\t\t\t<div class=\"elementor-background-overlay\"><\/div>\n\t\t\t\t\t\t\t<div class=\"elementor-container elementor-column-gap-default\">\n\t\t\t\t\t<div class=\"elementor-column elementor-col-100 elementor-top-column elementor-element elementor-element-7016ca46\" data-id=\"7016ca46\" data-element_type=\"column\" data-e-type=\"column\" data-settings=\"{&quot;background_background&quot;:&quot;classic&quot;}\">\n\t\t\t<div class=\"elementor-widget-wrap elementor-element-populated\">\n\t\t\t\t\t<div class=\"elementor-background-overlay\"><\/div>\n\t\t\t\t\t\t<div class=\"elementor-element elementor-element-cbab2f3 animated-slow elementor-widget elementor-widget-heading\" data-id=\"cbab2f3\" data-element_type=\"widget\" data-e-type=\"widget\" data-settings=\"{&quot;_animation&quot;:&quot;none&quot;}\" data-widget_type=\"heading.default\">\n\t\t\t\t<div class=\"elementor-widget-container\">\n\t\t\t\t\t<p class=\"elementor-heading-title elementor-size-small\">kassandra | MTTW 2022<\/p>\t\t\t\t<\/div>\n\t\t\t\t<\/div>\n\t\t\t\t<div class=\"elementor-element elementor-element-387349bf elementor-shape-square elementor-grid-1 elementor-widget__width-auto elementor-fixed e-grid-align-center elementor-widget elementor-widget-social-icons\" data-id=\"387349bf\" data-element_type=\"widget\" data-e-type=\"widget\" data-settings=\"{&quot;_position&quot;:&quot;fixed&quot;}\" data-widget_type=\"social-icons.default\">\n\t\t\t\t<div class=\"elementor-widget-container\">\n\t\t\t\t\t\t\t<div class=\"elementor-social-icons-wrapper elementor-grid\" role=\"list\">\n\t\t\t\t\t\t\t<span class=\"elementor-grid-item\" role=\"listitem\">\n\t\t\t\t\t<a class=\"elementor-icon elementor-social-icon elementor-social-icon-instagram elementor-repeater-item-f90d36f\" href=\"https:\/\/www.instagram.com\/musiktheatertage\/?hl=de\" target=\"_blank\">\n\t\t\t\t\t\t<span class=\"elementor-screen-only\">Instagram<\/span>\n\t\t\t\t\t\t<i aria-hidden=\"true\" class=\"fab fa-instagram\"><\/i>\t\t\t\t\t<\/a>\n\t\t\t\t<\/span>\n\t\t\t\t\t\t\t<span class=\"elementor-grid-item\" role=\"listitem\">\n\t\t\t\t\t<a class=\"elementor-icon elementor-social-icon elementor-social-icon-facebook-f elementor-repeater-item-63c08dc\" href=\"https:\/\/www.facebook.com\/Musiktheatertage\/\" target=\"_blank\">\n\t\t\t\t\t\t<span class=\"elementor-screen-only\">Facebook-f<\/span>\n\t\t\t\t\t\t<i aria-hidden=\"true\" class=\"fab fa-facebook-f\"><\/i>\t\t\t\t\t<\/a>\n\t\t\t\t<\/span>\n\t\t\t\t\t\t\t<span class=\"elementor-grid-item\" role=\"listitem\">\n\t\t\t\t\t<a class=\"elementor-icon elementor-social-icon elementor-social-icon-youtube elementor-repeater-item-90b4e82\" href=\"https:\/\/www.youtube.com\/channel\/UCPYNkeStbE-xNzkiFFltepg\" target=\"_blank\">\n\t\t\t\t\t\t<span class=\"elementor-screen-only\">Youtube<\/span>\n\t\t\t\t\t\t<i aria-hidden=\"true\" class=\"fab fa-youtube\"><\/i>\t\t\t\t\t<\/a>\n\t\t\t\t<\/span>\n\t\t\t\t\t<\/div>\n\t\t\t\t\t\t<\/div>\n\t\t\t\t<\/div>\n\t\t\t\t\t<\/div>\n\t\t<\/div>\n\t\t\t\t\t<\/div>\n\t\t<\/section>\n\t\t\t\t<section class=\"elementor-section elementor-top-section elementor-element elementor-element-32dedfb elementor-section-boxed elementor-section-height-default elementor-section-height-default\" data-id=\"32dedfb\" data-element_type=\"section\" data-e-type=\"section\">\n\t\t\t\t\t\t<div class=\"elementor-container elementor-column-gap-default\">\n\t\t\t\t\t<div class=\"elementor-column elementor-col-100 elementor-top-column elementor-element elementor-element-da44888\" data-id=\"da44888\" data-element_type=\"column\" data-e-type=\"column\">\n\t\t\t<div class=\"elementor-widget-wrap elementor-element-populated\">\n\t\t\t\t\t\t<div class=\"elementor-element elementor-element-ed14038 elementor-widget elementor-widget-heading\" data-id=\"ed14038\" data-element_type=\"widget\" data-e-type=\"widget\" data-widget_type=\"heading.default\">\n\t\t\t\t<div class=\"elementor-widget-container\">\n\t\t\t\t\t<h2 class=\"elementor-heading-title elementor-size-default\">Huihui Cheng (CHN), Anna Korsun (UKR), Katharina Roth (DE)\n | kassandra collective<\/h2>\t\t\t\t<\/div>\n\t\t\t\t<\/div>\n\t\t\t\t<div class=\"elementor-element elementor-element-76f39a5 elementor-widget elementor-widget-heading\" data-id=\"76f39a5\" data-element_type=\"widget\" data-e-type=\"widget\" data-widget_type=\"heading.default\">\n\t\t\t\t<div class=\"elementor-widget-container\">\n\t\t\t\t\t<h1 class=\"elementor-heading-title elementor-size-default\">KASSANDRA<\/h1>\t\t\t\t<\/div>\n\t\t\t\t<\/div>\n\t\t\t\t<div class=\"elementor-element elementor-element-b2524fd elementor-widget elementor-widget-heading\" data-id=\"b2524fd\" data-element_type=\"widget\" data-e-type=\"widget\" data-widget_type=\"heading.default\">\n\t\t\t\t<div class=\"elementor-widget-container\">\n\t\t\t\t\t<h3 class=\"elementor-heading-title elementor-size-default\">A performance about the struggle for resonance of a tragic heroine<\/h3>\t\t\t\t<\/div>\n\t\t\t\t<\/div>\n\t\t\t\t<div data-dce-text-color=\"#000000\" class=\"elementor-element elementor-element-1068045 elementor-widget elementor-widget-text-editor\" data-id=\"1068045\" data-element_type=\"widget\" data-e-type=\"widget\" data-widget_type=\"text-editor.default\">\n\t\t\t\t<div class=\"elementor-widget-container\">\n\t\t\t\t\t\t\t\t\t<p>Austrian premiere<\/p>\t\t\t\t\t\t\t\t<\/div>\n\t\t\t\t<\/div>\n\t\t\t\t<div class=\"elementor-element elementor-element-f3ed16e elementor-widget elementor-widget-spacer\" data-id=\"f3ed16e\" data-element_type=\"widget\" data-e-type=\"widget\" data-widget_type=\"spacer.default\">\n\t\t\t\t<div class=\"elementor-widget-container\">\n\t\t\t\t\t\t\t<div class=\"elementor-spacer\">\n\t\t\t<div class=\"elementor-spacer-inner\"><\/div>\n\t\t<\/div>\n\t\t\t\t\t\t<\/div>\n\t\t\t\t<\/div>\n\t\t\t\t<div data-dce-text-color=\"#000000\" class=\"elementor-element elementor-element-25b85c8 elementor-widget elementor-widget-text-editor\" data-id=\"25b85c8\" data-element_type=\"widget\" data-e-type=\"widget\" data-widget_type=\"text-editor.default\">\n\t\t\t\t<div class=\"elementor-widget-container\">\n\t\t\t\t\t\t\t\t\t<p>Cassandra's warnings are neither heard nor believed. With her voice and her struggle for resonance, she is at the centre of the performance around the mythological figure. Art, music, sculpture, theatre, ritual and installation intertwine for a tightrope walk between prophetic power and ineffective impotence, and truth sings with two voices in this interdisciplinary collective work. The mythical Cassandra, embodied by Julia Hagenm\u00fcller and Lena Spohn, opens up a sensually perceptible associative space for conflicts in the here and now. She stands for a female figure in whom we recognise ourselves one time and whom we like to listen to, but who scares us another time and whom we don't want to believe. Will we listen to her this time or get lost in a labyrinth of projection and reflection?<\/p>\t\t\t\t\t\t\t\t<\/div>\n\t\t\t\t<\/div>\n\t\t\t\t<div class=\"elementor-element elementor-element-c483c7a elementor-widget elementor-widget-spacer\" data-id=\"c483c7a\" data-element_type=\"widget\" data-e-type=\"widget\" data-widget_type=\"spacer.default\">\n\t\t\t\t<div class=\"elementor-widget-container\">\n\t\t\t\t\t\t\t<div class=\"elementor-spacer\">\n\t\t\t<div class=\"elementor-spacer-inner\"><\/div>\n\t\t<\/div>\n\t\t\t\t\t\t<\/div>\n\t\t\t\t<\/div>\n\t\t\t\t<div class=\"elementor-element elementor-element-17cab91 elementor-align-left elementor-widget elementor-widget-button\" data-id=\"17cab91\" data-element_type=\"widget\" data-e-type=\"widget\" data-widget_type=\"button.default\">\n\t\t\t\t<div class=\"elementor-widget-container\">\n\t\t\t\t\t\t\t\t\t<div class=\"elementor-button-wrapper\">\n\t\t\t\t\t<a class=\"elementor-button elementor-button-link elementor-size-sm\" href=\"http:\/\/kassandra%20collective%20\u2013%20perfect%20pitch%20for%20the%20sound%20of%20whisper(\u00f6ffnet%20in%20neuem%20Tab)\" target=\"_blank\">\n\t\t\t\t\t\t<span class=\"elementor-button-content-wrapper\">\n\t\t\t\t\t\t\t\t\t<span class=\"elementor-button-text\">cassandra collective<\/span>\n\t\t\t\t\t<\/span>\n\t\t\t\t\t<\/a>\n\t\t\t\t<\/div>\n\t\t\t\t\t\t\t\t<\/div>\n\t\t\t\t<\/div>\n\t\t\t\t<div class=\"elementor-element elementor-element-199f2b3 elementor-widget elementor-widget-spacer\" data-id=\"199f2b3\" data-element_type=\"widget\" data-e-type=\"widget\" data-widget_type=\"spacer.default\">\n\t\t\t\t<div class=\"elementor-widget-container\">\n\t\t\t\t\t\t\t<div class=\"elementor-spacer\">\n\t\t\t<div class=\"elementor-spacer-inner\"><\/div>\n\t\t<\/div>\n\t\t\t\t\t\t<\/div>\n\t\t\t\t<\/div>\n\t\t\t\t<div class=\"elementor-element elementor-element-70f97dd elementor-widget elementor-widget-accordion\" data-id=\"70f97dd\" data-element_type=\"widget\" data-e-type=\"widget\" data-widget_type=\"accordion.default\">\n\t\t\t\t<div class=\"elementor-widget-container\">\n\t\t\t\t\t\t\t<div class=\"elementor-accordion\">\n\t\t\t\t\t\t\t<div class=\"elementor-accordion-item\">\n\t\t\t\t\t<div id=\"elementor-tab-title-1181\" class=\"elementor-tab-title\" data-tab=\"1\" role=\"button\" aria-controls=\"elementor-tab-content-1181\" aria-expanded=\"false\">\n\t\t\t\t\t\t\t\t\t\t\t\t\t<span class=\"elementor-accordion-icon elementor-accordion-icon-left\" aria-hidden=\"true\">\n\t\t\t\t\t\t\t\t\t\t\t\t\t\t\t<span class=\"elementor-accordion-icon-closed\"><i class=\"fas fa-angle-down\"><\/i><\/span>\n\t\t\t\t\t\t\t\t<span class=\"elementor-accordion-icon-opened\"><i class=\"fas fa-angle-up\"><\/i><\/span>\n\t\t\t\t\t\t\t\t\t\t\t\t\t\t<\/span>\n\t\t\t\t\t\t\t\t\t\t\t\t<a class=\"elementor-accordion-title\" tabindex=\"0\">Credits<\/a>\n\t\t\t\t\t<\/div>\n\t\t\t\t\t<div id=\"elementor-tab-content-1181\" class=\"elementor-tab-content elementor-clearfix\" data-tab=\"1\" role=\"region\" aria-labelledby=\"elementor-tab-title-1181\"><p><strong>Composition:<\/strong> Huihui Cheng, Anna Korsun, Katharina Roth <strong>With:<\/strong> Julia Hagenm\u00fcller (soprano\/performance), Lena Spohn (mezzo-soprano\/performance) <strong>Direction, set, costume, sculpture:<\/strong> Kapitolina Tcvetkova <strong>Text:<\/strong> Kapitolina Tcvetkova, Kassandra Collective <strong>Video, lighting design:<\/strong> Kapitolina Tcvetkova <strong>Production:<\/strong> Cassandra Collective <strong>Electronics, live electronics:<\/strong> Huihui Cheng, Isabella Forciniti <strong>Light &amp; Video: <\/strong>Nicolas Brunelle <strong>Sound:<\/strong> Matthieu Fuentes <strong>Supported by:<\/strong> Cultural Office of the City of Stuttgart, NeustartKultur Music Fund, Impuls Neue Musik, HEAR - Haute \u00e9cole du Arts du Rhin, Bijloke Academy, Fonds Transfabrik 2022, Drac - Aide individuelle \u00e0 la cr\u00e9ation, LOD (Gent), S.K.A.M Stuttgart, Kunstraum 34, Musiktheatertage Vienna<\/p><p>\u00a0<\/p><\/div>\n\t\t\t\t<\/div>\n\t\t\t\t\t\t\t\t<\/div>\n\t\t\t\t\t\t<\/div>\n\t\t\t\t<\/div>\n\t\t\t\t<div class=\"elementor-element elementor-element-f39e281 elementor-widget elementor-widget-spacer\" data-id=\"f39e281\" data-element_type=\"widget\" data-e-type=\"widget\" data-widget_type=\"spacer.default\">\n\t\t\t\t<div class=\"elementor-widget-container\">\n\t\t\t\t\t\t\t<div class=\"elementor-spacer\">\n\t\t\t<div class=\"elementor-spacer-inner\"><\/div>\n\t\t<\/div>\n\t\t\t\t\t\t<\/div>\n\t\t\t\t<\/div>\n\t\t\t\t<div data-dce-text-color=\"#020000\" class=\"elementor-element elementor-element-8001182 gallery-spacing-custom elementor-widget elementor-widget-image-gallery\" data-id=\"8001182\" data-element_type=\"widget\" data-e-type=\"widget\" data-widget_type=\"image-gallery.default\">\n\t\t\t\t<div class=\"elementor-widget-container\">\n\t\t\t\t\t\t\t<div class=\"elementor-image-gallery\">\n\t\t\t<div id='gallery-1' class='gallery galleryid-5999 gallery-columns-2 gallery-size-large'><figure class='gallery-item'>\n\t\t\t<div class='gallery-icon landscape'>\n\t\t\t\t<a data-elementor-open-lightbox=\"yes\" data-elementor-lightbox-slideshow=\"8001182\" data-e-action-hash=\"#elementor-action%3Aaction%3Dlightbox%26settings%3DeyJpZCI6NTcyNSwidXJsIjoiaHR0cHM6XC9cL210dHcuYXRcL3dwLWNvbnRlbnRcL3VwbG9hZHNcL01UVFdfS2Fzc2FuZHJhX0MtTmljay1NYW5nYWZhczEtbWluLXNjYWxlZC5qcGciLCJzbGlkZXNob3ciOiI4MDAxMTgyIn0%3D\" href='https:\/\/mttw.at\/wp-content\/uploads\/MTTW_Kassandra_C-Nick-Mangafas1-min-scaled.jpg'><img fetchpriority=\"high\" decoding=\"async\" width=\"1024\" height=\"684\" src=\"https:\/\/mttw.at\/wp-content\/uploads\/MTTW_Kassandra_C-Nick-Mangafas1-min-1024x684.jpg\" class=\"attachment-large size-large\" alt=\"Cassandra_(c)Nick Mangafas\/Musiktheatertage Wien\" srcset=\"https:\/\/mttw.at\/wp-content\/uploads\/MTTW_Kassandra_C-Nick-Mangafas1-min-1024x684.jpg 1024w, https:\/\/mttw.at\/wp-content\/uploads\/MTTW_Kassandra_C-Nick-Mangafas1-min-500x334.jpg 500w, https:\/\/mttw.at\/wp-content\/uploads\/MTTW_Kassandra_C-Nick-Mangafas1-min-768x513.jpg 768w, https:\/\/mttw.at\/wp-content\/uploads\/MTTW_Kassandra_C-Nick-Mangafas1-min-391x260.jpg 391w, https:\/\/mttw.at\/wp-content\/uploads\/MTTW_Kassandra_C-Nick-Mangafas1-min-1536x1025.jpg 1536w, https:\/\/mttw.at\/wp-content\/uploads\/MTTW_Kassandra_C-Nick-Mangafas1-min-2048x1367.jpg 2048w\" sizes=\"(max-width: 1024px) 100vw, 1024px\" \/><\/a>\n\t\t\t<\/div><\/figure><figure class='gallery-item'>\n\t\t\t<div class='gallery-icon landscape'>\n\t\t\t\t<a data-elementor-open-lightbox=\"yes\" data-elementor-lightbox-slideshow=\"8001182\" data-e-action-hash=\"#elementor-action%3Aaction%3Dlightbox%26settings%3DeyJpZCI6NTcyNiwidXJsIjoiaHR0cHM6XC9cL210dHcuYXRcL3dwLWNvbnRlbnRcL3VwbG9hZHNcL01UVFdfS2Fzc2FuZHJhX0MtTmljay1NYW5nYWZhczEwLW1pbi1zY2FsZWQuanBnIiwic2xpZGVzaG93IjoiODAwMTE4MiJ9\" href='https:\/\/mttw.at\/wp-content\/uploads\/MTTW_Kassandra_C-Nick-Mangafas10-min-scaled.jpg'><img decoding=\"async\" width=\"1024\" height=\"684\" src=\"https:\/\/mttw.at\/wp-content\/uploads\/MTTW_Kassandra_C-Nick-Mangafas10-min-1024x684.jpg\" class=\"attachment-large size-large\" alt=\"Cassandra_(c)Nick Mangafas\/Musiktheatertage Wien\" srcset=\"https:\/\/mttw.at\/wp-content\/uploads\/MTTW_Kassandra_C-Nick-Mangafas10-min-1024x684.jpg 1024w, https:\/\/mttw.at\/wp-content\/uploads\/MTTW_Kassandra_C-Nick-Mangafas10-min-500x334.jpg 500w, https:\/\/mttw.at\/wp-content\/uploads\/MTTW_Kassandra_C-Nick-Mangafas10-min-768x513.jpg 768w, https:\/\/mttw.at\/wp-content\/uploads\/MTTW_Kassandra_C-Nick-Mangafas10-min-391x260.jpg 391w, https:\/\/mttw.at\/wp-content\/uploads\/MTTW_Kassandra_C-Nick-Mangafas10-min-1536x1025.jpg 1536w, https:\/\/mttw.at\/wp-content\/uploads\/MTTW_Kassandra_C-Nick-Mangafas10-min-2048x1367.jpg 2048w\" sizes=\"(max-width: 1024px) 100vw, 1024px\" \/><\/a>\n\t\t\t<\/div><\/figure><figure class='gallery-item'>\n\t\t\t<div class='gallery-icon landscape'>\n\t\t\t\t<a data-elementor-open-lightbox=\"yes\" data-elementor-lightbox-slideshow=\"8001182\" data-e-action-hash=\"#elementor-action%3Aaction%3Dlightbox%26settings%3DeyJpZCI6NTcyNywidXJsIjoiaHR0cHM6XC9cL210dHcuYXRcL3dwLWNvbnRlbnRcL3VwbG9hZHNcL01UVFdfS2Fzc2FuZHJhX0MtTmljay1NYW5nYWZhczExLW1pbi1zY2FsZWQuanBnIiwic2xpZGVzaG93IjoiODAwMTE4MiJ9\" href='https:\/\/mttw.at\/wp-content\/uploads\/MTTW_Kassandra_C-Nick-Mangafas11-min-scaled.jpg'><img decoding=\"async\" width=\"1024\" height=\"684\" src=\"https:\/\/mttw.at\/wp-content\/uploads\/MTTW_Kassandra_C-Nick-Mangafas11-min-1024x684.jpg\" class=\"attachment-large size-large\" alt=\"Cassandra_(c)Nick Mangafas\/Musiktheatertage Wien\" srcset=\"https:\/\/mttw.at\/wp-content\/uploads\/MTTW_Kassandra_C-Nick-Mangafas11-min-1024x684.jpg 1024w, https:\/\/mttw.at\/wp-content\/uploads\/MTTW_Kassandra_C-Nick-Mangafas11-min-500x334.jpg 500w, https:\/\/mttw.at\/wp-content\/uploads\/MTTW_Kassandra_C-Nick-Mangafas11-min-768x513.jpg 768w, https:\/\/mttw.at\/wp-content\/uploads\/MTTW_Kassandra_C-Nick-Mangafas11-min-391x260.jpg 391w, https:\/\/mttw.at\/wp-content\/uploads\/MTTW_Kassandra_C-Nick-Mangafas11-min-1536x1025.jpg 1536w, https:\/\/mttw.at\/wp-content\/uploads\/MTTW_Kassandra_C-Nick-Mangafas11-min-2048x1367.jpg 2048w\" sizes=\"(max-width: 1024px) 100vw, 1024px\" \/><\/a>\n\t\t\t<\/div><\/figure><figure class='gallery-item'>\n\t\t\t<div class='gallery-icon landscape'>\n\t\t\t\t<a data-elementor-open-lightbox=\"yes\" data-elementor-lightbox-slideshow=\"8001182\" data-e-action-hash=\"#elementor-action%3Aaction%3Dlightbox%26settings%3DeyJpZCI6NTcyNCwidXJsIjoiaHR0cHM6XC9cL210dHcuYXRcL3dwLWNvbnRlbnRcL3VwbG9hZHNcL01UVFdfS2Fzc2FuZHJhX0MtTmljay1NYW5nYWZhczUtbWluLXNjYWxlZC5qcGciLCJzbGlkZXNob3ciOiI4MDAxMTgyIn0%3D\" href='https:\/\/mttw.at\/wp-content\/uploads\/MTTW_Kassandra_C-Nick-Mangafas5-min-scaled.jpg'><img loading=\"lazy\" decoding=\"async\" width=\"1024\" height=\"684\" src=\"https:\/\/mttw.at\/wp-content\/uploads\/MTTW_Kassandra_C-Nick-Mangafas5-min-1024x684.jpg\" class=\"attachment-large size-large\" alt=\"Cassandra_(c)Nick Mangafas\/Musiktheatertage Wien\" srcset=\"https:\/\/mttw.at\/wp-content\/uploads\/MTTW_Kassandra_C-Nick-Mangafas5-min-1024x684.jpg 1024w, https:\/\/mttw.at\/wp-content\/uploads\/MTTW_Kassandra_C-Nick-Mangafas5-min-500x334.jpg 500w, https:\/\/mttw.at\/wp-content\/uploads\/MTTW_Kassandra_C-Nick-Mangafas5-min-768x513.jpg 768w, https:\/\/mttw.at\/wp-content\/uploads\/MTTW_Kassandra_C-Nick-Mangafas5-min-391x260.jpg 391w, https:\/\/mttw.at\/wp-content\/uploads\/MTTW_Kassandra_C-Nick-Mangafas5-min-1536x1025.jpg 1536w, https:\/\/mttw.at\/wp-content\/uploads\/MTTW_Kassandra_C-Nick-Mangafas5-min-2048x1367.jpg 2048w\" sizes=\"(max-width: 1024px) 100vw, 1024px\" \/><\/a>\n\t\t\t<\/div><\/figure><figure class='gallery-item'>\n\t\t\t<div class='gallery-icon landscape'>\n\t\t\t\t<a data-elementor-open-lightbox=\"yes\" data-elementor-lightbox-slideshow=\"8001182\" data-e-action-hash=\"#elementor-action%3Aaction%3Dlightbox%26settings%3DeyJpZCI6NTcyMywidXJsIjoiaHR0cHM6XC9cL210dHcuYXRcL3dwLWNvbnRlbnRcL3VwbG9hZHNcL01UVFdfS2Fzc2FuZHJhX0MtTmljay1NYW5nYWZhczQtbWluLXNjYWxlZC1lMTcwNTkzNzM3Mjc1NS5qcGciLCJzbGlkZXNob3ciOiI4MDAxMTgyIn0%3D\" href='https:\/\/mttw.at\/wp-content\/uploads\/MTTW_Kassandra_C-Nick-Mangafas4-min-scaled-e1705937372755.jpg'><img loading=\"lazy\" decoding=\"async\" width=\"1024\" height=\"680\" src=\"https:\/\/mttw.at\/wp-content\/uploads\/MTTW_Kassandra_C-Nick-Mangafas4-min-scaled-e1705937372755-1024x680.jpg\" class=\"attachment-large size-large\" alt=\"Cassandra_(c)Nick Mangafas\/Musiktheatertage Wien\" srcset=\"https:\/\/mttw.at\/wp-content\/uploads\/MTTW_Kassandra_C-Nick-Mangafas4-min-scaled-e1705937372755-1024x680.jpg 1024w, https:\/\/mttw.at\/wp-content\/uploads\/MTTW_Kassandra_C-Nick-Mangafas4-min-scaled-e1705937372755-500x332.jpg 500w, https:\/\/mttw.at\/wp-content\/uploads\/MTTW_Kassandra_C-Nick-Mangafas4-min-scaled-e1705937372755-768x510.jpg 768w, https:\/\/mttw.at\/wp-content\/uploads\/MTTW_Kassandra_C-Nick-Mangafas4-min-scaled-e1705937372755-391x260.jpg 391w, https:\/\/mttw.at\/wp-content\/uploads\/MTTW_Kassandra_C-Nick-Mangafas4-min-scaled-e1705937372755-1536x1019.jpg 1536w, https:\/\/mttw.at\/wp-content\/uploads\/MTTW_Kassandra_C-Nick-Mangafas4-min-scaled-e1705937372755-18x12.jpg 18w, https:\/\/mttw.at\/wp-content\/uploads\/MTTW_Kassandra_C-Nick-Mangafas4-min-scaled-e1705937372755.jpg 2043w\" sizes=\"(max-width: 1024px) 100vw, 1024px\" \/><\/a>\n\t\t\t<\/div><\/figure>\n\t\t<\/div>\n\t\t<\/div>\n\t\t\t\t\t\t<\/div>\n\t\t\t\t<\/div>\n\t\t\t\t<div class=\"elementor-element elementor-element-442ac47 elementor-widget elementor-widget-text-editor\" data-id=\"442ac47\" data-element_type=\"widget\" data-e-type=\"widget\" data-widget_type=\"text-editor.default\">\n\t\t\t\t<div class=\"elementor-widget-container\">\n\t\t\t\t\t\t\t\t\t<p><span style=\"color: #000000;\">Photos: Nick Mangafas<\/span><\/p>\t\t\t\t\t\t\t\t<\/div>\n\t\t\t\t<\/div>\n\t\t\t\t\t<\/div>\n\t\t<\/div>\n\t\t\t\t\t<\/div>\n\t\t<\/section>\n\t\t\t\t<\/div>","protected":false},"excerpt":{"rendered":"<p>kassandra | MTTW 2022 Instagram Facebook-f Youtube Huihui Cheng (CHN), Anna Korsun (UKR), Katharina Roth (DE) | kassandra collective KASSANDRA Eine Performance \u00fcber das Ringen um Resonanz einer tragischen Heldin \u00d6sterreichische Erstauff\u00fchrung Kassandras Warnungen finden weder Geh\u00f6r noch Glauben. Mit ihrer Stimme und ihrem Ringen um Resonanz steht sie im Zentrum der Performance rund um [&hellip;]<\/p>\n","protected":false},"author":2,"featured_media":1793,"parent":9680,"menu_order":0,"comment_status":"closed","ping_status":"closed","template":"elementor_header_footer","meta":{"_acf_changed":false,"_seopress_robots_primary_cat":"","_seopress_titles_title":"%%post_title%% - %%sitetitle%% Contemporary Music Theatre Festival ","_seopress_titles_desc":"\u00d6sterreichs Festivals f\u00fcr neues Musiktheater. Highlights der letzten Jahre: KASSANDRA.\r\n#mttw23 - Save The Date: 13. - 23. September 2023.","_seopress_robots_index":"","_coblocks_attr":"","_coblocks_dimensions":"","_coblocks_responsive_height":"","_coblocks_accordion_ie_support":"","footnotes":""},"class_list":["post-5999","page","type-page","status-publish","has-post-thumbnail","hentry"],"blocksy_meta":{"styles_descriptor":{"styles":{"desktop":"","tablet":"","mobile":""},"google_fonts":[],"version":6}},"acf":[],"_links":{"self":[{"href":"https:\/\/mttw.at\/en\/wp-json\/wp\/v2\/pages\/5999","targetHints":{"allow":["GET"]}}],"collection":[{"href":"https:\/\/mttw.at\/en\/wp-json\/wp\/v2\/pages"}],"about":[{"href":"https:\/\/mttw.at\/en\/wp-json\/wp\/v2\/types\/page"}],"author":[{"embeddable":true,"href":"https:\/\/mttw.at\/en\/wp-json\/wp\/v2\/users\/2"}],"replies":[{"embeddable":true,"href":"https:\/\/mttw.at\/en\/wp-json\/wp\/v2\/comments?post=5999"}],"version-history":[{"count":0,"href":"https:\/\/mttw.at\/en\/wp-json\/wp\/v2\/pages\/5999\/revisions"}],"up":[{"embeddable":true,"href":"https:\/\/mttw.at\/en\/wp-json\/wp\/v2\/pages\/9680"}],"wp:featuredmedia":[{"embeddable":true,"href":"https:\/\/mttw.at\/en\/wp-json\/wp\/v2\/media\/1793"}],"wp:attachment":[{"href":"https:\/\/mttw.at\/en\/wp-json\/wp\/v2\/media?parent=5999"}],"curies":[{"name":"wp","href":"https:\/\/api.w.org\/{rel}","templated":true}]}}