{"id":6030,"date":"2023-03-07T11:05:15","date_gmt":"2023-03-07T10:05:15","guid":{"rendered":"https:\/\/mttw.at\/?page_id=6030"},"modified":"2024-02-12T16:03:26","modified_gmt":"2024-02-12T15:03:26","slug":"ringing-2022","status":"publish","type":"page","link":"https:\/\/mttw.at\/en\/archiv\/ringding-mttw-2022\/","title":{"rendered":"R\u00a1NGD!NG | MTTW 2022"},"content":{"rendered":"<div data-elementor-type=\"wp-page\" data-elementor-id=\"6030\" class=\"elementor elementor-6030\" data-elementor-post-type=\"page\">\n\t\t\t\t\t\t<section data-dce-background-image-url=\"https:\/\/mttw.at\/wp-content\/uploads\/MTTW2022_R\u00a1NGDNG_c-FotoPa\u0301lffy-231-min-scaled.jpg\" class=\"elementor-section elementor-top-section elementor-element elementor-element-821d82c elementor-section-height-min-height elementor-section-items-stretch elementor-section-boxed elementor-section-height-default\" data-id=\"821d82c\" data-element_type=\"section\" data-e-type=\"section\" data-settings=\"{&quot;background_background&quot;:&quot;classic&quot;}\">\n\t\t\t\t\t\t\t<div class=\"elementor-background-overlay\"><\/div>\n\t\t\t\t\t\t\t<div class=\"elementor-container elementor-column-gap-default\">\n\t\t\t\t\t<div class=\"elementor-column elementor-col-100 elementor-top-column elementor-element elementor-element-7016ca46\" data-id=\"7016ca46\" data-element_type=\"column\" data-e-type=\"column\" data-settings=\"{&quot;background_background&quot;:&quot;classic&quot;}\">\n\t\t\t<div class=\"elementor-widget-wrap elementor-element-populated\">\n\t\t\t\t\t<div class=\"elementor-background-overlay\"><\/div>\n\t\t\t\t\t\t<div class=\"elementor-element elementor-element-cbab2f3 animated-slow elementor-widget elementor-widget-heading\" data-id=\"cbab2f3\" data-element_type=\"widget\" data-e-type=\"widget\" data-settings=\"{&quot;_animation&quot;:&quot;none&quot;}\" data-widget_type=\"heading.default\">\n\t\t\t\t<div class=\"elementor-widget-container\">\n\t\t\t\t\t<p class=\"elementor-heading-title elementor-size-small\">R\u00a1NGD!NG | MTTW 2022<\/p>\t\t\t\t<\/div>\n\t\t\t\t<\/div>\n\t\t\t\t<div class=\"elementor-element elementor-element-387349bf elementor-shape-square elementor-grid-1 elementor-widget__width-auto elementor-fixed e-grid-align-center elementor-widget elementor-widget-social-icons\" data-id=\"387349bf\" data-element_type=\"widget\" data-e-type=\"widget\" data-settings=\"{&quot;_position&quot;:&quot;fixed&quot;}\" data-widget_type=\"social-icons.default\">\n\t\t\t\t<div class=\"elementor-widget-container\">\n\t\t\t\t\t\t\t<div class=\"elementor-social-icons-wrapper elementor-grid\" role=\"list\">\n\t\t\t\t\t\t\t<span class=\"elementor-grid-item\" role=\"listitem\">\n\t\t\t\t\t<a class=\"elementor-icon elementor-social-icon elementor-social-icon-instagram elementor-repeater-item-f90d36f\" href=\"https:\/\/www.instagram.com\/musiktheatertage\/?hl=de\" target=\"_blank\">\n\t\t\t\t\t\t<span class=\"elementor-screen-only\">Instagram<\/span>\n\t\t\t\t\t\t<i aria-hidden=\"true\" class=\"fab fa-instagram\"><\/i>\t\t\t\t\t<\/a>\n\t\t\t\t<\/span>\n\t\t\t\t\t\t\t<span class=\"elementor-grid-item\" role=\"listitem\">\n\t\t\t\t\t<a class=\"elementor-icon elementor-social-icon elementor-social-icon-facebook-f elementor-repeater-item-63c08dc\" href=\"https:\/\/www.facebook.com\/Musiktheatertage\/\" target=\"_blank\">\n\t\t\t\t\t\t<span class=\"elementor-screen-only\">Facebook-f<\/span>\n\t\t\t\t\t\t<i aria-hidden=\"true\" class=\"fab fa-facebook-f\"><\/i>\t\t\t\t\t<\/a>\n\t\t\t\t<\/span>\n\t\t\t\t\t\t\t<span class=\"elementor-grid-item\" role=\"listitem\">\n\t\t\t\t\t<a class=\"elementor-icon elementor-social-icon elementor-social-icon-youtube elementor-repeater-item-90b4e82\" href=\"https:\/\/www.youtube.com\/channel\/UCPYNkeStbE-xNzkiFFltepg\" target=\"_blank\">\n\t\t\t\t\t\t<span class=\"elementor-screen-only\">Youtube<\/span>\n\t\t\t\t\t\t<i aria-hidden=\"true\" class=\"fab fa-youtube\"><\/i>\t\t\t\t\t<\/a>\n\t\t\t\t<\/span>\n\t\t\t\t\t<\/div>\n\t\t\t\t\t\t<\/div>\n\t\t\t\t<\/div>\n\t\t\t\t\t<\/div>\n\t\t<\/div>\n\t\t\t\t\t<\/div>\n\t\t<\/section>\n\t\t\t\t<section class=\"elementor-section elementor-top-section elementor-element elementor-element-32dedfb elementor-section-boxed elementor-section-height-default elementor-section-height-default\" data-id=\"32dedfb\" data-element_type=\"section\" data-e-type=\"section\">\n\t\t\t\t\t\t<div class=\"elementor-container elementor-column-gap-default\">\n\t\t\t\t\t<div class=\"elementor-column elementor-col-100 elementor-top-column elementor-element elementor-element-da44888\" data-id=\"da44888\" data-element_type=\"column\" data-e-type=\"column\">\n\t\t\t<div class=\"elementor-widget-wrap elementor-element-populated\">\n\t\t\t\t\t\t<div class=\"elementor-element elementor-element-ed14038 elementor-widget elementor-widget-heading\" data-id=\"ed14038\" data-element_type=\"widget\" data-e-type=\"widget\" data-widget_type=\"heading.default\">\n\t\t\t\t<div class=\"elementor-widget-container\">\n\t\t\t\t\t<h2 class=\"elementor-heading-title elementor-size-default\">Thomas Cornelius Desi, Martina Schmidt (AT)<\/h2>\t\t\t\t<\/div>\n\t\t\t\t<\/div>\n\t\t\t\t<div class=\"elementor-element elementor-element-76f39a5 elementor-widget elementor-widget-heading\" data-id=\"76f39a5\" data-element_type=\"widget\" data-e-type=\"widget\" data-widget_type=\"heading.default\">\n\t\t\t\t<div class=\"elementor-widget-container\">\n\t\t\t\t\t<h1 class=\"elementor-heading-title elementor-size-default\">R\u00a1NGD!NG<\/h1>\t\t\t\t<\/div>\n\t\t\t\t<\/div>\n\t\t\t\t<div class=\"elementor-element elementor-element-b2524fd elementor-widget elementor-widget-heading\" data-id=\"b2524fd\" data-element_type=\"widget\" data-e-type=\"widget\" data-widget_type=\"heading.default\">\n\t\t\t\t<div class=\"elementor-widget-container\">\n\t\t\t\t\t<h3 class=\"elementor-heading-title elementor-size-default\">Accompanying five opera singers to five stations in the city by bicycle<\/h3>\t\t\t\t<\/div>\n\t\t\t\t<\/div>\n\t\t\t\t<div data-dce-text-color=\"#000000\" class=\"elementor-element elementor-element-1068045 elementor-widget elementor-widget-text-editor\" data-id=\"1068045\" data-element_type=\"widget\" data-e-type=\"widget\" data-widget_type=\"text-editor.default\">\n\t\t\t\t<div class=\"elementor-widget-container\">\n\t\t\t\t\t\t\t\t\t<p>Premiere<\/p>\n<p>A production of the MUSIKTHEATERTAGE WIEN<\/p>\t\t\t\t\t\t\t\t<\/div>\n\t\t\t\t<\/div>\n\t\t\t\t<div class=\"elementor-element elementor-element-f3ed16e elementor-widget elementor-widget-spacer\" data-id=\"f3ed16e\" data-element_type=\"widget\" data-e-type=\"widget\" data-widget_type=\"spacer.default\">\n\t\t\t\t<div class=\"elementor-widget-container\">\n\t\t\t\t\t\t\t<div class=\"elementor-spacer\">\n\t\t\t<div class=\"elementor-spacer-inner\"><\/div>\n\t\t<\/div>\n\t\t\t\t\t\t<\/div>\n\t\t\t\t<\/div>\n\t\t\t\t<div data-dce-text-color=\"#000000\" class=\"elementor-element elementor-element-25b85c8 elementor-widget elementor-widget-text-editor\" data-id=\"25b85c8\" data-element_type=\"widget\" data-e-type=\"widget\" data-widget_type=\"text-editor.default\">\n\t\t\t\t<div class=\"elementor-widget-container\">\n\t\t\t\t\t\t\t\t\t<p>In the bicycle opera \"R\u00a1NGD!NG\", the audience and five singers travel by bicycle to places in the city where fragments from operas by Mozart, Puccini, Wagner, Rossini and Strauss are sung unamplified into the urban space. On a web app, the libretto around stories from the bicycle can be listened to simultaneously from interviews with bicycle aficionados.<\/p>\t\t\t\t\t\t\t\t<\/div>\n\t\t\t\t<\/div>\n\t\t\t\t<div class=\"elementor-element elementor-element-199f2b3 elementor-widget elementor-widget-spacer\" data-id=\"199f2b3\" data-element_type=\"widget\" data-e-type=\"widget\" data-widget_type=\"spacer.default\">\n\t\t\t\t<div class=\"elementor-widget-container\">\n\t\t\t\t\t\t\t<div class=\"elementor-spacer\">\n\t\t\t<div class=\"elementor-spacer-inner\"><\/div>\n\t\t<\/div>\n\t\t\t\t\t\t<\/div>\n\t\t\t\t<\/div>\n\t\t\t\t<div class=\"elementor-element elementor-element-70f97dd elementor-widget elementor-widget-accordion\" data-id=\"70f97dd\" data-element_type=\"widget\" data-e-type=\"widget\" data-widget_type=\"accordion.default\">\n\t\t\t\t<div class=\"elementor-widget-container\">\n\t\t\t\t\t\t\t<div class=\"elementor-accordion\">\n\t\t\t\t\t\t\t<div class=\"elementor-accordion-item\">\n\t\t\t\t\t<div id=\"elementor-tab-title-1181\" class=\"elementor-tab-title\" data-tab=\"1\" role=\"button\" aria-controls=\"elementor-tab-content-1181\" aria-expanded=\"false\">\n\t\t\t\t\t\t\t\t\t\t\t\t\t<span class=\"elementor-accordion-icon elementor-accordion-icon-left\" aria-hidden=\"true\">\n\t\t\t\t\t\t\t\t\t\t\t\t\t\t\t<span class=\"elementor-accordion-icon-closed\"><i class=\"fas fa-angle-down\"><\/i><\/span>\n\t\t\t\t\t\t\t\t<span class=\"elementor-accordion-icon-opened\"><i class=\"fas fa-angle-up\"><\/i><\/span>\n\t\t\t\t\t\t\t\t\t\t\t\t\t\t<\/span>\n\t\t\t\t\t\t\t\t\t\t\t\t<a class=\"elementor-accordion-title\" tabindex=\"0\">Credits<\/a>\n\t\t\t\t\t<\/div>\n\t\t\t\t\t<div id=\"elementor-tab-content-1181\" class=\"elementor-tab-content elementor-clearfix\" data-tab=\"1\" role=\"region\" aria-labelledby=\"elementor-tab-title-1181\"><p><strong>Concept, music arrangements, rehearsal:<\/strong> Thomas Cornelius Desi <strong>Interviews:<\/strong> Martina Schmidt <strong>With: <\/strong>Romana Amerling (soprano), Ingrid Haselberger (mezzo-soprano), Clemens K\u00f6lbl (baritone), Bibiana Nwobilo (soprano), Paul Schweinester (tenor), Eszter Holl\u00f3si (speaker), Michael Welz (speaker) <strong>Recording studio:<\/strong> Christoph Amann <strong>Web app: <\/strong>Peter Koger <strong>Inspizienz: <\/strong>Natasha Sulz <strong>Production: <\/strong>Musiktheatertage Wien<\/p>\n<p>\u00a0<\/p><\/div>\n\t\t\t\t<\/div>\n\t\t\t\t\t\t\t\t<\/div>\n\t\t\t\t\t\t<\/div>\n\t\t\t\t<\/div>\n\t\t\t\t<div class=\"elementor-element elementor-element-f39e281 elementor-widget elementor-widget-spacer\" data-id=\"f39e281\" data-element_type=\"widget\" data-e-type=\"widget\" data-widget_type=\"spacer.default\">\n\t\t\t\t<div class=\"elementor-widget-container\">\n\t\t\t\t\t\t\t<div class=\"elementor-spacer\">\n\t\t\t<div class=\"elementor-spacer-inner\"><\/div>\n\t\t<\/div>\n\t\t\t\t\t\t<\/div>\n\t\t\t\t<\/div>\n\t\t\t\t<div data-dce-text-color=\"#020000\" class=\"elementor-element elementor-element-8001182 gallery-spacing-custom elementor-widget elementor-widget-image-gallery\" data-id=\"8001182\" data-element_type=\"widget\" data-e-type=\"widget\" data-widget_type=\"image-gallery.default\">\n\t\t\t\t<div class=\"elementor-widget-container\">\n\t\t\t\t\t\t\t<div class=\"elementor-image-gallery\">\n\t\t\t<div id='gallery-1' class='gallery galleryid-6030 gallery-columns-2 gallery-size-large'><figure class='gallery-item'>\n\t\t\t<div class='gallery-icon landscape'>\n\t\t\t\t<a data-elementor-open-lightbox=\"yes\" data-elementor-lightbox-slideshow=\"8001182\" data-e-action-hash=\"#elementor-action%3Aaction%3Dlightbox%26settings%3DeyJpZCI6NTc3MCwidXJsIjoiaHR0cHM6XC9cL210dHcuYXRcL3dwLWNvbnRlbnRcL3VwbG9hZHNcL01UVFcyMDIyX1JcdTAwYTFOR0ROR19jLUZvdG9QYVx1MDMwMWxmZnktMTItbWluLXNjYWxlZC5qcGciLCJzbGlkZXNob3ciOiI4MDAxMTgyIn0%3D\" href='https:\/\/mttw.at\/wp-content\/uploads\/MTTW2022_R\u00a1NGDNG_c-FotoPa\u0301lffy-12-min-scaled.jpg'><img fetchpriority=\"high\" decoding=\"async\" width=\"1024\" height=\"683\" src=\"https:\/\/mttw.at\/wp-content\/uploads\/MTTW2022_R\u00a1NGDNG_c-FotoPa\u0301lffy-12-min-1024x683.jpg\" class=\"attachment-large size-large\" alt=\"R\u00a1NGD!NG_(c)Barbara P\u00e1lffy\/Musiktheatertage Wien\" srcset=\"https:\/\/mttw.at\/wp-content\/uploads\/MTTW2022_R\u00a1NGDNG_c-FotoPa\u0301lffy-12-min-1024x683.jpg 1024w, https:\/\/mttw.at\/wp-content\/uploads\/MTTW2022_R\u00a1NGDNG_c-FotoPa\u0301lffy-12-min-500x333.jpg 500w, https:\/\/mttw.at\/wp-content\/uploads\/MTTW2022_R\u00a1NGDNG_c-FotoPa\u0301lffy-12-min-768x512.jpg 768w, https:\/\/mttw.at\/wp-content\/uploads\/MTTW2022_R\u00a1NGDNG_c-FotoPa\u0301lffy-12-min-391x260.jpg 391w, https:\/\/mttw.at\/wp-content\/uploads\/MTTW2022_R\u00a1NGDNG_c-FotoPa\u0301lffy-12-min-1536x1024.jpg 1536w, https:\/\/mttw.at\/wp-content\/uploads\/MTTW2022_R\u00a1NGDNG_c-FotoPa\u0301lffy-12-min-2048x1365.jpg 2048w\" sizes=\"(max-width: 1024px) 100vw, 1024px\" \/><\/a>\n\t\t\t<\/div><\/figure><figure class='gallery-item'>\n\t\t\t<div class='gallery-icon landscape'>\n\t\t\t\t<a data-elementor-open-lightbox=\"yes\" data-elementor-lightbox-slideshow=\"8001182\" data-e-action-hash=\"#elementor-action%3Aaction%3Dlightbox%26settings%3DeyJpZCI6NTc3MSwidXJsIjoiaHR0cHM6XC9cL210dHcuYXRcL3dwLWNvbnRlbnRcL3VwbG9hZHNcL01UVFcyMDIyX1JcdTAwYTFOR0ROR19jLUZvdG9QYVx1MDMwMWxmZnktNzUtbWluLXNjYWxlZC5qcGciLCJzbGlkZXNob3ciOiI4MDAxMTgyIn0%3D\" href='https:\/\/mttw.at\/wp-content\/uploads\/MTTW2022_R\u00a1NGDNG_c-FotoPa\u0301lffy-75-min-scaled.jpg'><img decoding=\"async\" width=\"1024\" height=\"683\" src=\"https:\/\/mttw.at\/wp-content\/uploads\/MTTW2022_R\u00a1NGDNG_c-FotoPa\u0301lffy-75-min-1024x683.jpg\" class=\"attachment-large size-large\" alt=\"R\u00a1NGD!NG_(c)Barbara P\u00e1lffy\/Musiktheatertage Wien\" srcset=\"https:\/\/mttw.at\/wp-content\/uploads\/MTTW2022_R\u00a1NGDNG_c-FotoPa\u0301lffy-75-min-1024x683.jpg 1024w, https:\/\/mttw.at\/wp-content\/uploads\/MTTW2022_R\u00a1NGDNG_c-FotoPa\u0301lffy-75-min-500x333.jpg 500w, https:\/\/mttw.at\/wp-content\/uploads\/MTTW2022_R\u00a1NGDNG_c-FotoPa\u0301lffy-75-min-768x512.jpg 768w, https:\/\/mttw.at\/wp-content\/uploads\/MTTW2022_R\u00a1NGDNG_c-FotoPa\u0301lffy-75-min-391x260.jpg 391w, https:\/\/mttw.at\/wp-content\/uploads\/MTTW2022_R\u00a1NGDNG_c-FotoPa\u0301lffy-75-min-1536x1024.jpg 1536w, https:\/\/mttw.at\/wp-content\/uploads\/MTTW2022_R\u00a1NGDNG_c-FotoPa\u0301lffy-75-min-2048x1365.jpg 2048w\" sizes=\"(max-width: 1024px) 100vw, 1024px\" \/><\/a>\n\t\t\t<\/div><\/figure><figure class='gallery-item'>\n\t\t\t<div class='gallery-icon landscape'>\n\t\t\t\t<a data-elementor-open-lightbox=\"yes\" data-elementor-lightbox-slideshow=\"8001182\" data-e-action-hash=\"#elementor-action%3Aaction%3Dlightbox%26settings%3DeyJpZCI6NTc3MiwidXJsIjoiaHR0cHM6XC9cL210dHcuYXRcL3dwLWNvbnRlbnRcL3VwbG9hZHNcL01UVFcyMDIyX1JcdTAwYTFOR0ROR19jLUZvdG9QYVx1MDMwMWxmZnktMTM0LW1pbi1zY2FsZWQuanBnIiwic2xpZGVzaG93IjoiODAwMTE4MiJ9\" href='https:\/\/mttw.at\/wp-content\/uploads\/MTTW2022_R\u00a1NGDNG_c-FotoPa\u0301lffy-134-min-scaled.jpg'><img decoding=\"async\" width=\"1024\" height=\"683\" src=\"https:\/\/mttw.at\/wp-content\/uploads\/MTTW2022_R\u00a1NGDNG_c-FotoPa\u0301lffy-134-min-1024x683.jpg\" class=\"attachment-large size-large\" alt=\"R\u00a1NGD!NG_(c)Barbara P\u00e1lffy\/Musiktheatertage Wien\" srcset=\"https:\/\/mttw.at\/wp-content\/uploads\/MTTW2022_R\u00a1NGDNG_c-FotoPa\u0301lffy-134-min-1024x683.jpg 1024w, https:\/\/mttw.at\/wp-content\/uploads\/MTTW2022_R\u00a1NGDNG_c-FotoPa\u0301lffy-134-min-500x333.jpg 500w, https:\/\/mttw.at\/wp-content\/uploads\/MTTW2022_R\u00a1NGDNG_c-FotoPa\u0301lffy-134-min-768x512.jpg 768w, https:\/\/mttw.at\/wp-content\/uploads\/MTTW2022_R\u00a1NGDNG_c-FotoPa\u0301lffy-134-min-391x260.jpg 391w, https:\/\/mttw.at\/wp-content\/uploads\/MTTW2022_R\u00a1NGDNG_c-FotoPa\u0301lffy-134-min-1536x1024.jpg 1536w, https:\/\/mttw.at\/wp-content\/uploads\/MTTW2022_R\u00a1NGDNG_c-FotoPa\u0301lffy-134-min-2048x1365.jpg 2048w\" sizes=\"(max-width: 1024px) 100vw, 1024px\" \/><\/a>\n\t\t\t<\/div><\/figure><figure class='gallery-item'>\n\t\t\t<div class='gallery-icon landscape'>\n\t\t\t\t<a data-elementor-open-lightbox=\"yes\" data-elementor-lightbox-slideshow=\"8001182\" data-e-action-hash=\"#elementor-action%3Aaction%3Dlightbox%26settings%3DeyJpZCI6NTc3NSwidXJsIjoiaHR0cHM6XC9cL210dHcuYXRcL3dwLWNvbnRlbnRcL3VwbG9hZHNcL01UVFcyMDIyX1JcdTAwYTFOR0ROR19jLUZvdG9QYVx1MDMwMWxmZnktMjA1LW1pbi1zY2FsZWQuanBnIiwic2xpZGVzaG93IjoiODAwMTE4MiJ9\" href='https:\/\/mttw.at\/wp-content\/uploads\/MTTW2022_R\u00a1NGDNG_c-FotoPa\u0301lffy-205-min-scaled.jpg'><img loading=\"lazy\" decoding=\"async\" width=\"1024\" height=\"683\" src=\"https:\/\/mttw.at\/wp-content\/uploads\/MTTW2022_R\u00a1NGDNG_c-FotoPa\u0301lffy-205-min-1024x683.jpg\" class=\"attachment-large size-large\" alt=\"R\u00a1NGD!NG_(c)Barbara P\u00e1lffy\/Musiktheatertage Wien\" srcset=\"https:\/\/mttw.at\/wp-content\/uploads\/MTTW2022_R\u00a1NGDNG_c-FotoPa\u0301lffy-205-min-1024x683.jpg 1024w, https:\/\/mttw.at\/wp-content\/uploads\/MTTW2022_R\u00a1NGDNG_c-FotoPa\u0301lffy-205-min-500x333.jpg 500w, https:\/\/mttw.at\/wp-content\/uploads\/MTTW2022_R\u00a1NGDNG_c-FotoPa\u0301lffy-205-min-768x512.jpg 768w, https:\/\/mttw.at\/wp-content\/uploads\/MTTW2022_R\u00a1NGDNG_c-FotoPa\u0301lffy-205-min-391x260.jpg 391w, https:\/\/mttw.at\/wp-content\/uploads\/MTTW2022_R\u00a1NGDNG_c-FotoPa\u0301lffy-205-min-1536x1024.jpg 1536w, https:\/\/mttw.at\/wp-content\/uploads\/MTTW2022_R\u00a1NGDNG_c-FotoPa\u0301lffy-205-min-2048x1365.jpg 2048w\" sizes=\"(max-width: 1024px) 100vw, 1024px\" \/><\/a>\n\t\t\t<\/div><\/figure><figure class='gallery-item'>\n\t\t\t<div class='gallery-icon landscape'>\n\t\t\t\t<a data-elementor-open-lightbox=\"yes\" data-elementor-lightbox-slideshow=\"8001182\" data-e-action-hash=\"#elementor-action%3Aaction%3Dlightbox%26settings%3DeyJpZCI6NTc3NywidXJsIjoiaHR0cHM6XC9cL210dHcuYXRcL3dwLWNvbnRlbnRcL3VwbG9hZHNcL01UVFcyMDIyX1JcdTAwYTFOR0ROR19jLUZvdG9QYVx1MDMwMWxmZnktMjc2LW1pbi1zY2FsZWQuanBnIiwic2xpZGVzaG93IjoiODAwMTE4MiJ9\" href='https:\/\/mttw.at\/wp-content\/uploads\/MTTW2022_R\u00a1NGDNG_c-FotoPa\u0301lffy-276-min-scaled.jpg'><img loading=\"lazy\" decoding=\"async\" width=\"1024\" height=\"683\" src=\"https:\/\/mttw.at\/wp-content\/uploads\/MTTW2022_R\u00a1NGDNG_c-FotoPa\u0301lffy-276-min-1024x683.jpg\" class=\"attachment-large size-large\" alt=\"R\u00a1NGD!NG_(c)Barbara P\u00e1lffy\/Musiktheatertage Wien\" srcset=\"https:\/\/mttw.at\/wp-content\/uploads\/MTTW2022_R\u00a1NGDNG_c-FotoPa\u0301lffy-276-min-1024x683.jpg 1024w, https:\/\/mttw.at\/wp-content\/uploads\/MTTW2022_R\u00a1NGDNG_c-FotoPa\u0301lffy-276-min-500x333.jpg 500w, https:\/\/mttw.at\/wp-content\/uploads\/MTTW2022_R\u00a1NGDNG_c-FotoPa\u0301lffy-276-min-768x512.jpg 768w, https:\/\/mttw.at\/wp-content\/uploads\/MTTW2022_R\u00a1NGDNG_c-FotoPa\u0301lffy-276-min-391x260.jpg 391w, https:\/\/mttw.at\/wp-content\/uploads\/MTTW2022_R\u00a1NGDNG_c-FotoPa\u0301lffy-276-min-1536x1024.jpg 1536w, https:\/\/mttw.at\/wp-content\/uploads\/MTTW2022_R\u00a1NGDNG_c-FotoPa\u0301lffy-276-min-2048x1365.jpg 2048w\" sizes=\"(max-width: 1024px) 100vw, 1024px\" \/><\/a>\n\t\t\t<\/div><\/figure><figure class='gallery-item'>\n\t\t\t<div class='gallery-icon landscape'>\n\t\t\t\t<a data-elementor-open-lightbox=\"yes\" data-elementor-lightbox-slideshow=\"8001182\" data-e-action-hash=\"#elementor-action%3Aaction%3Dlightbox%26settings%3DeyJpZCI6NTc3NiwidXJsIjoiaHR0cHM6XC9cL210dHcuYXRcL3dwLWNvbnRlbnRcL3VwbG9hZHNcL01UVFcyMDIyX1JcdTAwYTFOR0ROR19jLUZvdG9QYVx1MDMwMWxmZnktMjMxLW1pbi1zY2FsZWQuanBnIiwic2xpZGVzaG93IjoiODAwMTE4MiJ9\" href='https:\/\/mttw.at\/wp-content\/uploads\/MTTW2022_R\u00a1NGDNG_c-FotoPa\u0301lffy-231-min-scaled.jpg'><img loading=\"lazy\" decoding=\"async\" width=\"1024\" height=\"683\" src=\"https:\/\/mttw.at\/wp-content\/uploads\/MTTW2022_R\u00a1NGDNG_c-FotoPa\u0301lffy-231-min-1024x683.jpg\" class=\"attachment-large size-large\" alt=\"R\u00a1NGD!NG_(c)Barbara P\u00e1lffy\/Musiktheatertage Wien\" srcset=\"https:\/\/mttw.at\/wp-content\/uploads\/MTTW2022_R\u00a1NGDNG_c-FotoPa\u0301lffy-231-min-1024x683.jpg 1024w, https:\/\/mttw.at\/wp-content\/uploads\/MTTW2022_R\u00a1NGDNG_c-FotoPa\u0301lffy-231-min-500x333.jpg 500w, https:\/\/mttw.at\/wp-content\/uploads\/MTTW2022_R\u00a1NGDNG_c-FotoPa\u0301lffy-231-min-768x512.jpg 768w, https:\/\/mttw.at\/wp-content\/uploads\/MTTW2022_R\u00a1NGDNG_c-FotoPa\u0301lffy-231-min-391x260.jpg 391w, https:\/\/mttw.at\/wp-content\/uploads\/MTTW2022_R\u00a1NGDNG_c-FotoPa\u0301lffy-231-min-1536x1024.jpg 1536w, https:\/\/mttw.at\/wp-content\/uploads\/MTTW2022_R\u00a1NGDNG_c-FotoPa\u0301lffy-231-min-2048x1365.jpg 2048w\" sizes=\"(max-width: 1024px) 100vw, 1024px\" \/><\/a>\n\t\t\t<\/div><\/figure>\n\t\t<\/div>\n\t\t<\/div>\n\t\t\t\t\t\t<\/div>\n\t\t\t\t<\/div>\n\t\t\t\t<div class=\"elementor-element elementor-element-2991532 elementor-widget elementor-widget-text-editor\" data-id=\"2991532\" data-element_type=\"widget\" data-e-type=\"widget\" data-widget_type=\"text-editor.default\">\n\t\t\t\t<div class=\"elementor-widget-container\">\n\t\t\t\t\t\t\t\t\t<p><span style=\"color: #000000;\">Photos: Barbara P\u00e1lffy<\/span><\/p>\t\t\t\t\t\t\t\t<\/div>\n\t\t\t\t<\/div>\n\t\t\t\t\t<\/div>\n\t\t<\/div>\n\t\t\t\t\t<\/div>\n\t\t<\/section>\n\t\t\t\t<\/div>","protected":false},"excerpt":{"rendered":"<p>R\u00a1NGD!NG | MTTW 2022 Instagram Facebook-f Youtube Thomas Cornelius Desi, Martina Schmidt (AT) R\u00a1NGD!NG Mit dem Fahrrad f\u00fcnf Operns\u00e4nger_innen zu f\u00fcnf Stationen durch die Stadt begleiten Urauff\u00fchrung Eine Produktion der MUSIKTHEATERTAGE WIEN Bei der Fahrrad-Oper \u201eR\u00a1NGD!NG\u201c begeben sich das Publikum und f\u00fcnf S\u00e4nger mit dem Fahrrad zu Orten in der Stadt, an denen Fragmente aus [&hellip;]<\/p>\n","protected":false},"author":2,"featured_media":1793,"parent":9680,"menu_order":0,"comment_status":"closed","ping_status":"closed","template":"elementor_header_footer","meta":{"_acf_changed":false,"_seopress_robots_primary_cat":"","_seopress_titles_title":"%%post_title%% - %%sitetitle%% Contemporary Music Theatre Festival ","_seopress_titles_desc":"\u00d6sterreichs Festivals f\u00fcr neues Musiktheater. Highlights der letzten Jahre: R\u00a1NGD!NG.\r\n#mttw23 - Save The Date: 13. - 23. September 2023.","_seopress_robots_index":"","_coblocks_attr":"","_coblocks_dimensions":"","_coblocks_responsive_height":"","_coblocks_accordion_ie_support":"","footnotes":""},"class_list":["post-6030","page","type-page","status-publish","has-post-thumbnail","hentry"],"blocksy_meta":{"styles_descriptor":{"styles":{"desktop":"","tablet":"","mobile":""},"google_fonts":[],"version":6}},"acf":[],"_links":{"self":[{"href":"https:\/\/mttw.at\/en\/wp-json\/wp\/v2\/pages\/6030","targetHints":{"allow":["GET"]}}],"collection":[{"href":"https:\/\/mttw.at\/en\/wp-json\/wp\/v2\/pages"}],"about":[{"href":"https:\/\/mttw.at\/en\/wp-json\/wp\/v2\/types\/page"}],"author":[{"embeddable":true,"href":"https:\/\/mttw.at\/en\/wp-json\/wp\/v2\/users\/2"}],"replies":[{"embeddable":true,"href":"https:\/\/mttw.at\/en\/wp-json\/wp\/v2\/comments?post=6030"}],"version-history":[{"count":0,"href":"https:\/\/mttw.at\/en\/wp-json\/wp\/v2\/pages\/6030\/revisions"}],"up":[{"embeddable":true,"href":"https:\/\/mttw.at\/en\/wp-json\/wp\/v2\/pages\/9680"}],"wp:featuredmedia":[{"embeddable":true,"href":"https:\/\/mttw.at\/en\/wp-json\/wp\/v2\/media\/1793"}],"wp:attachment":[{"href":"https:\/\/mttw.at\/en\/wp-json\/wp\/v2\/media?parent=6030"}],"curies":[{"name":"wp","href":"https:\/\/api.w.org\/{rel}","templated":true}]}}