{"id":8632,"date":"2025-07-22T11:35:52","date_gmt":"2025-07-22T09:35:52","guid":{"rendered":"https:\/\/mttw.at\/?page_id=8632"},"modified":"2025-07-22T11:36:06","modified_gmt":"2025-07-22T09:36:06","slug":"studio-mttw","status":"publish","type":"page","link":"https:\/\/mttw.at\/en\/studio-mttw\/","title":{"rendered":"Studio MTTW"},"content":{"rendered":"<div data-elementor-type=\"wp-page\" data-elementor-id=\"8632\" class=\"elementor elementor-8632\" data-elementor-post-type=\"page\">\n\t\t\t\t<div data-dce-background-color=\"#000000\" data-dce-background-overlay-color=\"#00000080\" data-dce-background-image-url=\"https:\/\/mttw.at\/wp-content\/uploads\/MTTW-2022-NIK_2075_exact_1200.jpg\" data-dce-background-overlay-image-url=\"https:\/\/mttw.at\/wp-content\/uploads\/Muster-3600-scaled.gif\" class=\"elementor-element elementor-element-2e7efd04 e-con-full e-flex e-con e-parent\" data-id=\"2e7efd04\" data-element_type=\"container\" data-e-type=\"container\" data-settings=\"{&quot;background_background&quot;:&quot;classic&quot;}\">\n\t\t<div class=\"elementor-element elementor-element-26b6dcf0 e-flex e-con-boxed e-con e-child\" data-id=\"26b6dcf0\" data-element_type=\"container\" data-e-type=\"container\" data-settings=\"{&quot;background_background&quot;:&quot;classic&quot;}\">\n\t\t\t\t\t<div class=\"e-con-inner\">\n\t\t\t\t<div class=\"elementor-element elementor-element-45d36dc2 animated-slow elementor-widget elementor-widget-heading\" data-id=\"45d36dc2\" data-element_type=\"widget\" data-e-type=\"widget\" data-settings=\"{&quot;_animation&quot;:&quot;none&quot;}\" data-widget_type=\"heading.default\">\n\t\t\t\t<div class=\"elementor-widget-container\">\n\t\t\t\t\t<h1 class=\"elementor-heading-title elementor-size-small\">Studio MTTW<\/h1>\t\t\t\t<\/div>\n\t\t\t\t<\/div>\n\t\t\t\t<div class=\"elementor-element elementor-element-4eac4a7e elementor-widget elementor-widget-spacer\" data-id=\"4eac4a7e\" data-element_type=\"widget\" data-e-type=\"widget\" data-widget_type=\"spacer.default\">\n\t\t\t\t<div class=\"elementor-widget-container\">\n\t\t\t\t\t\t\t<div class=\"elementor-spacer\">\n\t\t\t<div class=\"elementor-spacer-inner\"><\/div>\n\t\t<\/div>\n\t\t\t\t\t\t<\/div>\n\t\t\t\t<\/div>\n\t\t\t\t<div class=\"elementor-element elementor-element-760d2348 elementor-shape-square elementor-grid-1 elementor-widget__width-auto elementor-fixed e-grid-align-center elementor-widget elementor-widget-social-icons\" data-id=\"760d2348\" data-element_type=\"widget\" data-e-type=\"widget\" data-settings=\"{&quot;_position&quot;:&quot;fixed&quot;}\" data-widget_type=\"social-icons.default\">\n\t\t\t\t<div class=\"elementor-widget-container\">\n\t\t\t\t\t\t\t<div class=\"elementor-social-icons-wrapper elementor-grid\" role=\"list\">\n\t\t\t\t\t\t\t<span class=\"elementor-grid-item\" role=\"listitem\">\n\t\t\t\t\t<a class=\"elementor-icon elementor-social-icon elementor-social-icon-instagram elementor-repeater-item-f90d36f\" href=\"https:\/\/www.instagram.com\/musiktheatertage\/?hl=de\" target=\"_blank\">\n\t\t\t\t\t\t<span class=\"elementor-screen-only\">Instagram<\/span>\n\t\t\t\t\t\t<i aria-hidden=\"true\" class=\"fab fa-instagram\"><\/i>\t\t\t\t\t<\/a>\n\t\t\t\t<\/span>\n\t\t\t\t\t\t\t<span class=\"elementor-grid-item\" role=\"listitem\">\n\t\t\t\t\t<a class=\"elementor-icon elementor-social-icon elementor-social-icon-facebook-f elementor-repeater-item-63c08dc\" href=\"https:\/\/www.facebook.com\/Musiktheatertage\/\" target=\"_blank\">\n\t\t\t\t\t\t<span class=\"elementor-screen-only\">Facebook-f<\/span>\n\t\t\t\t\t\t<i aria-hidden=\"true\" class=\"fab fa-facebook-f\"><\/i>\t\t\t\t\t<\/a>\n\t\t\t\t<\/span>\n\t\t\t\t\t\t\t<span class=\"elementor-grid-item\" role=\"listitem\">\n\t\t\t\t\t<a class=\"elementor-icon elementor-social-icon elementor-social-icon-youtube elementor-repeater-item-90b4e82\" href=\"https:\/\/www.youtube.com\/channel\/UCPYNkeStbE-xNzkiFFltepg\" target=\"_blank\">\n\t\t\t\t\t\t<span class=\"elementor-screen-only\">Youtube<\/span>\n\t\t\t\t\t\t<i aria-hidden=\"true\" class=\"fab fa-youtube\"><\/i>\t\t\t\t\t<\/a>\n\t\t\t\t<\/span>\n\t\t\t\t\t<\/div>\n\t\t\t\t\t\t<\/div>\n\t\t\t\t<\/div>\n\t\t\t\t\t<\/div>\n\t\t\t\t<\/div>\n\t\t\t\t<\/div>\n\t\t\t\t<section class=\"elementor-section elementor-top-section elementor-element elementor-element-32dedfb elementor-section-boxed elementor-section-height-default elementor-section-height-default\" data-id=\"32dedfb\" data-element_type=\"section\" data-e-type=\"section\">\n\t\t\t\t\t\t<div class=\"elementor-container elementor-column-gap-default\">\n\t\t\t\t\t<div class=\"elementor-column elementor-col-100 elementor-top-column elementor-element elementor-element-da44888\" data-id=\"da44888\" data-element_type=\"column\" data-e-type=\"column\">\n\t\t\t<div class=\"elementor-widget-wrap elementor-element-populated\">\n\t\t\t\t\t\t<div class=\"elementor-element elementor-element-25b85c8 elementor-widget elementor-widget-text-editor\" data-id=\"25b85c8\" data-element_type=\"widget\" data-e-type=\"widget\" data-widget_type=\"text-editor.default\">\n\t\t\t\t<div class=\"elementor-widget-container\">\n\t\t\t\t\t\t\t\t\t<p>The project space in the WUK will become an open meeting space for newcomers on two days of the festival! <br \/>Are you new to Vienna or studying? This format is aimed at young students, especially from the fields of theatre, music, cultural and media studies. In two themed lectures, we provide insights into the work of contemporary music theatre in Vienna and support you in taking your first steps into the Viennese music theatre scene! <\/p><p>Become part of our MTTW community! <br \/>You can simply drop by to network and get to know people.<b> <\/b>If you are interested in our counselling sessions or would like to come as a group, please register in advance.<span class=\"Apple-converted-space\">\u00a0<\/span><\/p>\t\t\t\t\t\t\t\t<\/div>\n\t\t\t\t<\/div>\n\t\t\t\t<div class=\"elementor-element elementor-element-6f7ab76 elementor-tabs-view-horizontal elementor-widget elementor-widget-tabs\" data-id=\"6f7ab76\" data-element_type=\"widget\" data-e-type=\"widget\" data-widget_type=\"tabs.default\">\n\t\t\t\t<div class=\"elementor-widget-container\">\n\t\t\t\t\t\t\t<div class=\"elementor-tabs\">\n\t\t\t<div class=\"elementor-tabs-wrapper\" role=\"tablist\" >\n\t\t\t\t\t\t\t\t\t<div id=\"elementor-tab-title-1161\" class=\"elementor-tab-title elementor-tab-desktop-title\" aria-selected=\"true\" data-tab=\"1\" role=\"tab\" tabindex=\"0\" aria-controls=\"elementor-tab-content-1161\" aria-expanded=\"false\">2025<\/div>\n\t\t\t\t\t\t\t\t\t<div id=\"elementor-tab-title-1162\" class=\"elementor-tab-title elementor-tab-desktop-title\" aria-selected=\"false\" data-tab=\"2\" role=\"tab\" tabindex=\"-1\" aria-controls=\"elementor-tab-content-1162\" aria-expanded=\"false\">2024<\/div>\n\t\t\t\t\t\t\t\t\t<div id=\"elementor-tab-title-1163\" class=\"elementor-tab-title elementor-tab-desktop-title\" aria-selected=\"false\" data-tab=\"3\" role=\"tab\" tabindex=\"-1\" aria-controls=\"elementor-tab-content-1163\" aria-expanded=\"false\">2023<\/div>\n\t\t\t\t\t\t\t<\/div>\n\t\t\t<div class=\"elementor-tabs-content-wrapper\" role=\"tablist\" aria-orientation=\"vertical\">\n\t\t\t\t\t\t\t\t\t<div class=\"elementor-tab-title elementor-tab-mobile-title\" aria-selected=\"true\" data-tab=\"1\" role=\"tab\" tabindex=\"0\" aria-controls=\"elementor-tab-content-1161\" aria-expanded=\"false\">2025<\/div>\n\t\t\t\t\t<div id=\"elementor-tab-content-1161\" class=\"elementor-tab-content elementor-clearfix\" data-tab=\"1\" role=\"tabpanel\" aria-labelledby=\"elementor-tab-title-1161\" tabindex=\"0\" hidden=\"false\"><p><b>Lecture 1<br \/><\/b>The Viennese music theatre scene - an overview with Georg Steker<br \/>Thu, 25.09. 16.00 h<span class=\"Apple-converted-space\">\u00a0 <br \/><\/span>Location: Project room at WUK<\/p><p><b>Lecture 2<br \/><\/b>How music theatre is created today - composition &amp; piece development with Thomas Desi <br \/>Fri, 26.09 : 16.00 h<br \/>Location: Project room at WUK<\/p><p>Registration &amp; Info: <a href=\"mailto:info@mttw.at\">info@mttw.at<\/a>\u00a0<\/p><\/div>\n\t\t\t\t\t\t\t\t\t<div class=\"elementor-tab-title elementor-tab-mobile-title\" aria-selected=\"false\" data-tab=\"2\" role=\"tab\" tabindex=\"-1\" aria-controls=\"elementor-tab-content-1162\" aria-expanded=\"false\">2024<\/div>\n\t\t\t\t\t<div id=\"elementor-tab-content-1162\" class=\"elementor-tab-content elementor-clearfix\" data-tab=\"2\" role=\"tabpanel\" aria-labelledby=\"elementor-tab-title-1162\" tabindex=\"0\" hidden=\"hidden\"><p><strong>\"What's next?\" Residency Showings<\/strong>\u00a0take place within the framework of the <strong><a href=\"https:\/\/mttw.at\/en\/creators-connection-program-2\/\" target=\"_blank\" rel=\"noopener\"><span style=\"text-decoration: underline;\">AMD 2024<\/span> <\/a><\/strong>instead.<\/p><p>\ud83d\udcc5 Friday, 27 September, 3:00 - 5:30 pm<br \/>\ud83d\udccdStudio 1, Impulstanz-Studios, Rennweg 79-81, 1030 Vienna<\/p><p><span style=\"font-weight: 400;\">The<strong> both music theatre collectives selected in 2024<\/strong> develop their current projects on the subject of sustainability and ecology for premieres in 2025 (Plankton in Zurich, <\/span>Turtle in Salzburg)<\/p><p><strong><i>Plankton<\/i><\/strong><br \/><span style=\"font-weight: 400;\">direction and music: L\u00e9o Collin\u00a0<br \/><\/span><span style=\"font-weight: 400;\">Concept, direction and stage design: Kapitolina Tsvetkova\u00a0<br \/><\/span><\/p><p><span style=\"font-weight: 400;\">This music theatre performance explores the relationship between humans and nature, isolation and globalisation as well as the real and the imaginary. The starting point is anthropological studies by Nastassja Martin and Charles Stepanoff and behavioral patterns of plankton that produce bioluminescent light to protect themselves from predators.<\/span><\/p><p><b><span style=\"text-decoration: underline;\"><a href=\"https:\/\/oblivia.fi\/\">Oblivia<\/a><\/span> - <\/b><strong><i>Turn Turtle Turn 2 - the reality bang<\/i><\/strong><\/p><p><span style=\"font-weight: 400;\">Concept, devising, dramaturgy, texts: Oblivia<br \/><\/span><span style=\"font-weight: 400;\">On stage, performance, voice and song: Timo Fredriksson (FI), Anna-Maija Ter\u00e4v\u00e4 <\/span><span style=\"font-weight: 400;\">(D), Annika Tudeer (FI), Juha Valkeap\u00e4\u00e4 (FI). Percussion: Nagisa Shibata (JP\/F))<br \/><\/span><span style=\"font-weight: 400;\">Composer, live electronic: Yiran Zhao (CN\/DE)<br \/><\/span><span style=\"font-weight: 400;\">Outside eye: Alice Ferl (DE)<br \/><\/span><span style=\"font-weight: 400;\">Light design, video design: Meri Ekola (B)<br \/><\/span><span style=\"font-weight: 400;\">Costume design: Tua Helve (FI)<br \/><\/span><span style=\"font-weight: 400;\">Production: Oblivia \/ Jenny Nordlund. Communication: Nassrah Denif (D)<\/span><\/p><p><span style=\"font-weight: 400;\">In Turn Turtle Turn 2 - the reality bang, we look at the emotional landscapes behind today's precarious situation of climate <\/span><span style=\"font-weight: 400;\">change and political backlash. Focus is on emotions like loss, nostalgia, and catastrophe <\/span><span style=\"font-weight: 400;\">euphoria. Oblivia thinks that these emotions are crucial to understand in order for change <\/span><span style=\"font-weight: 400;\">for the better to happen. The performance explores with humour and lightness the effects of <\/span><span style=\"font-weight: 400;\">a change of the Anthropocene worldview that is based on the human perspective and looks <\/span><span style=\"font-weight: 400;\">at how it could be dissolved and reinterpreted.<\/span><\/p><p><strong>More info &amp; photos:\u00a0<\/strong><a href=\"https:\/\/mttw.at\/wp-content\/uploads\/Videopraesentation-.pdf\">WHAT'S NEXT RESIDENCIES <\/a><\/p><\/div>\n\t\t\t\t\t\t\t\t\t<div class=\"elementor-tab-title elementor-tab-mobile-title\" aria-selected=\"false\" data-tab=\"3\" role=\"tab\" tabindex=\"-1\" aria-controls=\"elementor-tab-content-1163\" aria-expanded=\"false\">2023<\/div>\n\t\t\t\t\t<div id=\"elementor-tab-content-1163\" class=\"elementor-tab-content elementor-clearfix\" data-tab=\"3\" role=\"tabpanel\" aria-labelledby=\"elementor-tab-title-1163\" tabindex=\"0\" hidden=\"hidden\"><p><strong>2 residencies in June<\/strong><\/p><p><a href=\"https:\/\/www.hauen-und-stechen.com\/\" target=\"_blank\" rel=\"noopener\">HAUEN &amp; STECHEN (DE)\u00a0<\/a><\/p><p>Angela Braun (performance), Charlotta Hench (design), Gina-Lisa Maiwald (acting), Julia Lwowski<br \/>(direction), Max Murray (tuba &amp; composition), Roman Lemberg (piano &amp; music direction)<\/p><p><a href=\"https:\/\/www.lydport.dk\/\" target=\"_blank\" rel=\"noopener\">LYD PORT (DK)<\/a><\/p><p>Morten Schmidt, Mai Siedentopp<\/p><p><strong>Residency period: <\/strong>12 - 19 June 2023 in Vienna, Austria<\/p><p><strong>More info &amp; photos:<\/strong> <a href=\"https:\/\/mttw.at\/wp-content\/uploads\/Videopraesentation-.pdf\">WHAT'S NEXT RESIDENCIES <\/a><\/p><\/div>\n\t\t\t\t\t\t\t<\/div>\n\t\t<\/div>\n\t\t\t\t\t\t<\/div>\n\t\t\t\t<\/div>\n\t\t\t\t<section class=\"elementor-section elementor-inner-section elementor-element elementor-element-01d6390 elementor-section-boxed elementor-section-height-default elementor-section-height-default\" data-id=\"01d6390\" data-element_type=\"section\" data-e-type=\"section\">\n\t\t\t\t\t\t<div class=\"elementor-container elementor-column-gap-default\">\n\t\t\t\t\t<div class=\"elementor-column elementor-col-14 elementor-inner-column elementor-element elementor-element-7d133d6\" data-id=\"7d133d6\" data-element_type=\"column\" data-e-type=\"column\">\n\t\t\t<div class=\"elementor-widget-wrap\">\n\t\t\t\t\t\t\t<\/div>\n\t\t<\/div>\n\t\t\t\t<div class=\"elementor-column elementor-col-14 elementor-inner-column elementor-element elementor-element-a5845fa\" data-id=\"a5845fa\" data-element_type=\"column\" data-e-type=\"column\">\n\t\t\t<div class=\"elementor-widget-wrap\">\n\t\t\t\t\t\t\t<\/div>\n\t\t<\/div>\n\t\t\t\t<div class=\"elementor-column elementor-col-14 elementor-inner-column elementor-element elementor-element-e9d9a76\" data-id=\"e9d9a76\" data-element_type=\"column\" data-e-type=\"column\">\n\t\t\t<div class=\"elementor-widget-wrap\">\n\t\t\t\t\t\t\t<\/div>\n\t\t<\/div>\n\t\t\t\t<div class=\"elementor-column elementor-col-14 elementor-inner-column elementor-element elementor-element-99354c3\" data-id=\"99354c3\" data-element_type=\"column\" data-e-type=\"column\">\n\t\t\t<div class=\"elementor-widget-wrap\">\n\t\t\t\t\t\t\t<\/div>\n\t\t<\/div>\n\t\t\t\t<div class=\"elementor-column elementor-col-14 elementor-inner-column elementor-element elementor-element-c32329b\" data-id=\"c32329b\" data-element_type=\"column\" data-e-type=\"column\">\n\t\t\t<div class=\"elementor-widget-wrap\">\n\t\t\t\t\t\t\t<\/div>\n\t\t<\/div>\n\t\t\t\t<div class=\"elementor-column elementor-col-14 elementor-inner-column elementor-element elementor-element-990b8eb\" data-id=\"990b8eb\" data-element_type=\"column\" data-e-type=\"column\">\n\t\t\t<div class=\"elementor-widget-wrap\">\n\t\t\t\t\t\t\t<\/div>\n\t\t<\/div>\n\t\t\t\t<div class=\"elementor-column elementor-col-14 elementor-inner-column elementor-element elementor-element-40eeb45\" data-id=\"40eeb45\" data-element_type=\"column\" data-e-type=\"column\">\n\t\t\t<div class=\"elementor-widget-wrap\">\n\t\t\t\t\t\t\t<\/div>\n\t\t<\/div>\n\t\t\t\t\t<\/div>\n\t\t<\/section>\n\t\t\t\t\t<\/div>\n\t\t<\/div>\n\t\t\t\t\t<\/div>\n\t\t<\/section>\n\t\t\t\t<\/div>","protected":false},"excerpt":{"rendered":"<p>The project space at the WUK will become an open meeting place for newcomers on two festival days! Are you new to Vienna or studying? This format is aimed at young students, especially from the fields of theatre, music, cultural and media studies.<\/p>\n<p>In two themed lectures, we provide insights into the work of contemporary music theatre in Vienna and support you in taking your first steps into the Viennese music theatre scene!<\/p>","protected":false},"author":2,"featured_media":8651,"parent":0,"menu_order":0,"comment_status":"closed","ping_status":"closed","template":"","meta":{"_acf_changed":false,"_seopress_robots_primary_cat":"","_seopress_titles_title":"%%post_title%% | %%sitetitle%%","_seopress_titles_desc":"\u00bbWhat\u2019s next?\u00ab ist ein Joint venture, um in den beteiligten europ\u00e4ischen L\u00e4ndern tempor\u00e4re Arbeitsr\u00e4ume f\u00fcr K\u00fcnstler\u2022innen zu schaffen.","_seopress_robots_index":"","_coblocks_attr":"","_coblocks_dimensions":"","_coblocks_responsive_height":"","_coblocks_accordion_ie_support":"","footnotes":""},"class_list":["post-8632","page","type-page","status-publish","has-post-thumbnail","hentry"],"blocksy_meta":{"styles_descriptor":{"styles":{"desktop":"","tablet":"","mobile":""},"google_fonts":[],"version":6}},"acf":[],"_links":{"self":[{"href":"https:\/\/mttw.at\/en\/wp-json\/wp\/v2\/pages\/8632","targetHints":{"allow":["GET"]}}],"collection":[{"href":"https:\/\/mttw.at\/en\/wp-json\/wp\/v2\/pages"}],"about":[{"href":"https:\/\/mttw.at\/en\/wp-json\/wp\/v2\/types\/page"}],"author":[{"embeddable":true,"href":"https:\/\/mttw.at\/en\/wp-json\/wp\/v2\/users\/2"}],"replies":[{"embeddable":true,"href":"https:\/\/mttw.at\/en\/wp-json\/wp\/v2\/comments?post=8632"}],"version-history":[{"count":0,"href":"https:\/\/mttw.at\/en\/wp-json\/wp\/v2\/pages\/8632\/revisions"}],"wp:featuredmedia":[{"embeddable":true,"href":"https:\/\/mttw.at\/en\/wp-json\/wp\/v2\/media\/8651"}],"wp:attachment":[{"href":"https:\/\/mttw.at\/en\/wp-json\/wp\/v2\/media?parent=8632"}],"curies":[{"name":"wp","href":"https:\/\/api.w.org\/{rel}","templated":true}]}}